{"id":25391,"date":"2023-04-13T16:19:42","date_gmt":"2023-04-13T14:19:42","guid":{"rendered":"https:\/\/www.arty-nails.org\/web_shop\/?post_type=product&#038;p=25391"},"modified":"2026-02-02T10:18:34","modified_gmt":"2026-02-02T09:18:34","slug":"nastavak-tc-cutter-500-104-274-176-060n-1434","status":"publish","type":"product","link":"https:\/\/www.arty-nails.org\/web_shop\/proizvod\/nastavak-tc-cutter-500-104-274-176-060n-1434\/","title":{"rendered":"NASTAVAK TC CUTTER 500 104 274 176 060N &#8211; 1434"},"content":{"rendered":"<ul>\n<li><span>Obrada zadebljalih noktiju<\/span><\/li>\n<li><span>Uklanjanje ro\u017enice<\/span><\/li>\n<li><span>Dug \u017eivotni vijek<\/span><\/li>\n<li><span>Nema razvoja topline<\/span><\/li>\n<li><span>Vrlo gladak rad<\/span><\/li>\n<\/ul>\n<div><span>Uklanjanje \u017euljeva i zadebljalih noktiju, posebno za po\u010detnike. Made in Germay<\/span><\/div>\n<div><\/div>\n<div><span>Broj okretaja: maksimalno 30.000 o\/min<\/span><\/div>\n<div><span>(preporu\u010dena brzina 40-50% od maks. brzine)<\/span><\/div>\n","protected":false},"excerpt":{"rendered":"<p>Obrada zadebljalih noktiju Uklanjanje ro\u017enice Dug \u017eivotni vijek Nema razvoja topline Vrlo gladak rad Uklanjanje \u017euljeva i zadebljalih noktiju, posebno za po\u010detnike. Made in Germay Broj okretaja: maksimalno 30.000 o\/min (preporu\u010dena brzina 40-50% od maks. brzine)<\/p>\n","protected":false},"featured_media":25392,"comment_status":"open","ping_status":"closed","template":"","meta":[],"product_brand":[],"product_cat":[264],"product_tag":[],"class_list":{"0":"post-25391","1":"product","2":"type-product","3":"status-publish","4":"has-post-thumbnail","6":"product_cat-karbidni-nastavci","8":"first","9":"instock","10":"shipping-taxable","11":"purchasable","12":"product-type-simple"},"_links":{"self":[{"href":"https:\/\/www.arty-nails.org\/web_shop\/wp-json\/wp\/v2\/product\/25391","targetHints":{"allow":["GET"]}}],"collection":[{"href":"https:\/\/www.arty-nails.org\/web_shop\/wp-json\/wp\/v2\/product"}],"about":[{"href":"https:\/\/www.arty-nails.org\/web_shop\/wp-json\/wp\/v2\/types\/product"}],"replies":[{"embeddable":true,"href":"https:\/\/www.arty-nails.org\/web_shop\/wp-json\/wp\/v2\/comments?post=25391"}],"wp:featuredmedia":[{"embeddable":true,"href":"https:\/\/www.arty-nails.org\/web_shop\/wp-json\/wp\/v2\/media\/25392"}],"wp:attachment":[{"href":"https:\/\/www.arty-nails.org\/web_shop\/wp-json\/wp\/v2\/media?parent=25391"}],"wp:term":[{"taxonomy":"product_brand","embeddable":true,"href":"https:\/\/www.arty-nails.org\/web_shop\/wp-json\/wp\/v2\/product_brand?post=25391"},{"taxonomy":"product_cat","embeddable":true,"href":"https:\/\/www.arty-nails.org\/web_shop\/wp-json\/wp\/v2\/product_cat?post=25391"},{"taxonomy":"product_tag","embeddable":true,"href":"https:\/\/www.arty-nails.org\/web_shop\/wp-json\/wp\/v2\/product_tag?post=25391"}],"curies":[{"name":"wp","href":"https:\/\/api.w.org\/{rel}","templated":true}]}}