{"id":25395,"date":"2023-04-13T16:24:55","date_gmt":"2023-04-13T14:24:55","guid":{"rendered":"https:\/\/www.arty-nails.org\/web_shop\/?post_type=product&#038;p=25395"},"modified":"2026-02-02T10:18:34","modified_gmt":"2026-02-02T09:18:34","slug":"nastavak-tc-cutter-blue-530-104-274-190-060n-1435","status":"publish","type":"product","link":"https:\/\/www.arty-nails.org\/web_shop\/proizvod\/nastavak-tc-cutter-blue-530-104-274-190-060n-1435\/","title":{"rendered":"NASTAVAK TC CUTTER Blue 530 104 274 190 060N &#8211; 1435"},"content":{"rendered":"<ul>\n<li><span>Ure\u0111ivanje\/oblikovanje gljivi\u010dnih noktiju<\/span><\/li>\n<li><span>Ciljano konturiranje<\/span><\/li>\n<li><span>Uklanjanje ro\u017enice<\/span><\/li>\n<li><span>glatke povr\u0161ine<\/span><\/li>\n<li><span>Dug \u017eivotni vijek<\/span><\/li>\n<li><span>Nema razvoja topline<\/span><\/li>\n<li><span>Vrlo gladak rad<\/span><\/li>\n<li>za skidanje gela i trajnog laka<\/li>\n<\/ul>\n<p>&nbsp;<\/p>\n<div><span>U podijatriji i njezi stopala, HM svrdlo je apsolutni &#8220;must have&#8221; za rad ravno na plo\u010dama nokta, posebno s\u00a0<\/span><b><span>gljivi\u010dnim noktima<\/span><\/b><span>\u00a0.<\/span><\/div>\n<div><b><span>Posebna zna\u010dajka ac-blue:<\/span><\/b><span>\u00a0Vrlo visoka otpornost, lak\u0161e \u010di\u0161\u0107enje, dulji radni vijek i bez razvoja topline<\/span><\/div>\n<div><\/div>\n<div><span>Brzina: maks. 30.000 okretaja u minuti<\/span><br \/>\n<span>(preporu\u010dena brzina 40-50% od maks. brzine)<\/span><\/div>\n","protected":false},"excerpt":{"rendered":"<p>Ure\u0111ivanje\/oblikovanje gljivi\u010dnih noktiju Ciljano konturiranje Uklanjanje ro\u017enice glatke povr\u0161ine Dug \u017eivotni vijek Nema razvoja topline Vrlo gladak rad za skidanje gela i trajnog laka &nbsp; U podijatriji i njezi stopala, HM svrdlo je apsolutni &#8220;must have&#8221; za rad ravno na plo\u010dama nokta, posebno s\u00a0gljivi\u010dnim noktima\u00a0. Posebna zna\u010dajka ac-blue:\u00a0Vrlo visoka otpornost, lak\u0161e \u010di\u0161\u0107enje, dulji radni vijek [&hellip;]<\/p>\n","protected":false},"featured_media":25397,"comment_status":"open","ping_status":"closed","template":"","meta":[],"product_brand":[],"product_cat":[264],"product_tag":[],"class_list":{"0":"post-25395","1":"product","2":"type-product","3":"status-publish","4":"has-post-thumbnail","6":"product_cat-karbidni-nastavci","8":"first","9":"instock","10":"shipping-taxable","11":"purchasable","12":"product-type-simple"},"_links":{"self":[{"href":"https:\/\/www.arty-nails.org\/web_shop\/wp-json\/wp\/v2\/product\/25395","targetHints":{"allow":["GET"]}}],"collection":[{"href":"https:\/\/www.arty-nails.org\/web_shop\/wp-json\/wp\/v2\/product"}],"about":[{"href":"https:\/\/www.arty-nails.org\/web_shop\/wp-json\/wp\/v2\/types\/product"}],"replies":[{"embeddable":true,"href":"https:\/\/www.arty-nails.org\/web_shop\/wp-json\/wp\/v2\/comments?post=25395"}],"wp:featuredmedia":[{"embeddable":true,"href":"https:\/\/www.arty-nails.org\/web_shop\/wp-json\/wp\/v2\/media\/25397"}],"wp:attachment":[{"href":"https:\/\/www.arty-nails.org\/web_shop\/wp-json\/wp\/v2\/media?parent=25395"}],"wp:term":[{"taxonomy":"product_brand","embeddable":true,"href":"https:\/\/www.arty-nails.org\/web_shop\/wp-json\/wp\/v2\/product_brand?post=25395"},{"taxonomy":"product_cat","embeddable":true,"href":"https:\/\/www.arty-nails.org\/web_shop\/wp-json\/wp\/v2\/product_cat?post=25395"},{"taxonomy":"product_tag","embeddable":true,"href":"https:\/\/www.arty-nails.org\/web_shop\/wp-json\/wp\/v2\/product_tag?post=25395"}],"curies":[{"name":"wp","href":"https:\/\/api.w.org\/{rel}","templated":true}]}}