{"id":25574,"date":"2022-10-30T15:14:52","date_gmt":"2022-10-30T14:14:52","guid":{"rendered":"https:\/\/www.arty-nails.org\/web_shop\/?post_type=product&#038;p=25574"},"modified":"2026-02-02T10:04:39","modified_gmt":"2026-02-02T09:04:39","slug":"arty-nails-liner-skinny-6-mm","status":"publish","type":"product","link":"https:\/\/www.arty-nails.org\/web_shop\/proizvod\/arty-nails-liner-skinny-6-mm\/","title":{"rendered":"ARTY NAILS  LINER SKINNY 6 mm"},"content":{"rendered":"<p>Skinny Liner osobite kvalitete izra\u0111en od najfinije kolinsky dlake za nail art, micro crtanje te rusku manikuru tj. podvla\u010denje boje pod zanokticu.<\/p>\n<p>Kistove preporu\u010damo \u010distiti s teku\u010dinom za \u010di\u0161\u0107enje kistova koju tako\u0111er mo\u017eete prona\u0107i u na\u0161oj web trgovini.<\/p>\n<p>Ima metalnu ru\u010dku s poklopcem na kojem je ugravirana veli\u010dina kista.<\/p>\n","protected":false},"excerpt":{"rendered":"<p>Skinny Liner osobite kvalitete izra\u0111en od najfinije kolinsky dlake za nail art, micro crtanje te rusku manikuru tj. podvla\u010denje boje pod zanokticu. Kistove preporu\u010damo \u010distiti s teku\u010dinom za \u010di\u0161\u0107enje kistova koju tako\u0111er mo\u017eete prona\u0107i u na\u0161oj web trgovini. Ima metalnu ru\u010dku s poklopcem na kojem je ugravirana veli\u010dina kista.<\/p>\n","protected":false},"featured_media":25570,"comment_status":"closed","ping_status":"closed","template":"","meta":[],"product_brand":[55],"product_cat":[150,243],"product_tag":[],"class_list":{"0":"post-25574","1":"product","2":"type-product","3":"status-publish","4":"has-post-thumbnail","6":"product_brand-arty-nails","7":"product_cat-arty-nails-kistovi","8":"product_cat-kistovi-za-nail-art","10":"first","11":"instock","12":"shipping-taxable","13":"purchasable","14":"product-type-simple"},"_links":{"self":[{"href":"https:\/\/www.arty-nails.org\/web_shop\/wp-json\/wp\/v2\/product\/25574","targetHints":{"allow":["GET"]}}],"collection":[{"href":"https:\/\/www.arty-nails.org\/web_shop\/wp-json\/wp\/v2\/product"}],"about":[{"href":"https:\/\/www.arty-nails.org\/web_shop\/wp-json\/wp\/v2\/types\/product"}],"replies":[{"embeddable":true,"href":"https:\/\/www.arty-nails.org\/web_shop\/wp-json\/wp\/v2\/comments?post=25574"}],"wp:featuredmedia":[{"embeddable":true,"href":"https:\/\/www.arty-nails.org\/web_shop\/wp-json\/wp\/v2\/media\/25570"}],"wp:attachment":[{"href":"https:\/\/www.arty-nails.org\/web_shop\/wp-json\/wp\/v2\/media?parent=25574"}],"wp:term":[{"taxonomy":"product_brand","embeddable":true,"href":"https:\/\/www.arty-nails.org\/web_shop\/wp-json\/wp\/v2\/product_brand?post=25574"},{"taxonomy":"product_cat","embeddable":true,"href":"https:\/\/www.arty-nails.org\/web_shop\/wp-json\/wp\/v2\/product_cat?post=25574"},{"taxonomy":"product_tag","embeddable":true,"href":"https:\/\/www.arty-nails.org\/web_shop\/wp-json\/wp\/v2\/product_tag?post=25574"}],"curies":[{"name":"wp","href":"https:\/\/api.w.org\/{rel}","templated":true}]}}