{"id":26637,"date":"2023-06-16T20:30:24","date_gmt":"2023-06-16T18:30:24","guid":{"rendered":"https:\/\/www.arty-nails.org\/web_shop\/?post_type=product&#038;p=26637"},"modified":"2026-02-02T10:03:30","modified_gmt":"2026-02-02T09:03:30","slug":"mollon-pro-foot-mousse-for-cracked-and-callused-skin-125-ml","status":"publish","type":"product","link":"https:\/\/www.arty-nails.org\/web_shop\/proizvod\/mollon-pro-foot-mousse-for-cracked-and-callused-skin-125-ml\/","title":{"rendered":"MOLLON PRO FOOT MOUSSE FOR CRACKED AND CALLUSED SKIN 125 ml"},"content":{"rendered":"<p>Cracked &amp; Callused Foot Mousse inovativan je proizvod koji se preporu\u010duje za ekstremno suhu ko\u017eu sklonu keratozi. Pjena intenzivno vla\u017ei jako tvrdu i grubu ko\u017eu. Lako se nanosi i brzo se upija te ima nje\u017ean i ugodan miris.<\/p>\n<p>Pjena sadr\u017ei posebno odabrane aktivne sastojke i emolijente koji vla\u017ee, omek\u0161avaju i zagla\u0111uju ko\u017eu.<\/p>\n<p><strong>Aktivni sastojci:<\/strong><\/p>\n<ul>\n<li>15% urea, koja ima omek\u0161avaju\u0107i efekt, zagla\u0111uje epidermu i smanjuje njezinu hrapavost<\/li>\n<li>prirodni polisaharid koji sadr\u017ei ramnozu, glukozu i glukuronsku kiselinu stvara za\u0161titni sloj na povr\u0161ini ko\u017ee<\/li>\n<li>ekstrakt kore bijele vrbe eksfolira i \u010disti<\/li>\n<li>ulje avokada regenerira, hrani i \u0161titi ko\u017eu. Ovaj sastojak, zahvaljuju\u0107i svojoj strukturi koja je sli\u010dna lipidnom sloju, oja\u010dava i tonizira ko\u017eu<\/li>\n<\/ul>\n<p><strong>Na\u010din upotrebe:<\/strong><\/p>\n<p>Sna\u017eno protresite prije upotrebe. Dr\u017eite spremnik uspravno i pritisnite prema dolje kako biste istisnuli oko 3 cm pjene. Nanesite na \u010distu i suhu ko\u017eu stopala. Umasirajte u ko\u017eu dok se potpuno ne upije. Koristite jednom ili dva puta dnevno. Savr\u0161eno za zavr\u0161etak tretmana pedikure.<\/p>\n","protected":false},"excerpt":{"rendered":"<p>Cracked &amp; Callused Foot Mousse inovativan je proizvod koji se preporu\u010duje za ekstremno suhu ko\u017eu sklonu keratozi. Pjena intenzivno vla\u017ei jako tvrdu i grubu ko\u017eu. Lako se nanosi i brzo se upija te ima nje\u017ean i ugodan miris. Pjena sadr\u017ei posebno odabrane aktivne sastojke i emolijente koji vla\u017ee, omek\u0161avaju i zagla\u0111uju ko\u017eu. Aktivni sastojci: 15% [&hellip;]<\/p>\n","protected":false},"featured_media":26638,"comment_status":"closed","ping_status":"closed","template":"","meta":[],"product_brand":[56],"product_cat":[127,211],"product_tag":[],"class_list":{"0":"post-26637","1":"product","2":"type-product","3":"status-publish","4":"has-post-thumbnail","6":"product_brand-mollon-pro","7":"product_cat-spa-njega-stopala","8":"product_cat-njega-i-higijena-stopala","10":"first","11":"instock","12":"shipping-taxable","13":"purchasable","14":"product-type-simple"},"_links":{"self":[{"href":"https:\/\/www.arty-nails.org\/web_shop\/wp-json\/wp\/v2\/product\/26637","targetHints":{"allow":["GET"]}}],"collection":[{"href":"https:\/\/www.arty-nails.org\/web_shop\/wp-json\/wp\/v2\/product"}],"about":[{"href":"https:\/\/www.arty-nails.org\/web_shop\/wp-json\/wp\/v2\/types\/product"}],"replies":[{"embeddable":true,"href":"https:\/\/www.arty-nails.org\/web_shop\/wp-json\/wp\/v2\/comments?post=26637"}],"wp:featuredmedia":[{"embeddable":true,"href":"https:\/\/www.arty-nails.org\/web_shop\/wp-json\/wp\/v2\/media\/26638"}],"wp:attachment":[{"href":"https:\/\/www.arty-nails.org\/web_shop\/wp-json\/wp\/v2\/media?parent=26637"}],"wp:term":[{"taxonomy":"product_brand","embeddable":true,"href":"https:\/\/www.arty-nails.org\/web_shop\/wp-json\/wp\/v2\/product_brand?post=26637"},{"taxonomy":"product_cat","embeddable":true,"href":"https:\/\/www.arty-nails.org\/web_shop\/wp-json\/wp\/v2\/product_cat?post=26637"},{"taxonomy":"product_tag","embeddable":true,"href":"https:\/\/www.arty-nails.org\/web_shop\/wp-json\/wp\/v2\/product_tag?post=26637"}],"curies":[{"name":"wp","href":"https:\/\/api.w.org\/{rel}","templated":true}]}}