{"id":27029,"date":"2023-07-07T04:18:11","date_gmt":"2023-07-07T02:18:11","guid":{"rendered":"https:\/\/www.arty-nails.org\/web_shop\/?post_type=product&#038;p=27029"},"modified":"2026-02-02T10:03:30","modified_gmt":"2026-02-02T09:03:30","slug":"mollon-pro-foot-mousse-hyperhidrosis-control-125-ml","status":"publish","type":"product","link":"https:\/\/www.arty-nails.org\/web_shop\/proizvod\/mollon-pro-foot-mousse-hyperhidrosis-control-125-ml\/","title":{"rendered":"MOLLON PRO FOOT MOUSSE HYPERHIDROSIS CONTROL 125 ml"},"content":{"rendered":"<p>Hyperhidrosis Control Foot Mousse je krema za stopala u obliku pjene koja djeluje protiv znojenja te vla\u017ei i omek\u0161ava epidermu. Ova inovativna pjena eliminira neugodan miris i smanjuje pretjerano znojenje. Njeguje ko\u017eu stopala i uklanja osje\u0107aj umora.<\/p>\n<p>Pjena za stopala ima relaksiraju\u0107a i antibakterijska svojstva te omek\u0161ava zadebljanu ko\u017eu na petama. Lako se nanosi i brzo se upija te ima nje\u017ean i ugodan miris.<\/p>\n<p>Pjena tako\u0111er sadr\u017ei posebno odabrane sastojke koji stvaraju posebnu konzistenciju i emolijente koji vla\u017ee, omek\u0161avaju i zagla\u0111uju ko\u017eu.<\/p>\n<p>Ona tako\u0111er revitalizira, hidratizira i omek\u0161ava ko\u017eu, posebno suhu ili osjetljivu, te istovremeno sprje\u010dava znojenje stopala. Sadr\u017ei posebno odabrane sastojke koji osim \u0161to vla\u017ee, omek\u0161avaju i zagla\u0111uju ko\u017eu ujedno i sprje\u010davaju pretjerano isu\u0161ivanje vode s njezine povr\u0161ine.<\/p>\n<p><strong>Aktivni sastojci:<\/strong><\/p>\n<ul>\n<li>Dermosoft\u00ae Decalact Liquid MB s dezodoriraju\u0107im u\u010dinkom. Ovo djelovanje potpomognuto je dodatkom papaina, koji istovremeno otapa i eksfolira mrtve stanice ko\u017ee<\/li>\n<li>glicerin i pantenol imaju hidratantna svojstva<\/li>\n<li>ekstrakt lista kadulje ima pro\u010di\u0161\u0107avaju\u0107i efekt<\/li>\n<li>papain poma\u017ee u sprje\u010davanju kalusa epiderme te u eksfolijaciji njezinih tanjih suvi\u0161nih slojeva<\/li>\n<\/ul>\n<p><strong>Na\u010din upotrebe:<\/strong><\/p>\n<p>Sna\u017eno protresite prije upotrebe. Dr\u017eite spremnik uspravno i pritisnite prema dolje kako biste istisnuli oko 3 cm pjene. Nanesite na \u010distu i suhu ko\u017eu stopala. Umasirajte u ko\u017eu dok se potpuno ne upije. Koristite jednom ili dva puta dnevno. Savr\u0161eno za zavr\u0161etak tretmana pedikure.<\/p>\n","protected":false},"excerpt":{"rendered":"<p>Hyperhidrosis Control Foot Mousse je krema za stopala u obliku pjene koja djeluje protiv znojenja te vla\u017ei i omek\u0161ava epidermu. Ova inovativna pjena eliminira neugodan miris i smanjuje pretjerano znojenje. Njeguje ko\u017eu stopala i uklanja osje\u0107aj umora. Pjena za stopala ima relaksiraju\u0107a i antibakterijska svojstva te omek\u0161ava zadebljanu ko\u017eu na petama. Lako se nanosi i [&hellip;]<\/p>\n","protected":false},"featured_media":27025,"comment_status":"closed","ping_status":"closed","template":"","meta":[],"product_brand":[56],"product_cat":[127,211],"product_tag":[],"class_list":{"0":"post-27029","1":"product","2":"type-product","3":"status-publish","4":"has-post-thumbnail","6":"product_brand-mollon-pro","7":"product_cat-spa-njega-stopala","8":"product_cat-njega-i-higijena-stopala","10":"first","11":"instock","12":"shipping-taxable","13":"purchasable","14":"product-type-simple"},"_links":{"self":[{"href":"https:\/\/www.arty-nails.org\/web_shop\/wp-json\/wp\/v2\/product\/27029","targetHints":{"allow":["GET"]}}],"collection":[{"href":"https:\/\/www.arty-nails.org\/web_shop\/wp-json\/wp\/v2\/product"}],"about":[{"href":"https:\/\/www.arty-nails.org\/web_shop\/wp-json\/wp\/v2\/types\/product"}],"replies":[{"embeddable":true,"href":"https:\/\/www.arty-nails.org\/web_shop\/wp-json\/wp\/v2\/comments?post=27029"}],"wp:featuredmedia":[{"embeddable":true,"href":"https:\/\/www.arty-nails.org\/web_shop\/wp-json\/wp\/v2\/media\/27025"}],"wp:attachment":[{"href":"https:\/\/www.arty-nails.org\/web_shop\/wp-json\/wp\/v2\/media?parent=27029"}],"wp:term":[{"taxonomy":"product_brand","embeddable":true,"href":"https:\/\/www.arty-nails.org\/web_shop\/wp-json\/wp\/v2\/product_brand?post=27029"},{"taxonomy":"product_cat","embeddable":true,"href":"https:\/\/www.arty-nails.org\/web_shop\/wp-json\/wp\/v2\/product_cat?post=27029"},{"taxonomy":"product_tag","embeddable":true,"href":"https:\/\/www.arty-nails.org\/web_shop\/wp-json\/wp\/v2\/product_tag?post=27029"}],"curies":[{"name":"wp","href":"https:\/\/api.w.org\/{rel}","templated":true}]}}