{"id":27567,"date":"2021-01-04T22:38:44","date_gmt":"2021-01-04T21:38:44","guid":{"rendered":"https:\/\/www.arty-nails.org\/web_shop\/?post_type=product&#038;p=27567"},"modified":"2026-02-02T09:53:03","modified_gmt":"2026-02-02T08:53:03","slug":"arty-nails-antifungal-builder-gel-50-ml","status":"publish","type":"product","link":"https:\/\/www.arty-nails.org\/web_shop\/proizvod\/arty-nails-antifungal-builder-gel-50-ml\/","title":{"rendered":"ARTY NAILS ANTIFUNGAL BUILDER GEL 50 ml  (Hema, Di-Hema, TPO free)"},"content":{"rendered":"<p>Antifungal gradivni gel protiv gljivica za ruke i noge. Gel sadr\u017ei KLIMBAZOL &#8211; aktivne sastojke koji uni\u0161tavaju gljivice. Lako se nanosi i modelira. Odli\u010dno prianja na ko\u017eu kako bi pomogao i samom rastu bolesnog nokta. Za izgradnju novog nokta. Vrijeme su\u0161enja: 2 min u UV lampi ili 1 min u LED lampi.<\/p>\n","protected":false},"excerpt":{"rendered":"<p>Antifungal gradivni gel protiv gljivica za ruke i noge. Gel sadr\u017ei KLIMBAZOL &#8211; aktivne sastojke koji uni\u0161tavaju gljivice. Lako se nanosi i modelira. Odli\u010dno prianja na ko\u017eu kako bi pomogao i samom rastu bolesnog nokta. Za izgradnju novog nokta. Vrijeme su\u0161enja: 2 min u UV lampi ili 1 min u LED lampi.<\/p>\n","protected":false},"featured_media":11170,"comment_status":"closed","ping_status":"closed","template":"","meta":[],"product_brand":[55],"product_cat":[85,140],"product_tag":[],"class_list":{"0":"post-27567","1":"product","2":"type-product","3":"status-publish","4":"has-post-thumbnail","6":"product_brand-arty-nails","7":"product_cat-arty-nails-gelovi","8":"product_cat-gradivni-gelovi-arty-nails","10":"first","11":"instock","12":"shipping-taxable","13":"purchasable","14":"product-type-simple"},"_links":{"self":[{"href":"https:\/\/www.arty-nails.org\/web_shop\/wp-json\/wp\/v2\/product\/27567","targetHints":{"allow":["GET"]}}],"collection":[{"href":"https:\/\/www.arty-nails.org\/web_shop\/wp-json\/wp\/v2\/product"}],"about":[{"href":"https:\/\/www.arty-nails.org\/web_shop\/wp-json\/wp\/v2\/types\/product"}],"replies":[{"embeddable":true,"href":"https:\/\/www.arty-nails.org\/web_shop\/wp-json\/wp\/v2\/comments?post=27567"}],"wp:featuredmedia":[{"embeddable":true,"href":"https:\/\/www.arty-nails.org\/web_shop\/wp-json\/wp\/v2\/media\/11170"}],"wp:attachment":[{"href":"https:\/\/www.arty-nails.org\/web_shop\/wp-json\/wp\/v2\/media?parent=27567"}],"wp:term":[{"taxonomy":"product_brand","embeddable":true,"href":"https:\/\/www.arty-nails.org\/web_shop\/wp-json\/wp\/v2\/product_brand?post=27567"},{"taxonomy":"product_cat","embeddable":true,"href":"https:\/\/www.arty-nails.org\/web_shop\/wp-json\/wp\/v2\/product_cat?post=27567"},{"taxonomy":"product_tag","embeddable":true,"href":"https:\/\/www.arty-nails.org\/web_shop\/wp-json\/wp\/v2\/product_tag?post=27567"}],"curies":[{"name":"wp","href":"https:\/\/api.w.org\/{rel}","templated":true}]}}