{"id":27744,"date":"2023-08-14T14:24:03","date_gmt":"2023-08-14T12:24:03","guid":{"rendered":"https:\/\/www.arty-nails.org\/web_shop\/?post_type=product&#038;p=27744"},"modified":"2026-02-02T10:18:34","modified_gmt":"2026-02-02T09:18:34","slug":"nastavak-keramicki-cilindar-safe-edge-l-13mm-65mm-1455","status":"publish","type":"product","link":"https:\/\/www.arty-nails.org\/web_shop\/proizvod\/nastavak-keramicki-cilindar-safe-edge-l-13mm-65mm-1455\/","title":{"rendered":"NASTAVAK KERAMI\u010cKI CILINDAR SAFE EDGE L-13MM, 6,5MM &#8211; 1455"},"content":{"rendered":"<p>Kerami\u010dki nastavak\u00a0 izra\u0111en je od tvrde keramike, koja ima nekoliko prednosti u primjeni. S obzirom na materijal njegove prednosti su da je idealan za klijente koji imaju alergijske reakcije, tako\u0111er kerami\u010dki nastavak ne stvara nikakvu toplinu tokom rada \u0161to ga \u010dinim najpopularnijim izborom za ugodnu pedikuru ili manikuru.<\/p>\n<p>Idealan je za tretman lateralnih sinusa nokta i nabora, uklju\u010duju\u0107i i distalni nabor.<\/p>\n<p>Idealan je za uklanjanje trajnog laka, popravke plo\u010de umjetnog nokta, skidanje kalusa i obradu stopala.\u00a0 Ima sigurnosni vrh tako da ne mo\u017ee do\u0107i do rezanja. Za primjenu u manikuri i pedikuri. Savr\u0161en za po\u010detnike.<\/p>\n<p>&nbsp;<\/p>\n","protected":false},"excerpt":{"rendered":"<p>Kerami\u010dki nastavak\u00a0 izra\u0111en je od tvrde keramike, koja ima nekoliko prednosti u primjeni. S obzirom na materijal njegove prednosti su da je idealan za klijente koji imaju alergijske reakcije, tako\u0111er kerami\u010dki nastavak ne stvara nikakvu toplinu tokom rada \u0161to ga \u010dinim najpopularnijim izborom za ugodnu pedikuru ili manikuru. Idealan je za tretman lateralnih sinusa nokta [&hellip;]<\/p>\n","protected":false},"featured_media":27743,"comment_status":"closed","ping_status":"closed","template":"","meta":[],"product_brand":[],"product_cat":[265],"product_tag":[],"class_list":{"0":"post-27744","1":"product","2":"type-product","3":"status-publish","4":"has-post-thumbnail","6":"product_cat-keramicki-nastavci","8":"first","9":"instock","10":"shipping-taxable","11":"purchasable","12":"product-type-simple"},"_links":{"self":[{"href":"https:\/\/www.arty-nails.org\/web_shop\/wp-json\/wp\/v2\/product\/27744","targetHints":{"allow":["GET"]}}],"collection":[{"href":"https:\/\/www.arty-nails.org\/web_shop\/wp-json\/wp\/v2\/product"}],"about":[{"href":"https:\/\/www.arty-nails.org\/web_shop\/wp-json\/wp\/v2\/types\/product"}],"replies":[{"embeddable":true,"href":"https:\/\/www.arty-nails.org\/web_shop\/wp-json\/wp\/v2\/comments?post=27744"}],"wp:featuredmedia":[{"embeddable":true,"href":"https:\/\/www.arty-nails.org\/web_shop\/wp-json\/wp\/v2\/media\/27743"}],"wp:attachment":[{"href":"https:\/\/www.arty-nails.org\/web_shop\/wp-json\/wp\/v2\/media?parent=27744"}],"wp:term":[{"taxonomy":"product_brand","embeddable":true,"href":"https:\/\/www.arty-nails.org\/web_shop\/wp-json\/wp\/v2\/product_brand?post=27744"},{"taxonomy":"product_cat","embeddable":true,"href":"https:\/\/www.arty-nails.org\/web_shop\/wp-json\/wp\/v2\/product_cat?post=27744"},{"taxonomy":"product_tag","embeddable":true,"href":"https:\/\/www.arty-nails.org\/web_shop\/wp-json\/wp\/v2\/product_tag?post=27744"}],"curies":[{"name":"wp","href":"https:\/\/api.w.org\/{rel}","templated":true}]}}