{"id":30170,"date":"2025-07-18T00:24:35","date_gmt":"2025-07-17T22:24:35","guid":{"rendered":"https:\/\/www.arty-nails.org\/web_shop\/?post_type=product&#038;p=30170"},"modified":"2026-03-10T14:01:03","modified_gmt":"2026-03-10T13:01:03","slug":"reforma-pure-top-coat-10-ml","status":"publish","type":"product","link":"https:\/\/www.arty-nails.org\/web_shop\/proizvod\/reforma-pure-top-coat-10-ml\/","title":{"rendered":"REFORMA PURE TOP COAT 10 ml (Hema, TPO free)"},"content":{"rendered":"<p><span style=\"font-weight: 400;\">ReformA Pure Top Coat je i<\/span><span style=\"font-weight: 400;\">zuzetno tanak zavr\u0161ni sjaj bez ljepljivog sloja.<\/span><\/p>\n<p><b>Zna\u010dajke proizvoda:<\/b><\/p>\n<ul>\n<li style=\"font-weight: 400;\" aria-level=\"1\"><span style=\"font-weight: 400;\">moderna formula uskla\u0111ena s najnovijim trendovima u dizajnu, produljivanju i ja\u010danju noktiju<\/span><\/li>\n<li style=\"font-weight: 400;\" aria-level=\"1\"><span style=\"font-weight: 400;\">maksimalna za\u0161tita boje i sjaj, osigurava ultra tanak premaz bez dodatnog volumena<\/span><\/li>\n<li style=\"font-weight: 400;\" aria-level=\"1\"><span style=\"font-weight: 400;\">idealan za gel ekstenzije noktiju, akril gel, cover baze i trajne lakove, osigurava \u010dvrsto\u0107u i tanko\u0107u<\/span><\/li>\n<li style=\"font-weight: 400;\" aria-level=\"1\"><span style=\"font-weight: 400;\">posebni inhibitori stabilizacije boje u formuli sprje\u010davaju izobli\u010denje tamnih nijansi trajnog laka<\/span><\/li>\n<li style=\"font-weight: 400;\" aria-level=\"1\"><span style=\"font-weight: 400;\">pru\u017ea blistav, intenzivan sjaj s efektom &#8220;mokrih noktiju&#8221; i pove\u0107anom trajno\u0161\u0107u<\/span><\/li>\n<li style=\"font-weight: 400;\" aria-level=\"1\"><span style=\"font-weight: 400;\">\u0161titi trajni lak u boji i nema ljepljivi sloj<\/span><\/li>\n<li style=\"font-weight: 400;\" aria-level=\"1\"><span style=\"font-weight: 400;\">lako se nanosi, teku\u0107e je konzistencije<\/span><\/li>\n<li style=\"font-weight: 400;\" aria-level=\"1\"><span style=\"font-weight: 400;\">zahtijeva su\u0161enje pod UV lampom (36 W) 2 minute ili u LED lampi 30-60 sekundi<\/span><\/li>\n<li style=\"font-weight: 400;\" aria-level=\"1\"><span style=\"font-weight: 400;\">odr\u017eava postojanost premaza preko 3 tjedna<\/span><\/li>\n<li style=\"font-weight: 400;\" aria-level=\"1\"><span style=\"font-weight: 400;\">sigurna formula namijenjena profesionalnoj uporabi.<\/span><\/li>\n<\/ul>\n<p><span style=\"font-weight: 400;\">\u00a0<\/span><b>Na\u010din primjene:<\/b><\/p>\n<ol>\n<li>Nanesite Pure Top Coat kao zavr\u0161ni korak za u\u010dvr\u0161\u0107ivanje premaza i dodavanje sjaja noktima.<\/li>\n<li>Su\u0161ite pod UV lampom (36 W) 2 minute ili u LED lampi 30-60 sekundi.<\/li>\n<li>Nanesite ulje za zanoktice ne prije 30 sekundi nakon su\u0161enja kako biste produljili trajanje sjaja.<\/li>\n<\/ol>\n","protected":false},"excerpt":{"rendered":"<p>ReformA Pure Top Coat je izuzetno tanak zavr\u0161ni sjaj bez ljepljivog sloja. Zna\u010dajke proizvoda: moderna formula uskla\u0111ena s najnovijim trendovima u dizajnu, produljivanju i ja\u010danju noktiju maksimalna za\u0161tita boje i sjaj, osigurava ultra tanak premaz bez dodatnog volumena idealan za gel ekstenzije noktiju, akril gel, cover baze i trajne lakove, osigurava \u010dvrsto\u0107u i tanko\u0107u posebni [&hellip;]<\/p>\n","protected":false},"featured_media":30171,"comment_status":"closed","ping_status":"closed","template":"","meta":[],"product_brand":[50],"product_cat":[219,218],"product_tag":[],"class_list":{"0":"post-30170","1":"product","2":"type-product","3":"status-publish","4":"has-post-thumbnail","6":"product_brand-reforma","7":"product_cat-reforma-zavrsni-sjajevi","8":"product_cat-zavrsni-sjajevi-reforma","10":"first","11":"instock","12":"shipping-taxable","13":"purchasable","14":"product-type-simple"},"_links":{"self":[{"href":"https:\/\/www.arty-nails.org\/web_shop\/wp-json\/wp\/v2\/product\/30170","targetHints":{"allow":["GET"]}}],"collection":[{"href":"https:\/\/www.arty-nails.org\/web_shop\/wp-json\/wp\/v2\/product"}],"about":[{"href":"https:\/\/www.arty-nails.org\/web_shop\/wp-json\/wp\/v2\/types\/product"}],"replies":[{"embeddable":true,"href":"https:\/\/www.arty-nails.org\/web_shop\/wp-json\/wp\/v2\/comments?post=30170"}],"wp:featuredmedia":[{"embeddable":true,"href":"https:\/\/www.arty-nails.org\/web_shop\/wp-json\/wp\/v2\/media\/30171"}],"wp:attachment":[{"href":"https:\/\/www.arty-nails.org\/web_shop\/wp-json\/wp\/v2\/media?parent=30170"}],"wp:term":[{"taxonomy":"product_brand","embeddable":true,"href":"https:\/\/www.arty-nails.org\/web_shop\/wp-json\/wp\/v2\/product_brand?post=30170"},{"taxonomy":"product_cat","embeddable":true,"href":"https:\/\/www.arty-nails.org\/web_shop\/wp-json\/wp\/v2\/product_cat?post=30170"},{"taxonomy":"product_tag","embeddable":true,"href":"https:\/\/www.arty-nails.org\/web_shop\/wp-json\/wp\/v2\/product_tag?post=30170"}],"curies":[{"name":"wp","href":"https:\/\/api.w.org\/{rel}","templated":true}]}}