{"id":30174,"date":"2023-11-23T00:42:56","date_gmt":"2023-11-22T23:42:56","guid":{"rendered":"https:\/\/www.arty-nails.org\/web_shop\/?post_type=product&#038;p=30174"},"modified":"2025-10-08T13:33:23","modified_gmt":"2025-10-08T11:33:23","slug":"reforma-metallic-gel-7-g","status":"publish","type":"product","link":"https:\/\/www.arty-nails.org\/web_shop\/proizvod\/reforma-metallic-gel-7-g\/","title":{"rendered":"REFORMA METALLIC GEL SILVER MIRROR 7 g"},"content":{"rendered":"<p style=\"text-align: left;\"><span style=\"font-weight: 400;\">ReformA Metallic gel je visoko pigmentirani dekorativni gel u boji jedinstvene srebrne zrcalne nijanse koja manikuri daje efekt teku\u0107eg metala.<\/span><\/p>\n<p><strong>Zna\u010dajke proizvoda:<\/strong><\/p>\n<ul>\n<li><span style=\"font-weight: 400;\"><strong>Visoka pigmentacija:<\/strong> Gel ima bogatu srebrnu boju, pru\u017ea ravnomjerno prekrivanje i \u017eivopisnu nijansu.<\/span><\/li>\n<li><span style=\"font-weight: 400;\"><strong>Precizna primjena:<\/strong> Optimiziran za kori\u0161tenje s profesionalnim kistovima za nail art, omogu\u0107uje crtanje o\u0161trih linija i stvaranje razli\u010ditih stylish dizajna.<\/span><\/li>\n<li><span style=\"font-weight: 400;\"><strong>Samoniveliraju\u0107a formula:<\/strong> Metallic gel se ne razlijeva i osigurava glatku povr\u0161inu nakon nano\u0161enja.<\/span><\/li>\n<li><span style=\"font-weight: 400;\"><strong>Svestranost:<\/strong> Prikladan je za stvaranje razli\u010ditih elemenata dizajna, uklju\u010duju\u0107i tanke linije, francusku manikuru i stamping nail art na prirodnim i umjetnim noktima.<\/span><\/li>\n<li><span style=\"font-weight: 400;\"><strong>Bez ljepljivog sloja:<\/strong> Pojednostavljuje se proces rada, nema potrebe za uklanjanjem ljepljivog sloja nakon su\u0161enja.<\/span><\/li>\n<\/ul>\n<p><span style=\"font-weight: 400;\"><strong>Va\u017eno:<\/strong> ReformA Metallic gel nije namijenjen za upotrebu kao samostalni premaz. Nakon su\u0161enja preporu\u010duje se upotreba zavr\u0161nog sjaja.<\/span><\/p>\n<p><span style=\"font-weight: 400;\"><strong>Vrijeme su\u0161enja:<\/strong> U UV lampi 2 minute; u LED lampi 60-90 sekundi.<\/span><\/p>\n<p><span style=\"font-weight: 400;\"><strong>Savjeti za primjenu:<\/strong> Prije upotrebe preporu\u010duje se temeljito promije\u0161ati gel radi ravnomjerne raspodjele pigmenta. Savjetuje se nano\u0161enje u tankom sloju.<\/span><\/p>\n","protected":false},"excerpt":{"rendered":"<p>ReformA Metallic gel je visoko pigmentirani dekorativni gel u boji jedinstvene srebrne zrcalne nijanse koja manikuri daje efekt teku\u0107eg metala. Zna\u010dajke proizvoda: Visoka pigmentacija: Gel ima bogatu srebrnu boju, pru\u017ea ravnomjerno prekrivanje i \u017eivopisnu nijansu. Precizna primjena: Optimiziran za kori\u0161tenje s profesionalnim kistovima za nail art, omogu\u0107uje crtanje o\u0161trih linija i stvaranje razli\u010ditih stylish dizajna. [&hellip;]<\/p>\n","protected":false},"featured_media":30175,"comment_status":"closed","ping_status":"closed","template":"","meta":[],"product_brand":[50],"product_cat":[142,138],"product_tag":[],"class_list":{"0":"post-30174","1":"product","2":"type-product","3":"status-publish","4":"has-post-thumbnail","6":"product_brand-reforma","7":"product_cat-gelovi-u-boji-za-french-i-nail-art","8":"product_cat-reforma-gelovi-za-french-i-nail-art","10":"first","11":"instock","12":"shipping-taxable","13":"purchasable","14":"product-type-simple"},"_links":{"self":[{"href":"https:\/\/www.arty-nails.org\/web_shop\/wp-json\/wp\/v2\/product\/30174","targetHints":{"allow":["GET"]}}],"collection":[{"href":"https:\/\/www.arty-nails.org\/web_shop\/wp-json\/wp\/v2\/product"}],"about":[{"href":"https:\/\/www.arty-nails.org\/web_shop\/wp-json\/wp\/v2\/types\/product"}],"replies":[{"embeddable":true,"href":"https:\/\/www.arty-nails.org\/web_shop\/wp-json\/wp\/v2\/comments?post=30174"}],"wp:featuredmedia":[{"embeddable":true,"href":"https:\/\/www.arty-nails.org\/web_shop\/wp-json\/wp\/v2\/media\/30175"}],"wp:attachment":[{"href":"https:\/\/www.arty-nails.org\/web_shop\/wp-json\/wp\/v2\/media?parent=30174"}],"wp:term":[{"taxonomy":"product_brand","embeddable":true,"href":"https:\/\/www.arty-nails.org\/web_shop\/wp-json\/wp\/v2\/product_brand?post=30174"},{"taxonomy":"product_cat","embeddable":true,"href":"https:\/\/www.arty-nails.org\/web_shop\/wp-json\/wp\/v2\/product_cat?post=30174"},{"taxonomy":"product_tag","embeddable":true,"href":"https:\/\/www.arty-nails.org\/web_shop\/wp-json\/wp\/v2\/product_tag?post=30174"}],"curies":[{"name":"wp","href":"https:\/\/api.w.org\/{rel}","templated":true}]}}