{"id":30353,"date":"2023-11-26T20:18:05","date_gmt":"2023-11-26T19:18:05","guid":{"rendered":"https:\/\/www.arty-nails.org\/web_shop\/?post_type=product&#038;p=30353"},"modified":"2026-02-25T12:24:13","modified_gmt":"2026-02-25T11:24:13","slug":"arty-nails-queen-b-kolekcija-trajnih-lakova","status":"publish","type":"product","link":"https:\/\/www.arty-nails.org\/web_shop\/proizvod\/arty-nails-queen-b-kolekcija-trajnih-lakova\/","title":{"rendered":"ARTY NAILS QUEEN B KOLEKCIJA TRAJNIH LAKOVA"},"content":{"rendered":"<div>Kraljevska kolekcija koju ste s nestrpljenjem i\u0161\u010dekivali napokon je tu!<\/div>\n<div><\/div>\n<div>Ova kraljevska kolekcija sastoji se od 6 predivnih boja koje utjelovljuju esenciju \u017eenske mudrosti, snage i ljepote:<\/div>\n<ul>\n<li>160 Queen B<\/li>\n<li>161 Beautiful<\/li>\n<li>162 Smart<\/li>\n<li>163 Classy<\/li>\n<li>164 Stylish<\/li>\n<li>167 Elegant<\/li>\n<\/ul>\n<p>Tako nje\u017ene, a tako mo\u0107ne, zar ne? Koja \u0107e vas prva o\u010darati i upotpuniti va\u0161 savr\u0161en look?<\/p>\n<div>Queen B kolekcija dostupna je u standardnom pakiranju od 5 ml s popustom za kupnju cijele kolekcije.<\/div>\n","protected":false},"excerpt":{"rendered":"<p>Kraljevska kolekcija koju ste s nestrpljenjem i\u0161\u010dekivali napokon je tu! Ova kraljevska kolekcija sastoji se od 6 predivnih boja koje utjelovljuju esenciju \u017eenske mudrosti, snage i ljepote: 160 Queen B 161 Beautiful 162 Smart 163 Classy 164 Stylish 167 Elegant Tako nje\u017ene, a tako mo\u0107ne, zar ne? Koja \u0107e vas prva o\u010darati i upotpuniti va\u0161 [&hellip;]<\/p>\n","protected":false},"featured_media":47524,"comment_status":"closed","ping_status":"closed","template":"","meta":[],"product_brand":[55],"product_cat":[214,215,209],"product_tag":[],"class_list":{"0":"post-30353","1":"product","2":"type-product","3":"status-publish","4":"has-post-thumbnail","6":"product_brand-arty-nails","7":"product_cat-setovi-i-kolekcije-trajnih-lakova-arty-nails","8":"product_cat-arty-nails-setovi-i-kolekcije-trajnih-lakova","9":"product_cat-posebne-ponude-arty-nails","11":"first","12":"instock","13":"sale","14":"shipping-taxable","15":"purchasable","16":"product-type-simple"},"_links":{"self":[{"href":"https:\/\/www.arty-nails.org\/web_shop\/wp-json\/wp\/v2\/product\/30353","targetHints":{"allow":["GET"]}}],"collection":[{"href":"https:\/\/www.arty-nails.org\/web_shop\/wp-json\/wp\/v2\/product"}],"about":[{"href":"https:\/\/www.arty-nails.org\/web_shop\/wp-json\/wp\/v2\/types\/product"}],"replies":[{"embeddable":true,"href":"https:\/\/www.arty-nails.org\/web_shop\/wp-json\/wp\/v2\/comments?post=30353"}],"wp:featuredmedia":[{"embeddable":true,"href":"https:\/\/www.arty-nails.org\/web_shop\/wp-json\/wp\/v2\/media\/47524"}],"wp:attachment":[{"href":"https:\/\/www.arty-nails.org\/web_shop\/wp-json\/wp\/v2\/media?parent=30353"}],"wp:term":[{"taxonomy":"product_brand","embeddable":true,"href":"https:\/\/www.arty-nails.org\/web_shop\/wp-json\/wp\/v2\/product_brand?post=30353"},{"taxonomy":"product_cat","embeddable":true,"href":"https:\/\/www.arty-nails.org\/web_shop\/wp-json\/wp\/v2\/product_cat?post=30353"},{"taxonomy":"product_tag","embeddable":true,"href":"https:\/\/www.arty-nails.org\/web_shop\/wp-json\/wp\/v2\/product_tag?post=30353"}],"curies":[{"name":"wp","href":"https:\/\/api.w.org\/{rel}","templated":true}]}}