{"id":30436,"date":"2023-11-28T08:40:11","date_gmt":"2023-11-28T07:40:11","guid":{"rendered":"https:\/\/www.arty-nails.org\/web_shop\/?post_type=product&#038;p=30436"},"modified":"2026-02-02T09:53:00","modified_gmt":"2026-02-02T08:53:00","slug":"arty-nails-soft-nude-builder-gel-15-ml","status":"publish","type":"product","link":"https:\/\/www.arty-nails.org\/web_shop\/proizvod\/arty-nails-soft-nude-builder-gel-15-ml\/","title":{"rendered":"ARTY NAILS SOFT NUDE BUILDER GEL 15 ml (Hema, TPO free)"},"content":{"rendered":"<p>Soft Nude je tiksotropni gradivni gel nje\u017ene nude nijanse. To je gel guste teksture koji se mo\u017ee istovremeno nanositi na svih pet prstiju. Me\u0111utim, \u0161to se vi\u0161e njime manipulira, on postaje rje\u0111i i samoniveliraju\u0107i. Nakon \u0161to se zavr\u0161i s radom, gel se vra\u0107a u svoje prvobitno stanje. Napokon imamo gusti, a samoniveliraju\u0107i gel. Kreirajte idealan oblik i u\u0161tedite vrijeme nanose\u0107i gel odjednom na sve prste!<\/p>\n<ul>\n<li>tiksotropni gradivni gel<\/li>\n<li>ne mo\u017ee se sliti u zanoktice<\/li>\n<li>ostaje idealno namje\u0161ten u samo par poteza kista<\/li>\n<li>savr\u0161ena nude nijansa<\/li>\n<li>olak\u0161ava i ubrzava proces rada<\/li>\n<li>sna\u017eno prianja za nokat<\/li>\n<li>visoka viskoznost<\/li>\n<li>gusti, a samoniveliraju\u0107i gel<\/li>\n<\/ul>\n","protected":false},"excerpt":{"rendered":"<p>Soft Nude je tiksotropni gradivni gel nje\u017ene nude nijanse. To je gel guste teksture koji se mo\u017ee istovremeno nanositi na svih pet prstiju. Me\u0111utim, \u0161to se vi\u0161e njime manipulira, on postaje rje\u0111i i samoniveliraju\u0107i. Nakon \u0161to se zavr\u0161i s radom, gel se vra\u0107a u svoje prvobitno stanje. Napokon imamo gusti, a samoniveliraju\u0107i gel. Kreirajte idealan [&hellip;]<\/p>\n","protected":false},"featured_media":30435,"comment_status":"closed","ping_status":"closed","template":"","meta":[],"product_brand":[55],"product_cat":[85,140],"product_tag":[],"class_list":{"0":"post-30436","1":"product","2":"type-product","3":"status-publish","4":"has-post-thumbnail","6":"product_brand-arty-nails","7":"product_cat-arty-nails-gelovi","8":"product_cat-gradivni-gelovi-arty-nails","10":"first","11":"instock","12":"shipping-taxable","13":"purchasable","14":"product-type-simple"},"_links":{"self":[{"href":"https:\/\/www.arty-nails.org\/web_shop\/wp-json\/wp\/v2\/product\/30436","targetHints":{"allow":["GET"]}}],"collection":[{"href":"https:\/\/www.arty-nails.org\/web_shop\/wp-json\/wp\/v2\/product"}],"about":[{"href":"https:\/\/www.arty-nails.org\/web_shop\/wp-json\/wp\/v2\/types\/product"}],"replies":[{"embeddable":true,"href":"https:\/\/www.arty-nails.org\/web_shop\/wp-json\/wp\/v2\/comments?post=30436"}],"wp:featuredmedia":[{"embeddable":true,"href":"https:\/\/www.arty-nails.org\/web_shop\/wp-json\/wp\/v2\/media\/30435"}],"wp:attachment":[{"href":"https:\/\/www.arty-nails.org\/web_shop\/wp-json\/wp\/v2\/media?parent=30436"}],"wp:term":[{"taxonomy":"product_brand","embeddable":true,"href":"https:\/\/www.arty-nails.org\/web_shop\/wp-json\/wp\/v2\/product_brand?post=30436"},{"taxonomy":"product_cat","embeddable":true,"href":"https:\/\/www.arty-nails.org\/web_shop\/wp-json\/wp\/v2\/product_cat?post=30436"},{"taxonomy":"product_tag","embeddable":true,"href":"https:\/\/www.arty-nails.org\/web_shop\/wp-json\/wp\/v2\/product_tag?post=30436"}],"curies":[{"name":"wp","href":"https:\/\/api.w.org\/{rel}","templated":true}]}}