{"id":30671,"date":"2023-12-06T21:50:50","date_gmt":"2023-12-06T20:50:50","guid":{"rendered":"https:\/\/www.arty-nails.org\/web_shop\/?post_type=product&#038;p=30671"},"modified":"2026-02-04T08:42:38","modified_gmt":"2026-02-04T07:42:38","slug":"naslonjac-za-ruku-crni","status":"publish","type":"product","link":"https:\/\/www.arty-nails.org\/web_shop\/proizvod\/naslonjac-za-ruku-crni\/","title":{"rendered":"NASLONJA\u010c ZA RUKU CRNI"},"content":{"rendered":"<p>Profesionalni naslonja\u010d za manikuru. Omogu\u0107ava udobnost i prakti\u010dnost tijekom tretmana.<\/p>\n","protected":false},"excerpt":{"rendered":"<p>Profesionalni naslonja\u010d za manikuru. Omogu\u0107ava udobnost i prakti\u010dnost tijekom tretmana.<\/p>\n","protected":false},"featured_media":30672,"comment_status":"closed","ping_status":"closed","template":"","meta":[],"product_brand":[55],"product_cat":[165,199],"product_tag":[],"class_list":{"0":"post-30671","1":"product","2":"type-product","3":"status-publish","4":"has-post-thumbnail","6":"product_brand-arty-nails","7":"product_cat-oprema-za-rad","8":"product_cat-arty-nails-lampe-i-ostala-oprema","10":"first","11":"instock","12":"shipping-taxable","13":"purchasable","14":"product-type-simple"},"_links":{"self":[{"href":"https:\/\/www.arty-nails.org\/web_shop\/wp-json\/wp\/v2\/product\/30671","targetHints":{"allow":["GET"]}}],"collection":[{"href":"https:\/\/www.arty-nails.org\/web_shop\/wp-json\/wp\/v2\/product"}],"about":[{"href":"https:\/\/www.arty-nails.org\/web_shop\/wp-json\/wp\/v2\/types\/product"}],"replies":[{"embeddable":true,"href":"https:\/\/www.arty-nails.org\/web_shop\/wp-json\/wp\/v2\/comments?post=30671"}],"wp:featuredmedia":[{"embeddable":true,"href":"https:\/\/www.arty-nails.org\/web_shop\/wp-json\/wp\/v2\/media\/30672"}],"wp:attachment":[{"href":"https:\/\/www.arty-nails.org\/web_shop\/wp-json\/wp\/v2\/media?parent=30671"}],"wp:term":[{"taxonomy":"product_brand","embeddable":true,"href":"https:\/\/www.arty-nails.org\/web_shop\/wp-json\/wp\/v2\/product_brand?post=30671"},{"taxonomy":"product_cat","embeddable":true,"href":"https:\/\/www.arty-nails.org\/web_shop\/wp-json\/wp\/v2\/product_cat?post=30671"},{"taxonomy":"product_tag","embeddable":true,"href":"https:\/\/www.arty-nails.org\/web_shop\/wp-json\/wp\/v2\/product_tag?post=30671"}],"curies":[{"name":"wp","href":"https:\/\/api.w.org\/{rel}","templated":true}]}}