{"id":30814,"date":"2023-12-10T22:10:10","date_gmt":"2023-12-10T21:10:10","guid":{"rendered":"https:\/\/www.arty-nails.org\/web_shop\/?post_type=product&#038;p=30814"},"modified":"2024-11-15T14:15:11","modified_gmt":"2024-11-15T13:15:11","slug":"reforma-lolitas-dream-kolekcija-trajnih-lakova","status":"publish","type":"product","link":"https:\/\/www.arty-nails.org\/web_shop\/proizvod\/reforma-lolitas-dream-kolekcija-trajnih-lakova\/","title":{"rendered":"REFORMA LOLITA&#8217;S DREAM KOLEKCIJA TRAJNIH LAKOVA"},"content":{"rendered":"<p>Zakora\u010dite u o\u010daravaju\u0107i svijet misti\u010dne \u017eenstvenosti uz predivne ljubi\u010daste nijanse nove Reformine kolekcije!<\/p>\n<p>Kroz lik Lolite, ova kolekcija pri\u010da o slo\u017eenom karakteru i najdubljim \u017eeljama \u017eene, o njezinim \u010de\u017enjama i snovima, kao i o njenoj privla\u010dnosti, elegenciji i stilu. Ljubi\u010dasta je kraljevska boja, boja luksuza i bogatstva, ali istovremeno simbolizira i duhovnost, mudrost, misti\u010dnost, intuitivnost, snagu, ambicioznost i kreativnost. Uronite u Lolitin svijet i izrazite vlastitu interpretaciju njezine pri\u010de jer svakom nijansom iz ove kolekcije mo\u017eete oslikati svoje nokte komadi\u0107em njezinog svijeta snova, dopu\u0161taju\u0107i njezinoj o\u010daravaju\u0107oj pri\u010di da o\u017eivi kroz va\u0161 nail art!<\/p>\n<p>Lolita\u2019s Dream kolekciju \u010dini 5 savr\u0161enih nijansi ljubi\u010daste boje, od svijetlije do tamnije i sjajne:<\/p>\n<ul>\n<li>Lilac Lullaby<\/li>\n<li>Violet Vision<\/li>\n<li>Opulent Orchid<\/li>\n<li>Sparkle Spectacle<\/li>\n<li>Luminous Luster<\/li>\n<\/ul>\n<p>Tako inspirativne i tako mo\u0107ne, zar ne? Koja \u0107e vas prva o\u010darati i upotpuniti va\u0161 misti\u010dni \u017eenstveni look?<\/p>\n","protected":false},"excerpt":{"rendered":"<p>Zakora\u010dite u o\u010daravaju\u0107i svijet misti\u010dne \u017eenstvenosti uz predivne ljubi\u010daste nijanse nove Reformine kolekcije! Kroz lik Lolite, ova kolekcija pri\u010da o slo\u017eenom karakteru i najdubljim \u017eeljama \u017eene, o njezinim \u010de\u017enjama i snovima, kao i o njenoj privla\u010dnosti, elegenciji i stilu. Ljubi\u010dasta je kraljevska boja, boja luksuza i bogatstva, ali istovremeno simbolizira i duhovnost, mudrost, misti\u010dnost, intuitivnost, [&hellip;]<\/p>\n","protected":false},"featured_media":30815,"comment_status":"closed","ping_status":"closed","template":"","meta":[],"product_brand":[50],"product_cat":[171,172,187],"product_tag":[],"class_list":{"0":"post-30814","1":"product","2":"type-product","3":"status-publish","4":"has-post-thumbnail","6":"product_brand-reforma","7":"product_cat-setovi-i-kolekcije-trajnih-lakova-reforma","8":"product_cat-posebne-ponude-reforma","9":"product_cat-reforma-setovi-i-kolekcije-trajnih-lakova","11":"first","12":"instock","13":"sale","14":"shipping-taxable","15":"purchasable","16":"product-type-simple"},"_links":{"self":[{"href":"https:\/\/www.arty-nails.org\/web_shop\/wp-json\/wp\/v2\/product\/30814","targetHints":{"allow":["GET"]}}],"collection":[{"href":"https:\/\/www.arty-nails.org\/web_shop\/wp-json\/wp\/v2\/product"}],"about":[{"href":"https:\/\/www.arty-nails.org\/web_shop\/wp-json\/wp\/v2\/types\/product"}],"replies":[{"embeddable":true,"href":"https:\/\/www.arty-nails.org\/web_shop\/wp-json\/wp\/v2\/comments?post=30814"}],"wp:featuredmedia":[{"embeddable":true,"href":"https:\/\/www.arty-nails.org\/web_shop\/wp-json\/wp\/v2\/media\/30815"}],"wp:attachment":[{"href":"https:\/\/www.arty-nails.org\/web_shop\/wp-json\/wp\/v2\/media?parent=30814"}],"wp:term":[{"taxonomy":"product_brand","embeddable":true,"href":"https:\/\/www.arty-nails.org\/web_shop\/wp-json\/wp\/v2\/product_brand?post=30814"},{"taxonomy":"product_cat","embeddable":true,"href":"https:\/\/www.arty-nails.org\/web_shop\/wp-json\/wp\/v2\/product_cat?post=30814"},{"taxonomy":"product_tag","embeddable":true,"href":"https:\/\/www.arty-nails.org\/web_shop\/wp-json\/wp\/v2\/product_tag?post=30814"}],"curies":[{"name":"wp","href":"https:\/\/api.w.org\/{rel}","templated":true}]}}