{"id":30840,"date":"2023-12-14T00:16:48","date_gmt":"2023-12-13T23:16:48","guid":{"rendered":"https:\/\/www.arty-nails.org\/web_shop\/?post_type=product&#038;p=30840"},"modified":"2026-02-02T09:55:07","modified_gmt":"2026-02-02T08:55:07","slug":"reforma-liquid-gel-pink-orchid-10-ml","status":"publish","type":"product","link":"https:\/\/www.arty-nails.org\/web_shop\/proizvod\/reforma-liquid-gel-pink-orchid-10-ml\/","title":{"rendered":"REFORMA HARD BIBAB &#8211; LIQUID GEL PINK ORCHID 10 ml (Hema, TPO free)"},"content":{"rendered":"<p><strong>Liquid gel <\/strong>je inovativan materijal koji ima optimalnu kombinaciju elasti\u010dnosti i krutosti, \u0161to osigurava visoki stupanj kontrole prilikom nano\u0161enja i modeliranja. Ovaj proizvod je idealan za oja\u010davanje prirodnih noktiju, ispravljanje nesavr\u0161enosti i ravnanje plo\u010de nokta. Uz njegovu pomo\u0107 mo\u017eete u\u010dinkovito raditi tehniku bez turpijanja te kreirati nokte srednje duljine. Nakon polimerizacije, materijal stvara stabilan i dugotrajan premaz \u010dija kvaliteta ostaje nepromijenjena tjednima.<\/p>\n<p><strong>Prednosti Liquid gela:<\/strong><\/p>\n<ul>\n<li aria-level=\"1\">mo\u017ee se koristiti kao samostalan premaz ili kao bazni sloj za trajni lak<\/li>\n<li aria-level=\"1\">osigurava stabilan premaz bez skupljanja i ne zahtijeva dodatno turpijanje<\/li>\n<li aria-level=\"1\">pogodan je za sve razine iskustva nail tehni\u010dara, od po\u010detnika do profesionalaca<\/li>\n<li aria-level=\"1\">kratko vrijeme su\u0161enja u UV\/LED lampi<\/li>\n<\/ul>\n<p><strong>Liquid Gel step-by-step na\u010din primjene:<\/strong><\/p>\n<ol>\n<li>Priprema plo\u010de nokta: uz pomo\u0107 turpije od 220\/240 grita uklonite sjajnu povr\u0161inu nokta (matiranje).<\/li>\n<li>Dehidracija: o\u010distite plo\u010du nokta cleanerom.<\/li>\n<li>Priprema: nanesite Nail Prep kako biste odmastili i pripremili nokat.<\/li>\n<li>Primer: nanesite Ultrabond Primer kako biste optimizirali prianjanje.<\/li>\n<li>Base Coat: nanesite Rubber bazu ili Base Coat u tankom sloju.<\/li>\n<li>Su\u0161enje baze: su\u0161iti u UV\/LED lampi 1 minutu.<\/li>\n<li>Prvi sloj Liquid gela: nanesite tanki sloj (ne su\u0161ite u lampi).<\/li>\n<li>Drugi sloj Liquid gela: nanesite sloj kojim \u0107ete sve izravnati i su\u0161ite u lampi 2-3 minute.<\/li>\n<li>Oblikovanje: ukoliko je potrebno, podesite oblik uz pomo\u0107 turpije pod odgovaraju\u0107im kutom.<\/li>\n<li>Top Coat: nanesite top coat, prekrivaju\u0107i povr\u0161inu i slobodan rub nokta sa stra\u017enje strane.<\/li>\n<\/ol>\n","protected":false},"excerpt":{"rendered":"<p>Liquid gel je inovativan materijal koji ima optimalnu kombinaciju elasti\u010dnosti i krutosti, \u0161to osigurava visoki stupanj kontrole prilikom nano\u0161enja i modeliranja. Ovaj proizvod je idealan za oja\u010davanje prirodnih noktiju, ispravljanje nesavr\u0161enosti i ravnanje plo\u010de nokta. Uz njegovu pomo\u0107 mo\u017eete u\u010dinkovito raditi tehniku bez turpijanja te kreirati nokte srednje duljine. Nakon polimerizacije, materijal stvara stabilan i [&hellip;]<\/p>\n","protected":false},"featured_media":30852,"comment_status":"closed","ping_status":"closed","template":"","meta":[],"product_brand":[50],"product_cat":[256,257],"product_tag":[],"class_list":{"0":"post-30840","1":"product","2":"type-product","3":"status-publish","4":"has-post-thumbnail","6":"product_brand-reforma","7":"product_cat-liquid-gelovi-reforma","8":"product_cat-reforma-liquid-gelovi","10":"first","11":"instock","12":"shipping-taxable","13":"purchasable","14":"product-type-simple"},"_links":{"self":[{"href":"https:\/\/www.arty-nails.org\/web_shop\/wp-json\/wp\/v2\/product\/30840","targetHints":{"allow":["GET"]}}],"collection":[{"href":"https:\/\/www.arty-nails.org\/web_shop\/wp-json\/wp\/v2\/product"}],"about":[{"href":"https:\/\/www.arty-nails.org\/web_shop\/wp-json\/wp\/v2\/types\/product"}],"replies":[{"embeddable":true,"href":"https:\/\/www.arty-nails.org\/web_shop\/wp-json\/wp\/v2\/comments?post=30840"}],"wp:featuredmedia":[{"embeddable":true,"href":"https:\/\/www.arty-nails.org\/web_shop\/wp-json\/wp\/v2\/media\/30852"}],"wp:attachment":[{"href":"https:\/\/www.arty-nails.org\/web_shop\/wp-json\/wp\/v2\/media?parent=30840"}],"wp:term":[{"taxonomy":"product_brand","embeddable":true,"href":"https:\/\/www.arty-nails.org\/web_shop\/wp-json\/wp\/v2\/product_brand?post=30840"},{"taxonomy":"product_cat","embeddable":true,"href":"https:\/\/www.arty-nails.org\/web_shop\/wp-json\/wp\/v2\/product_cat?post=30840"},{"taxonomy":"product_tag","embeddable":true,"href":"https:\/\/www.arty-nails.org\/web_shop\/wp-json\/wp\/v2\/product_tag?post=30840"}],"curies":[{"name":"wp","href":"https:\/\/api.w.org\/{rel}","templated":true}]}}