{"id":30848,"date":"2023-12-14T00:20:20","date_gmt":"2023-12-13T23:20:20","guid":{"rendered":"https:\/\/www.arty-nails.org\/web_shop\/?post_type=product&#038;p=30848"},"modified":"2026-01-28T19:55:29","modified_gmt":"2026-01-28T18:55:29","slug":"reforma-soft-nude-kolekcija-liquid-gelova","status":"publish","type":"product","link":"https:\/\/www.arty-nails.org\/web_shop\/proizvod\/reforma-soft-nude-kolekcija-liquid-gelova\/","title":{"rendered":"REFORMA SOFT &#038; NUDE KOLEKCIJA HARD BIAB &#8211; LIQUID GELOVA"},"content":{"rendered":"<p>Novi \u010dudesni proizvodi ponovo nam sti\u017eu iz Reformine kuhinje!\ud83e\udd29<\/p>\n<p>Ve\u0107 sigurno znate da je ReformA oduvijek bila predvodnica u kreiranju trendova i inovacija pa ne \u010dudi da nas je ponovo iznenadila i odu\u0161evila novim fantasti\u010dnim proizvodima \u2013 Liquid gelovima!<\/p>\n<p><strong>Liquid gel\u00a0<\/strong>je inovativan materijal koji ima optimalnu kombinaciju elasti\u010dnosti i krutosti, \u0161to osigurava visoki stupanj kontrole prilikom nano\u0161enja i modeliranja. Ovaj proizvod je idealan za oja\u010davanje prirodnih noktiju, ispravljanje nesavr\u0161enosti i ravnanje plo\u010de nokta. Uz njegovu pomo\u0107 mo\u017eete u\u010dinkovito raditi tehniku bez turpijanja te kreirati nokte srednje duljine. Nakon polimerizacije, materijal stvara stabilan i dugotrajan premaz \u010dija kvaliteta ostaje nepromijenjena tjednima.<\/p>\n<p><strong>Prednosti Liquid gela:<\/strong><\/p>\n<ul>\n<li aria-level=\"1\">mo\u017ee se koristiti kao samostalan premaz ili kao bazni sloj za trajni lak<\/li>\n<li aria-level=\"1\">osigurava stabilan premaz bez skupljanja i ne zahtijeva dodatno turpijanje<\/li>\n<li aria-level=\"1\">pogodan je za sve razine iskustva nail tehni\u010dara, od po\u010detnika do profesionalaca<\/li>\n<li aria-level=\"1\">kratko vrijeme su\u0161enja u UV\/LED lampi<\/li>\n<\/ul>\n<p>Liquid gelovi se vrlo jednostavno primjenjuju, sli\u010dno kao i trajni lakovi. Vi\u0161e o\u00a0<a href=\"https:\/\/www.arty-nails.org\/web_shop\/product\/reforma-liquid-gel-scarlet-desire-10-ml\/\" target=\"_blank\" rel=\"noopener\"><strong>step-by-step na\u010dinu primjene<\/strong><\/a>\u00a0pro\u010ditajte u opisu svakog pojedina\u010dnog proizvoda.<\/p>\n<p>A da bi vam rad s ovim vrhunskim proizvodima bio jo\u0161 ljep\u0161i, trebamo li napomenuti da svi dolaze u predivnim bojama?<\/p>\n<p>Ova kolekcija sadr\u017ei 11 najtra\u017eenijih nude nijasi:<\/p>\n<ul>\n<li>Crystal White<\/li>\n<li>Pink Lace<\/li>\n<li>Pink Orchid<\/li>\n<li>Crystal Violet<\/li>\n<li>Pink Champagne<\/li>\n<li>White<\/li>\n<li>Pink Ice<\/li>\n<li>Crystal Pink<\/li>\n<li>Pink Pastel<\/li>\n<li>Pink Carnation<\/li>\n<li>Clear<\/li>\n<\/ul>\n","protected":false},"excerpt":{"rendered":"<p>Novi \u010dudesni proizvodi ponovo nam sti\u017eu iz Reformine kuhinje!\ud83e\udd29 Ve\u0107 sigurno znate da je ReformA oduvijek bila predvodnica u kreiranju trendova i inovacija pa ne \u010dudi da nas je ponovo iznenadila i odu\u0161evila novim fantasti\u010dnim proizvodima \u2013 Liquid gelovima! Liquid gel\u00a0je inovativan materijal koji ima optimalnu kombinaciju elasti\u010dnosti i krutosti, \u0161to osigurava visoki stupanj kontrole [&hellip;]<\/p>\n","protected":false},"featured_media":30868,"comment_status":"closed","ping_status":"closed","template":"","meta":[],"product_brand":[50],"product_cat":[172,256,257],"product_tag":[],"class_list":{"0":"post-30848","1":"product","2":"type-product","3":"status-publish","4":"has-post-thumbnail","6":"product_brand-reforma","7":"product_cat-posebne-ponude-reforma","8":"product_cat-liquid-gelovi-reforma","9":"product_cat-reforma-liquid-gelovi","11":"first","12":"instock","13":"sale","14":"shipping-taxable","15":"purchasable","16":"product-type-simple"},"_links":{"self":[{"href":"https:\/\/www.arty-nails.org\/web_shop\/wp-json\/wp\/v2\/product\/30848","targetHints":{"allow":["GET"]}}],"collection":[{"href":"https:\/\/www.arty-nails.org\/web_shop\/wp-json\/wp\/v2\/product"}],"about":[{"href":"https:\/\/www.arty-nails.org\/web_shop\/wp-json\/wp\/v2\/types\/product"}],"replies":[{"embeddable":true,"href":"https:\/\/www.arty-nails.org\/web_shop\/wp-json\/wp\/v2\/comments?post=30848"}],"wp:featuredmedia":[{"embeddable":true,"href":"https:\/\/www.arty-nails.org\/web_shop\/wp-json\/wp\/v2\/media\/30868"}],"wp:attachment":[{"href":"https:\/\/www.arty-nails.org\/web_shop\/wp-json\/wp\/v2\/media?parent=30848"}],"wp:term":[{"taxonomy":"product_brand","embeddable":true,"href":"https:\/\/www.arty-nails.org\/web_shop\/wp-json\/wp\/v2\/product_brand?post=30848"},{"taxonomy":"product_cat","embeddable":true,"href":"https:\/\/www.arty-nails.org\/web_shop\/wp-json\/wp\/v2\/product_cat?post=30848"},{"taxonomy":"product_tag","embeddable":true,"href":"https:\/\/www.arty-nails.org\/web_shop\/wp-json\/wp\/v2\/product_tag?post=30848"}],"curies":[{"name":"wp","href":"https:\/\/api.w.org\/{rel}","templated":true}]}}