{"id":31122,"date":"2024-01-04T00:56:22","date_gmt":"2024-01-03T23:56:22","guid":{"rendered":"https:\/\/www.arty-nails.org\/web_shop\/?post_type=product&#038;p=31122"},"modified":"2025-10-25T19:34:17","modified_gmt":"2025-10-25T17:34:17","slug":"arty-nails-turpija-premium-100-180-ergonomska-drska-35-kom","status":"publish","type":"product","link":"https:\/\/www.arty-nails.org\/web_shop\/proizvod\/arty-nails-turpija-premium-100-180-ergonomska-drska-35-kom\/","title":{"rendered":"ARTY NAILS TURPIJA PREMIUM 100\/180 ERGONOMSKA DR\u0160KA &#8211; tanja &#8211; 35 kom"},"content":{"rendered":"<p>Nove \u010dvr\u0161\u0107e turpije. Na\u0161e najprodavanije turpije sada dolaze s novom ergonomskom dr\u0161kom koja je samo 2 mm tanja, ali \u010dvr\u0161\u0107a od standardne verzije. Idealne su za obradu kra\u0107ih duljina i trajnog laka jer se njima lak\u0161e ulazi ispod nokta.<\/p>\n<p>Premium turpije u sterilnim vre\u0107icama. Va\u0161i klijenti jednostavno \u0107e obo\u017eavati kada vide da dr\u017eite do svih higijenskih standarda. Ove eco friendly turpije za nokte imaju \u010dvrstu bazu, vrhunske su kvalitete, izrazito su dugotrajne i od materijala koji prilikom turpijanja stvara manje pra\u0161ine.<\/p>\n","protected":false},"excerpt":{"rendered":"<p>Nove \u010dvr\u0161\u0107e turpije. Na\u0161e najprodavanije turpije sada dolaze s novom ergonomskom dr\u0161kom koja je samo 2 mm tanja, ali \u010dvr\u0161\u0107a od standardne verzije. Idealne su za obradu kra\u0107ih duljina i trajnog laka jer se njima lak\u0161e ulazi ispod nokta. Premium turpije u sterilnim vre\u0107icama. Va\u0161i klijenti jednostavno \u0107e obo\u017eavati kada vide da dr\u017eite do svih [&hellip;]<\/p>\n","protected":false},"featured_media":11233,"comment_status":"closed","ping_status":"closed","template":"","meta":[],"product_brand":[55],"product_cat":[148,209,194],"product_tag":[],"class_list":{"0":"post-31122","1":"product","2":"type-product","3":"status-publish","4":"has-post-thumbnail","6":"product_brand-arty-nails","7":"product_cat-arty-nails-turpije-i-bufferi","8":"product_cat-posebne-ponude-arty-nails","9":"product_cat-turpije-polumjesec","11":"first","12":"instock","13":"sale","14":"shipping-taxable","15":"purchasable","16":"product-type-simple"},"_links":{"self":[{"href":"https:\/\/www.arty-nails.org\/web_shop\/wp-json\/wp\/v2\/product\/31122","targetHints":{"allow":["GET"]}}],"collection":[{"href":"https:\/\/www.arty-nails.org\/web_shop\/wp-json\/wp\/v2\/product"}],"about":[{"href":"https:\/\/www.arty-nails.org\/web_shop\/wp-json\/wp\/v2\/types\/product"}],"replies":[{"embeddable":true,"href":"https:\/\/www.arty-nails.org\/web_shop\/wp-json\/wp\/v2\/comments?post=31122"}],"wp:featuredmedia":[{"embeddable":true,"href":"https:\/\/www.arty-nails.org\/web_shop\/wp-json\/wp\/v2\/media\/11233"}],"wp:attachment":[{"href":"https:\/\/www.arty-nails.org\/web_shop\/wp-json\/wp\/v2\/media?parent=31122"}],"wp:term":[{"taxonomy":"product_brand","embeddable":true,"href":"https:\/\/www.arty-nails.org\/web_shop\/wp-json\/wp\/v2\/product_brand?post=31122"},{"taxonomy":"product_cat","embeddable":true,"href":"https:\/\/www.arty-nails.org\/web_shop\/wp-json\/wp\/v2\/product_cat?post=31122"},{"taxonomy":"product_tag","embeddable":true,"href":"https:\/\/www.arty-nails.org\/web_shop\/wp-json\/wp\/v2\/product_tag?post=31122"}],"curies":[{"name":"wp","href":"https:\/\/api.w.org\/{rel}","templated":true}]}}