{"id":31181,"date":"2024-01-07T20:26:14","date_gmt":"2024-01-07T19:26:14","guid":{"rendered":"https:\/\/www.arty-nails.org\/web_shop\/?post_type=product&#038;p=31181"},"modified":"2026-02-02T09:52:59","modified_gmt":"2026-02-02T08:52:59","slug":"arty-nails-sand-dune-keratin-protein-builder-gel-5-ml","status":"publish","type":"product","link":"https:\/\/www.arty-nails.org\/web_shop\/proizvod\/arty-nails-sand-dune-keratin-protein-builder-gel-5-ml\/","title":{"rendered":"ARTY NAILS SAND DUNE KERATIN\/PROTEIN BUILDER GEL 5 ml (Hema, Di-Hema, TPO free)"},"content":{"rendered":"<p>Na\u0161u najprodavaniju liniju keratinskih gelova obogatili smo s dvije nove nijanse: Minimal Chic i Sand Dune. Ali to nije jedina novost! Naime, ova patentirana formula osvojila je tisu\u0107e na\u0161ih korisnika zbog svog jedinstvenog sastava koji sadr\u017ei keratin i fiber, a sada smo tu formulu jo\u0161 obogatili i proteinima.<\/p>\n<p>\u0160to to zna\u010di za vas i va\u0161e klijente? Jo\u0161 bolje, \u010dvr\u0161\u0107e i zdravije nokte. Gelovi su zadr\u017eali ista svojstva, savr\u0161eno su lagani za rad, bez potrebe za dodatnim turpijanjem, samoniveliraju\u0107i su, predivnih boja, a zbog lako\u0107e rada vrijeme izrade nokta skra\u0107uje se i za pola sata.<\/p>\n<p>Zahvaljuju\u0107i proteinima, ovo je jedinstvena nje\u017ena formulacija koja \u0161titi nokte od kemijskih i toplinskih opeklina. Nakon polimerizacije gel zadr\u017eava odre\u0111en stupanj elasti\u010dnosti, prilago\u0111avaju\u0107i se plo\u010di nokta. Predobro, zar ne?<\/p>\n<p>Sigurni smo da \u0107ete biti i vi\u0161e nego odu\u0161evljeni s ova dva nova ljepotana, a posebice jer su to najtra\u017eeniji tonovi nude gelova.<\/p>\n<ul>\n<li>bez osje\u0107aja peckanja<\/li>\n<li>bez mirisa<\/li>\n<li>superiorno prianja i ne odi\u017ee se<\/li>\n<li>no file tehnika rada \u2013 bez turpijanja<\/li>\n<li>samoniveliraju\u0107i<\/li>\n<li>bez razlijevanja<\/li>\n<li>izrazito lagani za rad<\/li>\n<li>ekstremno \u010dvrsti<\/li>\n<li>pogodni za jako duge nokte<\/li>\n<li>dodatak proteina<\/li>\n<li>unikatna formula na tr\u017ei\u0161tu<\/li>\n<\/ul>\n<p>Su\u0161iti 1 do 2 minute u LED lampi. Su\u0161enje ovisi o ja\u010dini i kvaliteti LED lampe.<\/p>\n","protected":false},"excerpt":{"rendered":"<p>Na\u0161u najprodavaniju liniju keratinskih gelova obogatili smo s dvije nove nijanse: Minimal Chic i Sand Dune. Ali to nije jedina novost! Naime, ova patentirana formula osvojila je tisu\u0107e na\u0161ih korisnika zbog svog jedinstvenog sastava koji sadr\u017ei keratin i fiber, a sada smo tu formulu jo\u0161 obogatili i proteinima. \u0160to to zna\u010di za vas i va\u0161e [&hellip;]<\/p>\n","protected":false},"featured_media":31185,"comment_status":"closed","ping_status":"closed","template":"","meta":[],"product_brand":[55],"product_cat":[85,140],"product_tag":[],"class_list":{"0":"post-31181","1":"product","2":"type-product","3":"status-publish","4":"has-post-thumbnail","6":"product_brand-arty-nails","7":"product_cat-arty-nails-gelovi","8":"product_cat-gradivni-gelovi-arty-nails","10":"first","11":"instock","12":"shipping-taxable","13":"purchasable","14":"product-type-simple"},"_links":{"self":[{"href":"https:\/\/www.arty-nails.org\/web_shop\/wp-json\/wp\/v2\/product\/31181","targetHints":{"allow":["GET"]}}],"collection":[{"href":"https:\/\/www.arty-nails.org\/web_shop\/wp-json\/wp\/v2\/product"}],"about":[{"href":"https:\/\/www.arty-nails.org\/web_shop\/wp-json\/wp\/v2\/types\/product"}],"replies":[{"embeddable":true,"href":"https:\/\/www.arty-nails.org\/web_shop\/wp-json\/wp\/v2\/comments?post=31181"}],"wp:featuredmedia":[{"embeddable":true,"href":"https:\/\/www.arty-nails.org\/web_shop\/wp-json\/wp\/v2\/media\/31185"}],"wp:attachment":[{"href":"https:\/\/www.arty-nails.org\/web_shop\/wp-json\/wp\/v2\/media?parent=31181"}],"wp:term":[{"taxonomy":"product_brand","embeddable":true,"href":"https:\/\/www.arty-nails.org\/web_shop\/wp-json\/wp\/v2\/product_brand?post=31181"},{"taxonomy":"product_cat","embeddable":true,"href":"https:\/\/www.arty-nails.org\/web_shop\/wp-json\/wp\/v2\/product_cat?post=31181"},{"taxonomy":"product_tag","embeddable":true,"href":"https:\/\/www.arty-nails.org\/web_shop\/wp-json\/wp\/v2\/product_tag?post=31181"}],"curies":[{"name":"wp","href":"https:\/\/api.w.org\/{rel}","templated":true}]}}