{"id":31422,"date":"2024-01-17T19:37:39","date_gmt":"2024-01-17T18:37:39","guid":{"rendered":"https:\/\/www.arty-nails.org\/web_shop\/?post_type=product&#038;p=31422"},"modified":"2026-02-02T09:30:07","modified_gmt":"2026-02-02T08:30:07","slug":"arty-nails-trajni-lak-173-in-vogue-10-ml","status":"publish","type":"product","link":"https:\/\/www.arty-nails.org\/web_shop\/proizvod\/arty-nails-trajni-lak-173-in-vogue-10-ml\/","title":{"rendered":"ARTY NAILS TRAJNI LAK 173. IN VOGUE 10 ml  (Hema, Di-Hema, TPO free)"},"content":{"rendered":"<p><span style=\"font-weight: 400;\">Nude Aesthetic nova je antialergijska kolekcija trajnih lakova &#8211; prvi HEMA, DI-HEMA i TPO FREE trajni lakovi na tr\u017ei\u0161tu.<\/span><\/p>\n<p>Na\u0161i vrhunski trajni lakovi sada dolaze u jo\u0161 boljoj formuli u kojoj smo ostvarili <span style=\"font-weight: 400;\">da s nepromijenjenom kvalitetom boja, gusto\u0107om i pigmentom dobijemo vrhunski proizvod, posebice za one koji imaju problema s ekcemima, alergijama ili samo \u017eele jo\u0161 sigurnije proizvode.<\/span><\/p>\n<p>Za\u0161to za rad odabrati na\u0161u novu predivnu formulu trajnih lakova? Prije svega velikim trudom za vas smo kreirali jedinstvenu kremastu teksturu kojom vam jam\u010dimo super pigmentiranu aplikaciju trajnog laka. Ono \u0161to bismo \u017eeljeli istaknuti je da se na\u0161a formula boja ne salijeva u zanoktice \u0161to svaki nail tehni\u010dar itekako zna da je jako bitno.<\/p>\n<ul>\n<li data-mce-word-list=\"1\">boje se mogu nanositi jako blizu zanoktica<\/li>\n<li data-mce-word-list=\"1\">boje se ne\u0107e razlijevati u zanoktici niti lateralne strane nokta<\/li>\n<li data-mce-word-list=\"1\">dovoljan je jedan sloj<\/li>\n<li data-mce-word-list=\"1\">samoniveliraju\u0107e su<\/li>\n<li data-mce-word-list=\"1\">ekstremno lake za rad<\/li>\n<li data-mce-word-list=\"1\">topiva formula<\/li>\n<li>bez mirisa<\/li>\n<\/ul>\n","protected":false},"excerpt":{"rendered":"<p>Nude Aesthetic nova je antialergijska kolekcija trajnih lakova &#8211; prvi HEMA, DI-HEMA i TPO FREE trajni lakovi na tr\u017ei\u0161tu. Na\u0161i vrhunski trajni lakovi sada dolaze u jo\u0161 boljoj formuli u kojoj smo ostvarili da s nepromijenjenom kvalitetom boja, gusto\u0107om i pigmentom dobijemo vrhunski proizvod, posebice za one koji imaju problema s ekcemima, alergijama ili samo [&hellip;]<\/p>\n","protected":false},"featured_media":31392,"comment_status":"closed","ping_status":"closed","template":"","meta":[],"product_brand":[55],"product_cat":[208,206],"product_tag":[],"class_list":{"0":"post-31422","1":"product","2":"type-product","3":"status-publish","4":"has-post-thumbnail","6":"product_brand-arty-nails","7":"product_cat-arty-nails-trajni-lakovi-boje","8":"product_cat-trajni-lakovi-arty-nails-boje","10":"first","11":"instock","12":"shipping-taxable","13":"purchasable","14":"product-type-simple"},"_links":{"self":[{"href":"https:\/\/www.arty-nails.org\/web_shop\/wp-json\/wp\/v2\/product\/31422","targetHints":{"allow":["GET"]}}],"collection":[{"href":"https:\/\/www.arty-nails.org\/web_shop\/wp-json\/wp\/v2\/product"}],"about":[{"href":"https:\/\/www.arty-nails.org\/web_shop\/wp-json\/wp\/v2\/types\/product"}],"replies":[{"embeddable":true,"href":"https:\/\/www.arty-nails.org\/web_shop\/wp-json\/wp\/v2\/comments?post=31422"}],"wp:featuredmedia":[{"embeddable":true,"href":"https:\/\/www.arty-nails.org\/web_shop\/wp-json\/wp\/v2\/media\/31392"}],"wp:attachment":[{"href":"https:\/\/www.arty-nails.org\/web_shop\/wp-json\/wp\/v2\/media?parent=31422"}],"wp:term":[{"taxonomy":"product_brand","embeddable":true,"href":"https:\/\/www.arty-nails.org\/web_shop\/wp-json\/wp\/v2\/product_brand?post=31422"},{"taxonomy":"product_cat","embeddable":true,"href":"https:\/\/www.arty-nails.org\/web_shop\/wp-json\/wp\/v2\/product_cat?post=31422"},{"taxonomy":"product_tag","embeddable":true,"href":"https:\/\/www.arty-nails.org\/web_shop\/wp-json\/wp\/v2\/product_tag?post=31422"}],"curies":[{"name":"wp","href":"https:\/\/api.w.org\/{rel}","templated":true}]}}