{"id":32544,"date":"2024-03-13T19:24:05","date_gmt":"2024-03-13T18:24:05","guid":{"rendered":"https:\/\/www.arty-nails.org\/web_shop\/?post_type=product&#038;p=32544"},"modified":"2026-02-02T10:02:19","modified_gmt":"2026-02-02T09:02:19","slug":"arty-nails-divine-gold-ritual-30-ml","status":"publish","type":"product","link":"https:\/\/www.arty-nails.org\/web_shop\/proizvod\/arty-nails-divine-gold-ritual-30-ml\/","title":{"rendered":"ARTY NAILS DIVINE GOLD RITUAL 30 ml"},"content":{"rendered":"<p><strong>DIVINE GOLD RITUAL<\/strong><\/p>\n<p>Vegansko ulje za njegu lica, ruku i noktiju. Sadr\u017ei dragocjene zlatne \u010destice sa izvrsnim svojstvima koja poja\u010davaju djelovanje aktivnih sastojaka \u2013 prirodnih ulja. Nakon primjene ko\u017ea izgleda mladoliko i blistavo. Formula se temelji na 95,9% prirodnih sastojaka. Va\u0161a najluksuznija zlatna infuzija.<\/p>\n<p>Veganska receptura, bez sirovina \u017eivotinjskog podrijetla, potvr\u0111ena od strane me\u0111unarodne organizacije.<\/p>\n<p>Sadr\u017ei zlatne listi\u0107e i vrlo vrijedna biljna ulja.<\/p>\n<p><u>Zlato<\/u> \u2013 poti\u010de sintezu kolagena, usporava proces starenja. Pobolj\u0161ava djelovanje aktivnih<\/p>\n<p>sastojaka poti\u010du\u0107i njihovu apsorpciju u duboke slojeve ko\u017ee, posvjetljuje i<\/p>\n<p>hidratatizira. Ko\u017ei daje blistav izgled. Djeluje antibakterijski i protuupalno.<\/p>\n<p><u>Ulje slatkog badema<\/u> \u2013 obnavlja lipidnu barijeru ko\u017ee, savr\u0161eno je vla\u017ei i omek\u0161ava<\/p>\n<p>epidermis.<\/p>\n<p><u>Arganovo ulje<\/u> \u2013 poma\u017ee u borbi protiv slobodnih radikala, sprje\u010dava starenje ko\u017ee. Zagla\u0111uje i posvijetljuje ten. Izvor je prirodnih antioksidansa poput vitamina E, skvalana, polifenola i nezasi\u0107enih masnih kiselina (omega-6 i omega-9). Ima protuupalna svojstva i umiruje iritacije.<\/p>\n<p><u>Ulje p\u0161eni\u010dnih klica<\/u> \u2013 vitaminska bomba za ko\u017eu. Sadr\u017ei vitamine B skupine, vitamin A, vitamin D, kalcij, magnezij, kalij, sumpor, fosfor, \u017eeljezo, natrij, vlakna, fitosteroli, fosfor.<\/p>\n<p><u>Vitamin E<\/u> \u2013 antioksidativno djelovanje, pobolj\u0161ava hidrataciju ko\u017ee, ja\u010da hidrolipidnu barijeru ko\u017ee i<\/p>\n<p>smanjuje crvenilo.<\/p>\n<p>&nbsp;<\/p>\n<p><u>ZNA\u010cAJKE PROZVODA<\/u><\/p>\n<p>Lagana uljasta konzistencija.<\/p>\n<p>Za hidrataciju i njegu ko\u017ee.<\/p>\n<p>Recept s dragocjenim zlatnim listi\u0107ima.<\/p>\n<p>Biljni prirodni sastav.<\/p>\n<p><u>PREDNOSTI<\/u><\/p>\n<p>Lako i brzo nano\u0161enje.<\/p>\n<p>Hranjiva mje\u0161avina mnogih aktivnih sastojaka u jednom proizvodu.<\/p>\n<p>Uz redovitu upotrebu va\u0161a ko\u017ea je hidrirana i nahranjena.<\/p>\n<p>Brzo se upija i ne ostavlja masni film na zanokticama.<\/p>\n<p>Efekt lijepe i blistave ko\u017ee.<\/p>\n<p><u>Savjeti za primjenu<\/u>:<\/p>\n<p>Nanesite malu koli\u010dinu proizvoda. Umasirajte i ostavite neko vrijeme da djeluje<\/p>\n","protected":false},"excerpt":{"rendered":"<p>DIVINE GOLD RITUAL Vegansko ulje za njegu lica, ruku i noktiju. Sadr\u017ei dragocjene zlatne \u010destice sa izvrsnim svojstvima koja poja\u010davaju djelovanje aktivnih sastojaka \u2013 prirodnih ulja. Nakon primjene ko\u017ea izgleda mladoliko i blistavo. Formula se temelji na 95,9% prirodnih sastojaka. Va\u0161a najluksuznija zlatna infuzija. Veganska receptura, bez sirovina \u017eivotinjskog podrijetla, potvr\u0111ena od strane me\u0111unarodne organizacije. [&hellip;]<\/p>\n","protected":false},"featured_media":32535,"comment_status":"closed","ping_status":"closed","template":"","meta":[],"product_brand":[55],"product_cat":[110,135,126,80],"product_tag":[],"class_list":{"0":"post-32544","1":"product","2":"type-product","3":"status-publish","4":"has-post-thumbnail","6":"product_brand-arty-nails","7":"product_cat-arty-nails-spa-linija","8":"product_cat-spa-njega-noktiju","9":"product_cat-spa-njega-ruku","10":"product_cat-ulja-za-zanoktice","12":"first","13":"instock","14":"shipping-taxable","15":"purchasable","16":"product-type-simple"},"_links":{"self":[{"href":"https:\/\/www.arty-nails.org\/web_shop\/wp-json\/wp\/v2\/product\/32544","targetHints":{"allow":["GET"]}}],"collection":[{"href":"https:\/\/www.arty-nails.org\/web_shop\/wp-json\/wp\/v2\/product"}],"about":[{"href":"https:\/\/www.arty-nails.org\/web_shop\/wp-json\/wp\/v2\/types\/product"}],"replies":[{"embeddable":true,"href":"https:\/\/www.arty-nails.org\/web_shop\/wp-json\/wp\/v2\/comments?post=32544"}],"wp:featuredmedia":[{"embeddable":true,"href":"https:\/\/www.arty-nails.org\/web_shop\/wp-json\/wp\/v2\/media\/32535"}],"wp:attachment":[{"href":"https:\/\/www.arty-nails.org\/web_shop\/wp-json\/wp\/v2\/media?parent=32544"}],"wp:term":[{"taxonomy":"product_brand","embeddable":true,"href":"https:\/\/www.arty-nails.org\/web_shop\/wp-json\/wp\/v2\/product_brand?post=32544"},{"taxonomy":"product_cat","embeddable":true,"href":"https:\/\/www.arty-nails.org\/web_shop\/wp-json\/wp\/v2\/product_cat?post=32544"},{"taxonomy":"product_tag","embeddable":true,"href":"https:\/\/www.arty-nails.org\/web_shop\/wp-json\/wp\/v2\/product_tag?post=32544"}],"curies":[{"name":"wp","href":"https:\/\/api.w.org\/{rel}","templated":true}]}}