{"id":33333,"date":"2024-04-28T00:24:41","date_gmt":"2024-04-27T22:24:41","guid":{"rendered":"https:\/\/www.arty-nails.org\/web_shop\/?post_type=product&#038;p=33333"},"modified":"2026-02-02T09:24:43","modified_gmt":"2026-02-02T08:24:43","slug":"arty-nails-pedicure-pro-base-10-ml","status":"publish","type":"product","link":"https:\/\/www.arty-nails.org\/web_shop\/proizvod\/arty-nails-pedicure-pro-base-10-ml\/","title":{"rendered":"ARTY NAILS PEDICURE PRO BASE 10 ml  (Hema, Di-Hema, TPO free)"},"content":{"rendered":"<p><span style=\"font-weight: 400;\">Nokti su jedan od klju\u010dnih elemenata na\u0161eg izgleda i \u010desto su pokazatelj na\u0161eg zdravlja. Stoga je va\u017eno brinuti se o njima i odr\u017eavati ih zdravima i sna\u017enima. Inovativna baza za trajni lak Pedicure Pro <\/span><span style=\"font-weight: 400;\">s kalcijem i vitaminom E osigurava ne samo estetski lijep izgled noktiju, ve\u0107 i njihovu dugoro\u010dnu vitalnost.<\/span><\/p>\n<p><span style=\"font-weight: 400;\">Kalcij je esencijalni mineral za zdravlje kostiju, ali ima i klju\u010dnu ulogu u ja\u010danju noktiju. Nedostatak kalcija mo\u017ee rezultirati lomljivim noktima koji se lako listaju i pucaju. Dodatak kalcija u trajnom laku pru\u017ea dodatnu podr\u0161ku noktima, \u010dine\u0107i ih ja\u010dima i otpornijima na o\u0161tec\u0301enja.<\/span><\/p>\n<p><span style=\"font-weight: 400;\">Vitamin E ima va\u017enu ulogu u odr\u017eavanju hidratacije, ja\u010danju strukture noktiju i poticanju rasta. Njegovo prisustvo u trajnom laku osigurava cjelovitu njegu noktiju tijekom cijelog razdoblja no\u0161enja laka.<\/span><\/p>\n<p><span style=\"font-weight: 400;\">Jedna od glavnih prednosti ove baze je njena dugotrajnost, \u010dime se smanjuje potreba za \u010destim popravcima i ponovnim nano\u0161enjem. To \u0161tedi vrijeme, ali i novac pa je ona idealan izbor za zaposlene \u017eene i sve koji vode aktivan \u017eivot. <\/span><span style=\"font-weight: 400;\">Dodatna prednost ovog proizvoda je lakoc\u0301a uklanjanja, bez potrebe za agresivnim kemijskim sredstvima, \u010dime se \u010duva prirodna snaga noktiju.<\/span><\/p>\n<p>Pedicure Pro baza nema kiseline kako bi se osigurala \u0161to nje\u017enija za\u0161tita nokta te je HEMA, DI-HEMA i TPO free. Razvijena je u suradnji s pedikerima kako bi pomogla odr\u017eati integritet nokta te je idealna za nokte na nogama, ali i na rukama.<\/p>\n<p>SVOJSTVA:<\/p>\n<ul>\n<li>lagana za primjenu<\/li>\n<li>fleksibilna i otporna<\/li>\n<li>oboga\u0107ena kalcijem i vitaminom E<\/li>\n<li>bez kiselina<\/li>\n<li>bez HEMA, DI-HEMA i TPO<\/li>\n<li>idealna za nokte na nogama i rukama<\/li>\n<\/ul>\n<p>Zahvaljuju\u0107i svim ovim karakteristikama, Pedicure Pro baza<span style=\"font-weight: 400;\"> donosi revoluciju u njezi noktiju. Omoguc\u0301ava istovremeno odr\u017eavanje estetskog izgleda noktiju i unapre\u0111enje njihovog zdravlja. Ako tra\u017eite inovativan proizvod koji c\u0301e vam pomoc\u0301i da postignete sjajne nokte, ne tra\u017eite dalje &#8211; baza s kalcijem i vitaminom E je pravi izbor za vas. U\u017eivajte u lijepim i zdravim noktima uz ovaj revolucionarni proizvod!<\/span><\/p>\n","protected":false},"excerpt":{"rendered":"<p>Nokti su jedan od klju\u010dnih elemenata na\u0161eg izgleda i \u010desto su pokazatelj na\u0161eg zdravlja. Stoga je va\u017eno brinuti se o njima i odr\u017eavati ih zdravima i sna\u017enima. Inovativna baza za trajni lak Pedicure Pro s kalcijem i vitaminom E osigurava ne samo estetski lijep izgled noktiju, ve\u0107 i njihovu dugoro\u010dnu vitalnost. Kalcij je esencijalni mineral [&hellip;]<\/p>\n","protected":false},"featured_media":33330,"comment_status":"closed","ping_status":"closed","template":"","meta":[],"product_brand":[55],"product_cat":[207,251],"product_tag":[],"class_list":{"0":"post-33333","1":"product","2":"type-product","3":"status-publish","4":"has-post-thumbnail","6":"product_brand-arty-nails","7":"product_cat-arty-nails-baze-za-trajni-lak","8":"product_cat-baze-za-trajni-lak-arty-nails","10":"first","11":"instock","12":"shipping-taxable","13":"purchasable","14":"product-type-simple"},"_links":{"self":[{"href":"https:\/\/www.arty-nails.org\/web_shop\/wp-json\/wp\/v2\/product\/33333","targetHints":{"allow":["GET"]}}],"collection":[{"href":"https:\/\/www.arty-nails.org\/web_shop\/wp-json\/wp\/v2\/product"}],"about":[{"href":"https:\/\/www.arty-nails.org\/web_shop\/wp-json\/wp\/v2\/types\/product"}],"replies":[{"embeddable":true,"href":"https:\/\/www.arty-nails.org\/web_shop\/wp-json\/wp\/v2\/comments?post=33333"}],"wp:featuredmedia":[{"embeddable":true,"href":"https:\/\/www.arty-nails.org\/web_shop\/wp-json\/wp\/v2\/media\/33330"}],"wp:attachment":[{"href":"https:\/\/www.arty-nails.org\/web_shop\/wp-json\/wp\/v2\/media?parent=33333"}],"wp:term":[{"taxonomy":"product_brand","embeddable":true,"href":"https:\/\/www.arty-nails.org\/web_shop\/wp-json\/wp\/v2\/product_brand?post=33333"},{"taxonomy":"product_cat","embeddable":true,"href":"https:\/\/www.arty-nails.org\/web_shop\/wp-json\/wp\/v2\/product_cat?post=33333"},{"taxonomy":"product_tag","embeddable":true,"href":"https:\/\/www.arty-nails.org\/web_shop\/wp-json\/wp\/v2\/product_tag?post=33333"}],"curies":[{"name":"wp","href":"https:\/\/api.w.org\/{rel}","templated":true}]}}