{"id":33525,"date":"2024-05-13T20:51:33","date_gmt":"2024-05-13T18:51:33","guid":{"rendered":"https:\/\/www.arty-nails.org\/web_shop\/?post_type=product&#038;p=33525"},"modified":"2025-10-17T14:57:52","modified_gmt":"2025-10-17T12:57:52","slug":"arty-nails-croatian-summer-kolekcija-trajnih-lakova","status":"publish","type":"product","link":"https:\/\/www.arty-nails.org\/web_shop\/proizvod\/arty-nails-croatian-summer-kolekcija-trajnih-lakova\/","title":{"rendered":"ARTY NAILS CROATIAN SUMMER KOLEKCIJA TRAJNIH LAKOVA"},"content":{"rendered":"<div>\n<p>Kolekcija trajnih lakova i\u00a0 top boje ljeta udru\u017eeni u Croatian Summer za va\u0161 potpuni u\u017eitak!\ud83e\udd29<\/p>\n<p>Predstavljamo vam na\u0161u najnoviju kolekciju trajnih lakova pod nazivom\u00a0<a href=\"https:\/\/www.arty-nails.org\/web_shop\/product\/arty-nails-croatian-summer-kolekcija-trajnih-lakova\/\" target=\"_blank\" rel=\"noopener\">Croatian Summer<\/a>. Nadahnuta prekrasnom ljepotom hrvatske obale Jadrana, ova kolekcija sadr\u017eava sr\u017e mediteranskog odmora okupanog suncem \u2013 jer \u0161to je ljeto bez jarkih i veselih boja!\ud83c\udfa8<\/p>\n<p>Bilo da u\u017eivate na pla\u017ei, pijete koktele na nekoj terasi uz more ili ple\u0161ete do zore, uz nove boje Croatian Summer kolekcije va\u0161i \u0107e nokti biti chic i stylish cijele sezone i naglasiti va\u0161 summer look!<\/p>\n<\/div>\n<p>Novih predivnih 8 ljetnih boja su:<\/p>\n<ul class=\"wp-block-list\">\n<li>174 Hedonism<\/li>\n<li>175 Hot Bikini<\/li>\n<li>176 High Temperature<\/li>\n<li>177 Hidden Beach<\/li>\n<li>178 Sea Breeze<\/li>\n<li>179 Rent a Boat<\/li>\n<li>180 Absolute Stunning<\/li>\n<li>181 Cold Drink<\/li>\n<\/ul>\n<p>Ne samo da su na\u0161i lakovi nevjerojatno dugotrajni, ve\u0107 su i napravljeni od visokokvalitetnih sastojaka koji \u0161tite va\u0161e nokte od o\u0161te\u0107enja i pru\u017eaju im sjajnu i postojanu boju.<\/p>\n<p>Osvje\u017eite svoj look Croatian Summer kolekcijom trajnih lakova i u\u017eivajte u savr\u0161enim noktima \u010ditavo ljeto!<\/p>\n","protected":false},"excerpt":{"rendered":"<p>Kolekcija trajnih lakova i\u00a0 top boje ljeta udru\u017eeni u Croatian Summer za va\u0161 potpuni u\u017eitak!\ud83e\udd29 Predstavljamo vam na\u0161u najnoviju kolekciju trajnih lakova pod nazivom\u00a0Croatian Summer. Nadahnuta prekrasnom ljepotom hrvatske obale Jadrana, ova kolekcija sadr\u017eava sr\u017e mediteranskog odmora okupanog suncem \u2013 jer \u0161to je ljeto bez jarkih i veselih boja!\ud83c\udfa8 Bilo da u\u017eivate na pla\u017ei, pijete [&hellip;]<\/p>\n","protected":false},"featured_media":33503,"comment_status":"closed","ping_status":"closed","template":"","meta":[],"product_brand":[55],"product_cat":[214,215,209],"product_tag":[],"class_list":{"0":"post-33525","1":"product","2":"type-product","3":"status-publish","4":"has-post-thumbnail","6":"product_brand-arty-nails","7":"product_cat-setovi-i-kolekcije-trajnih-lakova-arty-nails","8":"product_cat-arty-nails-setovi-i-kolekcije-trajnih-lakova","9":"product_cat-posebne-ponude-arty-nails","11":"first","12":"instock","13":"sale","14":"shipping-taxable","15":"purchasable","16":"product-type-simple"},"_links":{"self":[{"href":"https:\/\/www.arty-nails.org\/web_shop\/wp-json\/wp\/v2\/product\/33525","targetHints":{"allow":["GET"]}}],"collection":[{"href":"https:\/\/www.arty-nails.org\/web_shop\/wp-json\/wp\/v2\/product"}],"about":[{"href":"https:\/\/www.arty-nails.org\/web_shop\/wp-json\/wp\/v2\/types\/product"}],"replies":[{"embeddable":true,"href":"https:\/\/www.arty-nails.org\/web_shop\/wp-json\/wp\/v2\/comments?post=33525"}],"wp:featuredmedia":[{"embeddable":true,"href":"https:\/\/www.arty-nails.org\/web_shop\/wp-json\/wp\/v2\/media\/33503"}],"wp:attachment":[{"href":"https:\/\/www.arty-nails.org\/web_shop\/wp-json\/wp\/v2\/media?parent=33525"}],"wp:term":[{"taxonomy":"product_brand","embeddable":true,"href":"https:\/\/www.arty-nails.org\/web_shop\/wp-json\/wp\/v2\/product_brand?post=33525"},{"taxonomy":"product_cat","embeddable":true,"href":"https:\/\/www.arty-nails.org\/web_shop\/wp-json\/wp\/v2\/product_cat?post=33525"},{"taxonomy":"product_tag","embeddable":true,"href":"https:\/\/www.arty-nails.org\/web_shop\/wp-json\/wp\/v2\/product_tag?post=33525"}],"curies":[{"name":"wp","href":"https:\/\/api.w.org\/{rel}","templated":true}]}}