{"id":33639,"date":"2024-05-13T00:55:34","date_gmt":"2024-05-12T22:55:34","guid":{"rendered":"https:\/\/www.arty-nails.org\/web_shop\/?post_type=product&#038;p=33639"},"modified":"2024-11-15T14:15:06","modified_gmt":"2024-11-15T13:15:06","slug":"reforma-corsica-kolekcija-trajnih-lakova","status":"publish","type":"product","link":"https:\/\/www.arty-nails.org\/web_shop\/proizvod\/reforma-corsica-kolekcija-trajnih-lakova\/","title":{"rendered":"REFORMA CORSICA KOLEKCIJA TRAJNIH LAKOVA"},"content":{"rendered":"<p>Otkrijte o\u010daravaju\u0107u privla\u010dnost ljeta s najnovijom Reforminom kolekcijom trajnih lakova Corsica!\ud83d\udc85<\/p>\n<p>Inspirirana ljepotama francuskog otoka Korzike gdje se planine susre\u0107u s morem, ova kolekcija donosi duh mediteranskog sjaja, predivne prirode i nenadma\u0161nog stila.<\/p>\n<p>Bez obzira sanjate li o mediteranskom odmoru ili jednostavno \u017eelite dodati da\u0161ak elegancije svojim noktima, kolekcija\u00a0<a href=\"https:\/\/www.arty-nails.org\/web_shop\/product\/reforma-corsica-kolekcija-trajnih-lakova\/\" target=\"_blank\" rel=\"noopener\">Corsica<\/a>\u00a0je va\u0161e savr\u0161eno odredi\u0161te. Sve boje ove kolekcije pri\u010daju svoju pri\u010du i savr\u0161ene su za pravu ljetnu avanturu!<\/p>\n<p>Upoznajmo svih 6 veselih boja ove kolekcije:<\/p>\n<ul class=\"wp-block-list\">\n<li>Tizzano<\/li>\n<li>Propriano<\/li>\n<li>Baia Rossa<\/li>\n<li>Taffy<\/li>\n<li>Fiore<\/li>\n<li>Rosumarinu<\/li>\n<\/ul>\n<p>Dugotrajnost, intenzivne boje, jednostavna primjena i za\u0161tita va\u0161ih noktiju samo su neke od dobro poznatih kvaliteta ReformA trajnih lakova.<\/p>\n<p>Neka vam uz novu kolekciju Corsica svaki dan bude ispunjen bojama i neka va\u0161i nokti govore o otoku na kojem se elegancija susre\u0107e s avanturom!<\/p>\n","protected":false},"excerpt":{"rendered":"<p>Otkrijte o\u010daravaju\u0107u privla\u010dnost ljeta s najnovijom Reforminom kolekcijom trajnih lakova Corsica!\ud83d\udc85 Inspirirana ljepotama francuskog otoka Korzike gdje se planine susre\u0107u s morem, ova kolekcija donosi duh mediteranskog sjaja, predivne prirode i nenadma\u0161nog stila. Bez obzira sanjate li o mediteranskom odmoru ili jednostavno \u017eelite dodati da\u0161ak elegancije svojim noktima, kolekcija\u00a0Corsica\u00a0je va\u0161e savr\u0161eno odredi\u0161te. Sve boje ove [&hellip;]<\/p>\n","protected":false},"featured_media":33629,"comment_status":"closed","ping_status":"closed","template":"","meta":[],"product_brand":[50],"product_cat":[171,172,187],"product_tag":[],"class_list":{"0":"post-33639","1":"product","2":"type-product","3":"status-publish","4":"has-post-thumbnail","6":"product_brand-reforma","7":"product_cat-setovi-i-kolekcije-trajnih-lakova-reforma","8":"product_cat-posebne-ponude-reforma","9":"product_cat-reforma-setovi-i-kolekcije-trajnih-lakova","11":"first","12":"instock","13":"sale","14":"shipping-taxable","15":"purchasable","16":"product-type-simple"},"_links":{"self":[{"href":"https:\/\/www.arty-nails.org\/web_shop\/wp-json\/wp\/v2\/product\/33639","targetHints":{"allow":["GET"]}}],"collection":[{"href":"https:\/\/www.arty-nails.org\/web_shop\/wp-json\/wp\/v2\/product"}],"about":[{"href":"https:\/\/www.arty-nails.org\/web_shop\/wp-json\/wp\/v2\/types\/product"}],"replies":[{"embeddable":true,"href":"https:\/\/www.arty-nails.org\/web_shop\/wp-json\/wp\/v2\/comments?post=33639"}],"wp:featuredmedia":[{"embeddable":true,"href":"https:\/\/www.arty-nails.org\/web_shop\/wp-json\/wp\/v2\/media\/33629"}],"wp:attachment":[{"href":"https:\/\/www.arty-nails.org\/web_shop\/wp-json\/wp\/v2\/media?parent=33639"}],"wp:term":[{"taxonomy":"product_brand","embeddable":true,"href":"https:\/\/www.arty-nails.org\/web_shop\/wp-json\/wp\/v2\/product_brand?post=33639"},{"taxonomy":"product_cat","embeddable":true,"href":"https:\/\/www.arty-nails.org\/web_shop\/wp-json\/wp\/v2\/product_cat?post=33639"},{"taxonomy":"product_tag","embeddable":true,"href":"https:\/\/www.arty-nails.org\/web_shop\/wp-json\/wp\/v2\/product_tag?post=33639"}],"curies":[{"name":"wp","href":"https:\/\/api.w.org\/{rel}","templated":true}]}}