{"id":34144,"date":"2024-06-08T09:07:39","date_gmt":"2024-06-08T07:07:39","guid":{"rendered":"https:\/\/www.arty-nails.org\/web_shop\/?post_type=product&#038;p=34144"},"modified":"2026-02-04T08:42:38","modified_gmt":"2026-02-04T07:42:38","slug":"reforma-dizajnerska-pregaca-skirt-blue","status":"publish","type":"product","link":"https:\/\/www.arty-nails.org\/web_shop\/proizvod\/reforma-dizajnerska-pregaca-skirt-blue\/","title":{"rendered":"REFORMA DIZAJNERSKA PREGA\u010cA SKIRT BLUE"},"content":{"rendered":"<p>Reforma dizajnerska prega\u010da komad koji svaki nail tehni\u010dar \u017eeli.<\/p>\n<p>Prega\u010de dolaze u dva stila: klasi\u010dne i balerina<\/p>\n<p>Najva\u017enije karakteristike ovih prega\u010da su_<\/p>\n<ul>\n<li>vodootporne<\/li>\n<li>otporne na pra\u0161inu<\/li>\n<li>zasi\u010dene bojama<\/li>\n<li>kvalitetan print<\/li>\n<li>idealne za sve koji se bave kozmetkom<\/li>\n<\/ul>\n<p>Priu\u0161tite si ovaj mali detalj koji \u0107e vas usre\u0107iti.<\/p>\n","protected":false},"excerpt":{"rendered":"<p>Reforma dizajnerska prega\u010da komad koji svaki nail tehni\u010dar \u017eeli. Prega\u010de dolaze u dva stila: klasi\u010dne i balerina Najva\u017enije karakteristike ovih prega\u010da su_ vodootporne otporne na pra\u0161inu zasi\u010dene bojama kvalitetan print idealne za sve koji se bave kozmetkom Priu\u0161tite si ovaj mali detalj koji \u0107e vas usre\u0107iti.<\/p>\n","protected":false},"featured_media":33955,"comment_status":"closed","ping_status":"closed","template":"","meta":[],"product_brand":[50],"product_cat":[130,165,77],"product_tag":[],"class_list":{"0":"post-34144","1":"product","2":"type-product","3":"status-publish","4":"has-post-thumbnail","6":"product_brand-reforma","7":"product_cat-dezinfekcija-i-zastita","8":"product_cat-oprema-za-rad","9":"product_cat-reforma-pribor-i-oprema","11":"first","12":"instock","13":"shipping-taxable","14":"purchasable","15":"product-type-simple"},"_links":{"self":[{"href":"https:\/\/www.arty-nails.org\/web_shop\/wp-json\/wp\/v2\/product\/34144","targetHints":{"allow":["GET"]}}],"collection":[{"href":"https:\/\/www.arty-nails.org\/web_shop\/wp-json\/wp\/v2\/product"}],"about":[{"href":"https:\/\/www.arty-nails.org\/web_shop\/wp-json\/wp\/v2\/types\/product"}],"replies":[{"embeddable":true,"href":"https:\/\/www.arty-nails.org\/web_shop\/wp-json\/wp\/v2\/comments?post=34144"}],"wp:featuredmedia":[{"embeddable":true,"href":"https:\/\/www.arty-nails.org\/web_shop\/wp-json\/wp\/v2\/media\/33955"}],"wp:attachment":[{"href":"https:\/\/www.arty-nails.org\/web_shop\/wp-json\/wp\/v2\/media?parent=34144"}],"wp:term":[{"taxonomy":"product_brand","embeddable":true,"href":"https:\/\/www.arty-nails.org\/web_shop\/wp-json\/wp\/v2\/product_brand?post=34144"},{"taxonomy":"product_cat","embeddable":true,"href":"https:\/\/www.arty-nails.org\/web_shop\/wp-json\/wp\/v2\/product_cat?post=34144"},{"taxonomy":"product_tag","embeddable":true,"href":"https:\/\/www.arty-nails.org\/web_shop\/wp-json\/wp\/v2\/product_tag?post=34144"}],"curies":[{"name":"wp","href":"https:\/\/api.w.org\/{rel}","templated":true}]}}