{"id":34220,"date":"2024-06-11T16:59:10","date_gmt":"2024-06-11T14:59:10","guid":{"rendered":"https:\/\/www.arty-nails.org\/web_shop\/?post_type=product&#038;p=34220"},"modified":"2026-02-04T08:41:00","modified_gmt":"2026-02-04T07:41:00","slug":"podloga-za-stol-jednokratni-rucnici","status":"publish","type":"product","link":"https:\/\/www.arty-nails.org\/web_shop\/proizvod\/podloga-za-stol-jednokratni-rucnici\/","title":{"rendered":"PODLOGA ZA STOL &#8211;  JEDNOKRATNI RU\u010cNICI"},"content":{"rendered":"<p><b><span style=\"font-family: arial black, sans-serif;\">HELLO THERE I AM A NEW PRODUCT &#8211; TRY ME NOW<\/span><\/b><\/p>\n<p dir=\"ltr\">Predstavljamo na\u0161e vrhunske jednokratne ru\u010dnike za manikuru, dizajnirane kako bi pobolj\u0161ale va\u0161e iskustvo njege noktiju uz neusporedivu prakti\u010dnost i higijenu.\u00a0 Ovi visokokvalitetni ru\u010dnici za jednokratnu upotrebu izra\u0111eni su od mekanih, upijaju\u0107ih materijala koji osiguravaju nje\u017ean dodir va\u0161e ko\u017ee dok u\u010dinkovito su\u0161e ruke i noge i upijaju pra\u0161inu i prljav\u0161tinu.\u00a0 Savr\u0161eni za profesionalne salone i ku\u0107nu upotrebu, na\u0161i jednokratni ru\u010dnici za manikuru poma\u017eu u odr\u017eavanju netaknute i sanitarne okoline, smanjuju\u0107i rizik od unakrsne kontaminacije.\u00a0 Vrhunsko rje\u0161enje za \u010distu, u\u010dinkovitu i luksuznu rutinu manikure i pedikure.\u00a0 Odaberite na\u0161e jednokratne ru\u010dnike za manikuru za da\u0161ak elegancije i bezbri\u017enosti u svakoj njezi.<\/p>\n<p>Tro\u0161ak po ru\u010dniku iznosi 0,25 centi.<\/p>\n<p>Dimenzije 33*48<\/p>\n<p>&nbsp;<\/p>\n","protected":false},"excerpt":{"rendered":"<p>HELLO THERE I AM A NEW PRODUCT &#8211; TRY ME NOW Predstavljamo na\u0161e vrhunske jednokratne ru\u010dnike za manikuru, dizajnirane kako bi pobolj\u0161ale va\u0161e iskustvo njege noktiju uz neusporedivu prakti\u010dnost i higijenu.\u00a0 Ovi visokokvalitetni ru\u010dnici za jednokratnu upotrebu izra\u0111eni su od mekanih, upijaju\u0107ih materijala koji osiguravaju nje\u017ean dodir va\u0161e ko\u017ee dok u\u010dinkovito su\u0161e ruke i noge [&hellip;]<\/p>\n","protected":false},"featured_media":34221,"comment_status":"closed","ping_status":"closed","template":"","meta":[],"product_brand":[55],"product_cat":[199,130,165,212],"product_tag":[],"class_list":{"0":"post-34220","1":"product","2":"type-product","3":"status-publish","4":"has-post-thumbnail","6":"product_brand-arty-nails","7":"product_cat-arty-nails-lampe-i-ostala-oprema","8":"product_cat-dezinfekcija-i-zastita","9":"product_cat-oprema-za-rad","10":"product_cat-uredaji-i-oprema-za-pedikuru","12":"first","13":"instock","14":"shipping-taxable","15":"purchasable","16":"product-type-simple"},"_links":{"self":[{"href":"https:\/\/www.arty-nails.org\/web_shop\/wp-json\/wp\/v2\/product\/34220","targetHints":{"allow":["GET"]}}],"collection":[{"href":"https:\/\/www.arty-nails.org\/web_shop\/wp-json\/wp\/v2\/product"}],"about":[{"href":"https:\/\/www.arty-nails.org\/web_shop\/wp-json\/wp\/v2\/types\/product"}],"replies":[{"embeddable":true,"href":"https:\/\/www.arty-nails.org\/web_shop\/wp-json\/wp\/v2\/comments?post=34220"}],"wp:featuredmedia":[{"embeddable":true,"href":"https:\/\/www.arty-nails.org\/web_shop\/wp-json\/wp\/v2\/media\/34221"}],"wp:attachment":[{"href":"https:\/\/www.arty-nails.org\/web_shop\/wp-json\/wp\/v2\/media?parent=34220"}],"wp:term":[{"taxonomy":"product_brand","embeddable":true,"href":"https:\/\/www.arty-nails.org\/web_shop\/wp-json\/wp\/v2\/product_brand?post=34220"},{"taxonomy":"product_cat","embeddable":true,"href":"https:\/\/www.arty-nails.org\/web_shop\/wp-json\/wp\/v2\/product_cat?post=34220"},{"taxonomy":"product_tag","embeddable":true,"href":"https:\/\/www.arty-nails.org\/web_shop\/wp-json\/wp\/v2\/product_tag?post=34220"}],"curies":[{"name":"wp","href":"https:\/\/api.w.org\/{rel}","templated":true}]}}