{"id":35060,"date":"2024-07-20T19:46:54","date_gmt":"2024-07-20T17:46:54","guid":{"rendered":"https:\/\/www.arty-nails.org\/web_shop\/?post_type=product&#038;p=35060"},"modified":"2025-04-29T22:43:15","modified_gmt":"2025-04-29T20:43:15","slug":"arty-nails-pearl-swirl-kolekcija-trajnih-lakova","status":"publish","type":"product","link":"https:\/\/www.arty-nails.org\/web_shop\/proizvod\/arty-nails-pearl-swirl-kolekcija-trajnih-lakova\/","title":{"rendered":"ARTY NAILS PEARL &#038; SWIRL KOLEKCIJA TRAJNIH LAKOVA"},"content":{"rendered":"<p>You said Pearl color but we also made it Swirl!\ud83d\udc96\ud83d\udc96\ud83d\udc96<\/p>\n<p>Za sve koji obo\u017eavaju na\u0161e kremaste boje koje se nanose u jednom sloju, predstavljamo novu kolekciju bezgrani\u010dnih mogu\u0107nosti Pearl &amp; Swirl. Ova kolekcija girlish tonova bezvremenski je hit, a igre koje ove boje pru\u017eaju neke \u0107e odu\u0161eviti jo\u0161 i vi\u0161e!<\/p>\n<p>Nakon \u0161to nanesete boju uzmite to\u010dkalicu, ombre kist, lepeza kist, ru\u017ein \u0161tapi\u0107 itd. i crtajte svakojake oblike po va\u0161im \u017eeljama na boji te je nakon toga osu\u0161ite u lampi. Reflektivne \u010destice stvorit \u0107e izvrsne efekte koji \u0107e vas o\u010darati!<\/p>\n<p>Novih 5 posebnih boja Pearl &amp; Swirl kolekcije su:<\/p>\n<ul class=\"wp-block-list\">\n<li>182 Oh My Baby<\/li>\n<li>183 Made of Honor<\/li>\n<li>184 It\u2019s a Boy<\/li>\n<li>185 Wedding Cake<\/li>\n<li>186 Bride<\/li>\n<\/ul>\n<p>Jeste li spremni za svu tu ljepotu?\u00a0U\u017eivajte u svim mogu\u0107nostima ovih \u010darobnih boja, a mi jedva \u010dekamo va\u0161e predivne i ma\u0161tovite radove!<\/p>\n","protected":false},"excerpt":{"rendered":"<p>You said Pearl color but we also made it Swirl!\ud83d\udc96\ud83d\udc96\ud83d\udc96 Za sve koji obo\u017eavaju na\u0161e kremaste boje koje se nanose u jednom sloju, predstavljamo novu kolekciju bezgrani\u010dnih mogu\u0107nosti Pearl &amp; Swirl. Ova kolekcija girlish tonova bezvremenski je hit, a igre koje ove boje pru\u017eaju neke \u0107e odu\u0161eviti jo\u0161 i vi\u0161e! Nakon \u0161to nanesete boju uzmite [&hellip;]<\/p>\n","protected":false},"featured_media":35053,"comment_status":"closed","ping_status":"closed","template":"","meta":[],"product_brand":[55],"product_cat":[215,209,214],"product_tag":[],"class_list":{"0":"post-35060","1":"product","2":"type-product","3":"status-publish","4":"has-post-thumbnail","6":"product_brand-arty-nails","7":"product_cat-arty-nails-setovi-i-kolekcije-trajnih-lakova","8":"product_cat-posebne-ponude-arty-nails","9":"product_cat-setovi-i-kolekcije-trajnih-lakova-arty-nails","11":"first","12":"instock","13":"sale","14":"shipping-taxable","15":"purchasable","16":"product-type-simple"},"_links":{"self":[{"href":"https:\/\/www.arty-nails.org\/web_shop\/wp-json\/wp\/v2\/product\/35060","targetHints":{"allow":["GET"]}}],"collection":[{"href":"https:\/\/www.arty-nails.org\/web_shop\/wp-json\/wp\/v2\/product"}],"about":[{"href":"https:\/\/www.arty-nails.org\/web_shop\/wp-json\/wp\/v2\/types\/product"}],"replies":[{"embeddable":true,"href":"https:\/\/www.arty-nails.org\/web_shop\/wp-json\/wp\/v2\/comments?post=35060"}],"wp:featuredmedia":[{"embeddable":true,"href":"https:\/\/www.arty-nails.org\/web_shop\/wp-json\/wp\/v2\/media\/35053"}],"wp:attachment":[{"href":"https:\/\/www.arty-nails.org\/web_shop\/wp-json\/wp\/v2\/media?parent=35060"}],"wp:term":[{"taxonomy":"product_brand","embeddable":true,"href":"https:\/\/www.arty-nails.org\/web_shop\/wp-json\/wp\/v2\/product_brand?post=35060"},{"taxonomy":"product_cat","embeddable":true,"href":"https:\/\/www.arty-nails.org\/web_shop\/wp-json\/wp\/v2\/product_cat?post=35060"},{"taxonomy":"product_tag","embeddable":true,"href":"https:\/\/www.arty-nails.org\/web_shop\/wp-json\/wp\/v2\/product_tag?post=35060"}],"curies":[{"name":"wp","href":"https:\/\/api.w.org\/{rel}","templated":true}]}}