{"id":35894,"date":"2024-08-29T07:12:24","date_gmt":"2024-08-29T05:12:24","guid":{"rendered":"https:\/\/www.arty-nails.org\/web_shop\/?post_type=product&#038;p=35894"},"modified":"2026-02-02T10:15:08","modified_gmt":"2026-02-02T09:15:08","slug":"klijesta-za-pedikuru-podo-pro-30-18-mm","status":"publish","type":"product","link":"https:\/\/www.arty-nails.org\/web_shop\/proizvod\/klijesta-za-pedikuru-podo-pro-30-18-mm\/","title":{"rendered":"KLIJE\u0160TA ZA PEDIKURU PODO PRO 30\/18 mm"},"content":{"rendered":"<div>Klju\u010dne zna\u010dajke:<\/div>\n<div><\/div>\n<ul>\n<li>Podology klije\u0161ta za urasle nokte.<\/li>\n<li>Duljina o\u0161trice 18 mm.<\/li>\n<li>Poseban su\u017eeni i tanki radni dio za pristup uglovima nokta.<\/li>\n<li>&#8220;Sigurni&#8221; tupi vrhovi sprje\u010davaju rizik od ozljeda.<\/li>\n<li>Dizajniran za jednostavno i nje\u017eno uklanjanje uraslog nokta.<\/li>\n<li>Prikladno za uklanjanje slobodnog ruba tankih i mekih noktiju.<\/li>\n<li>Besprijekorna o\u0161trina i potpuno zatvaranje reznih rubova.<\/li>\n<li>Profesionalno vi\u0161eslojno o\u0161trenje koje stru\u010dnjak izvodi ru\u010dno.<\/li>\n<li>Jedinstvene izdu\u017eene dr\u0161ke s valovitim utorima za prste.<\/li>\n<li>Prakti\u010dno postavljanje i pouzdana fiksacija alata u ruci tijekom rada.<\/li>\n<li>Dvostruka opruga je izdr\u017eljiva i omogu\u0107uje mekan hod alata.<\/li>\n<li>Glatki i lagani hod alata zahvaljuju\u0107i savr\u0161enom pristajanju i bru\u0161enju spojnih ravnina.<\/li>\n<li>Lako\u0107a i jednostavnost rukovanja alatom zahvaljuju\u0107i posebnoj obrnutoj zakovici.<\/li>\n<li>Dodatna otpornost alata na koroziju, koja se posti\u017ee poliranjem GOI pastom.<\/li>\n<li>Visokolegirani nehr\u0111aju\u0107i \u010delik.<\/li>\n<li>Otporan na sterilizaciju u su\u0161noj pe\u0107nici i autoklavu.<\/li>\n<li>Mo\u017ee se podvrgnuti dezinfekciji posebnim sredstvima.<\/li>\n<li>Preporu\u010da se za medicinsku pedikuru.<\/li>\n<\/ul>\n","protected":false},"excerpt":{"rendered":"<p>Klju\u010dne zna\u010dajke: Podology klije\u0161ta za urasle nokte. Duljina o\u0161trice 18 mm. Poseban su\u017eeni i tanki radni dio za pristup uglovima nokta. &#8220;Sigurni&#8221; tupi vrhovi sprje\u010davaju rizik od ozljeda. Dizajniran za jednostavno i nje\u017eno uklanjanje uraslog nokta. Prikladno za uklanjanje slobodnog ruba tankih i mekih noktiju. Besprijekorna o\u0161trina i potpuno zatvaranje reznih rubova. Profesionalno vi\u0161eslojno o\u0161trenje [&hellip;]<\/p>\n","protected":false},"featured_media":35898,"comment_status":"closed","ping_status":"closed","template":"","meta":[],"product_brand":[],"product_cat":[121,124],"product_tag":[],"class_list":{"0":"post-35894","1":"product","2":"type-product","3":"status-publish","4":"has-post-thumbnail","6":"product_cat-pribor-za-nokte","7":"product_cat-pribor-za-pedikuru","9":"first","10":"instock","11":"shipping-taxable","12":"purchasable","13":"product-type-simple"},"_links":{"self":[{"href":"https:\/\/www.arty-nails.org\/web_shop\/wp-json\/wp\/v2\/product\/35894","targetHints":{"allow":["GET"]}}],"collection":[{"href":"https:\/\/www.arty-nails.org\/web_shop\/wp-json\/wp\/v2\/product"}],"about":[{"href":"https:\/\/www.arty-nails.org\/web_shop\/wp-json\/wp\/v2\/types\/product"}],"replies":[{"embeddable":true,"href":"https:\/\/www.arty-nails.org\/web_shop\/wp-json\/wp\/v2\/comments?post=35894"}],"wp:featuredmedia":[{"embeddable":true,"href":"https:\/\/www.arty-nails.org\/web_shop\/wp-json\/wp\/v2\/media\/35898"}],"wp:attachment":[{"href":"https:\/\/www.arty-nails.org\/web_shop\/wp-json\/wp\/v2\/media?parent=35894"}],"wp:term":[{"taxonomy":"product_brand","embeddable":true,"href":"https:\/\/www.arty-nails.org\/web_shop\/wp-json\/wp\/v2\/product_brand?post=35894"},{"taxonomy":"product_cat","embeddable":true,"href":"https:\/\/www.arty-nails.org\/web_shop\/wp-json\/wp\/v2\/product_cat?post=35894"},{"taxonomy":"product_tag","embeddable":true,"href":"https:\/\/www.arty-nails.org\/web_shop\/wp-json\/wp\/v2\/product_tag?post=35894"}],"curies":[{"name":"wp","href":"https:\/\/api.w.org\/{rel}","templated":true}]}}