{"id":35926,"date":"2024-08-30T05:21:29","date_gmt":"2024-08-30T03:21:29","guid":{"rendered":"https:\/\/www.arty-nails.org\/web_shop\/?post_type=product&#038;p=35926"},"modified":"2026-02-02T09:57:52","modified_gmt":"2026-02-02T08:57:52","slug":"arty-nails-blazinice-za-ciscenje-nokta-u-kutiji-200-kom","status":"publish","type":"product","link":"https:\/\/www.arty-nails.org\/web_shop\/proizvod\/arty-nails-blazinice-za-ciscenje-nokta-u-kutiji-200-kom\/","title":{"rendered":"ARTY NAILS BLAZINICE ZA \u010cI\u0160\u0106ENJE NOKTA U KUTIJI 200 kom"},"content":{"rendered":"<p>Lint free (bez mucica) blazinice u mix bojama, komprimirane u kutiji za lak\u0161u uporabu i manje zauzimanje prostora. Pri kupnji dobivate nasumi\u010dnu boju paketa.<\/p>\n","protected":false},"excerpt":{"rendered":"<p>Lint free (bez mucica) blazinice u mix bojama, komprimirane u kutiji za lak\u0161u uporabu i manje zauzimanje prostora. Pri kupnji dobivate nasumi\u010dnu boju paketa.<\/p>\n","protected":false},"featured_media":35927,"comment_status":"closed","ping_status":"closed","template":"","meta":[],"product_brand":[55],"product_cat":[199,143,175,165],"product_tag":[],"class_list":{"0":"post-35926","1":"product","2":"type-product","3":"status-publish","4":"has-post-thumbnail","6":"product_brand-arty-nails","7":"product_cat-arty-nails-lampe-i-ostala-oprema","8":"product_cat-arty-nails-tekucine","9":"product_cat-cleaneri-i-odstranjivaci","10":"product_cat-oprema-za-rad","12":"first","13":"instock","14":"shipping-taxable","15":"purchasable","16":"product-type-simple"},"_links":{"self":[{"href":"https:\/\/www.arty-nails.org\/web_shop\/wp-json\/wp\/v2\/product\/35926","targetHints":{"allow":["GET"]}}],"collection":[{"href":"https:\/\/www.arty-nails.org\/web_shop\/wp-json\/wp\/v2\/product"}],"about":[{"href":"https:\/\/www.arty-nails.org\/web_shop\/wp-json\/wp\/v2\/types\/product"}],"replies":[{"embeddable":true,"href":"https:\/\/www.arty-nails.org\/web_shop\/wp-json\/wp\/v2\/comments?post=35926"}],"wp:featuredmedia":[{"embeddable":true,"href":"https:\/\/www.arty-nails.org\/web_shop\/wp-json\/wp\/v2\/media\/35927"}],"wp:attachment":[{"href":"https:\/\/www.arty-nails.org\/web_shop\/wp-json\/wp\/v2\/media?parent=35926"}],"wp:term":[{"taxonomy":"product_brand","embeddable":true,"href":"https:\/\/www.arty-nails.org\/web_shop\/wp-json\/wp\/v2\/product_brand?post=35926"},{"taxonomy":"product_cat","embeddable":true,"href":"https:\/\/www.arty-nails.org\/web_shop\/wp-json\/wp\/v2\/product_cat?post=35926"},{"taxonomy":"product_tag","embeddable":true,"href":"https:\/\/www.arty-nails.org\/web_shop\/wp-json\/wp\/v2\/product_tag?post=35926"}],"curies":[{"name":"wp","href":"https:\/\/api.w.org\/{rel}","templated":true}]}}