{"id":36635,"date":"2024-10-10T18:52:31","date_gmt":"2024-10-10T16:52:31","guid":{"rendered":"https:\/\/www.arty-nails.org\/web_shop\/?post_type=product&#038;p=36635"},"modified":"2026-02-02T10:18:33","modified_gmt":"2026-02-02T09:18:33","slug":"nastavak-red-tornado-za-manikuru-1568","status":"publish","type":"product","link":"https:\/\/www.arty-nails.org\/web_shop\/proizvod\/nastavak-red-tornado-za-manikuru-1568\/","title":{"rendered":"NASTAVAK RED TORNADO ZA MANIKURU &#8211; 1568"},"content":{"rendered":"<p>Profesionalni nastavak za manikuru i pedikuru vrhunske kvalitete, izra\u0111en od najkvalitetnijih materijala. Made in EU.<\/p>\n<ul>\n<li>za odstranjivanje zanoktica<\/li>\n<li>obradu lateralnih sinusa<\/li>\n<li>obradu malih pukotina i kalusa<\/li>\n<li>tornado nastavak za jo\u0161 bolje \u010di\u0161\u0107enje podru\u010dja oko zanoktica<\/li>\n<\/ul>\n","protected":false},"excerpt":{"rendered":"<p>Profesionalni nastavak za manikuru i pedikuru vrhunske kvalitete, izra\u0111en od najkvalitetnijih materijala. Made in EU. za odstranjivanje zanoktica obradu lateralnih sinusa obradu malih pukotina i kalusa tornado nastavak za jo\u0161 bolje \u010di\u0161\u0107enje podru\u010dja oko zanoktica<\/p>\n","protected":false},"featured_media":36636,"comment_status":"closed","ping_status":"closed","template":"","meta":[],"product_brand":[55],"product_cat":[263],"product_tag":[],"class_list":{"0":"post-36635","1":"product","2":"type-product","3":"status-publish","4":"has-post-thumbnail","6":"product_brand-arty-nails","7":"product_cat-dijamantni-nastavci","9":"first","10":"instock","11":"shipping-taxable","12":"purchasable","13":"product-type-simple"},"_links":{"self":[{"href":"https:\/\/www.arty-nails.org\/web_shop\/wp-json\/wp\/v2\/product\/36635","targetHints":{"allow":["GET"]}}],"collection":[{"href":"https:\/\/www.arty-nails.org\/web_shop\/wp-json\/wp\/v2\/product"}],"about":[{"href":"https:\/\/www.arty-nails.org\/web_shop\/wp-json\/wp\/v2\/types\/product"}],"replies":[{"embeddable":true,"href":"https:\/\/www.arty-nails.org\/web_shop\/wp-json\/wp\/v2\/comments?post=36635"}],"wp:featuredmedia":[{"embeddable":true,"href":"https:\/\/www.arty-nails.org\/web_shop\/wp-json\/wp\/v2\/media\/36636"}],"wp:attachment":[{"href":"https:\/\/www.arty-nails.org\/web_shop\/wp-json\/wp\/v2\/media?parent=36635"}],"wp:term":[{"taxonomy":"product_brand","embeddable":true,"href":"https:\/\/www.arty-nails.org\/web_shop\/wp-json\/wp\/v2\/product_brand?post=36635"},{"taxonomy":"product_cat","embeddable":true,"href":"https:\/\/www.arty-nails.org\/web_shop\/wp-json\/wp\/v2\/product_cat?post=36635"},{"taxonomy":"product_tag","embeddable":true,"href":"https:\/\/www.arty-nails.org\/web_shop\/wp-json\/wp\/v2\/product_tag?post=36635"}],"curies":[{"name":"wp","href":"https:\/\/api.w.org\/{rel}","templated":true}]}}