{"id":36843,"date":"2024-10-21T17:11:06","date_gmt":"2024-10-21T15:11:06","guid":{"rendered":"https:\/\/www.arty-nails.org\/web_shop\/?post_type=product&#038;p=36843"},"modified":"2025-09-19T13:46:06","modified_gmt":"2025-09-19T11:46:06","slug":"reforma-mix-jesenska-kolekcija-4-1-gratis","status":"publish","type":"product","link":"https:\/\/www.arty-nails.org\/web_shop\/proizvod\/reforma-mix-jesenska-kolekcija-4-1-gratis\/","title":{"rendered":"REFORMA MIX JESENSKA KOLEKCIJA 4 + 1 GRATIS"},"content":{"rendered":"<p>Pazi sada 4 + 1 gratis na novu neodoljivu kolekciju ReformA trajnih lakova.<\/p>\n<div dir=\"auto\">Ovo nije bilo kakva kolekcija, ovo je pravi mix koji \u0107e transformirati svaku manikuru.<\/div>\n<div dir=\"auto\"><\/div>\n<div dir=\"auto\">-\ufe0f\u00a0 Dobije\u0161 3 hibridna laka savr\u0161ena za svaku priliku, od poslovnih sastanaka do mega izlazaka<\/div>\n<ol>\n<li dir=\"auto\">Trajni lak Aube<\/li>\n<li dir=\"auto\">Trajni lak Murmure<\/li>\n<li dir=\"auto\">Trajni lak Espoir<\/li>\n<li dir=\"auto\">Top Pure<\/li>\n<li dir=\"auto\">Coconut Shimmer Api gradivna baza<\/li>\n<\/ol>\n<div dir=\"auto\">\ufe0f &#8211; Prekriva sve \u0161to nije potrebno, a ostavlja samo savr\u0161en izgled nokta. Ina\u010de prilika da upozna\u0161 najtra\u017eenije gradivne baze na tr\u017ei\u0161tu i uvjeri\u0161 se za\u0161to to jesu ve\u0107 15 godina.<\/div>\n<div dir=\"auto\">-\ufe0f\u00a0 Zavr\u0161ni sjaj s efektom &#8211; UPOZORENJE &#8211; stvara samo magiju. Kao da ima\u0161 2 nijanse u jednoj.<\/div>\n<div dir=\"auto\">Ova kolekcija je za one koji vole iskoristiti maximum iz svake kupnje.<\/div>\n<div dir=\"auto\"><\/div>\n<div dir=\"auto\">Kupi je ve\u0107 danas jer mo\u017ee se lako dogoditi da bude rasprodana u tren!<\/div>\n<div dir=\"auto\"><\/div>\n<div dir=\"auto\">#artynails #artynailsofficial #artynailscosmetics #trajnilak<\/div>\n<p>&nbsp;<\/p>\n","protected":false},"excerpt":{"rendered":"<p>Pazi sada 4 + 1 gratis na novu neodoljivu kolekciju ReformA trajnih lakova. Ovo nije bilo kakva kolekcija, ovo je pravi mix koji \u0107e transformirati svaku manikuru. -\ufe0f\u00a0 Dobije\u0161 3 hibridna laka savr\u0161ena za svaku priliku, od poslovnih sastanaka do mega izlazaka Trajni lak Aube Trajni lak Murmure Trajni lak Espoir Top Pure Coconut Shimmer [&hellip;]<\/p>\n","protected":false},"featured_media":36844,"comment_status":"closed","ping_status":"closed","template":"","meta":[],"product_brand":[50],"product_cat":[171,172,187],"product_tag":[],"class_list":{"0":"post-36843","1":"product","2":"type-product","3":"status-publish","4":"has-post-thumbnail","6":"product_brand-reforma","7":"product_cat-setovi-i-kolekcije-trajnih-lakova-reforma","8":"product_cat-posebne-ponude-reforma","9":"product_cat-reforma-setovi-i-kolekcije-trajnih-lakova","11":"first","12":"instock","13":"sale","14":"shipping-taxable","15":"purchasable","16":"product-type-simple"},"_links":{"self":[{"href":"https:\/\/www.arty-nails.org\/web_shop\/wp-json\/wp\/v2\/product\/36843","targetHints":{"allow":["GET"]}}],"collection":[{"href":"https:\/\/www.arty-nails.org\/web_shop\/wp-json\/wp\/v2\/product"}],"about":[{"href":"https:\/\/www.arty-nails.org\/web_shop\/wp-json\/wp\/v2\/types\/product"}],"replies":[{"embeddable":true,"href":"https:\/\/www.arty-nails.org\/web_shop\/wp-json\/wp\/v2\/comments?post=36843"}],"wp:featuredmedia":[{"embeddable":true,"href":"https:\/\/www.arty-nails.org\/web_shop\/wp-json\/wp\/v2\/media\/36844"}],"wp:attachment":[{"href":"https:\/\/www.arty-nails.org\/web_shop\/wp-json\/wp\/v2\/media?parent=36843"}],"wp:term":[{"taxonomy":"product_brand","embeddable":true,"href":"https:\/\/www.arty-nails.org\/web_shop\/wp-json\/wp\/v2\/product_brand?post=36843"},{"taxonomy":"product_cat","embeddable":true,"href":"https:\/\/www.arty-nails.org\/web_shop\/wp-json\/wp\/v2\/product_cat?post=36843"},{"taxonomy":"product_tag","embeddable":true,"href":"https:\/\/www.arty-nails.org\/web_shop\/wp-json\/wp\/v2\/product_tag?post=36843"}],"curies":[{"name":"wp","href":"https:\/\/api.w.org\/{rel}","templated":true}]}}