{"id":37570,"date":"2024-11-20T03:10:05","date_gmt":"2024-11-20T02:10:05","guid":{"rendered":"https:\/\/www.arty-nails.org\/web_shop\/?post_type=product&#038;p=37570"},"modified":"2025-08-09T16:22:35","modified_gmt":"2025-08-09T14:22:35","slug":"reforma-silk-cats-kolekcija-trajnih-lakova","status":"publish","type":"product","link":"https:\/\/www.arty-nails.org\/web_shop\/proizvod\/reforma-silk-cats-kolekcija-trajnih-lakova\/","title":{"rendered":"REFORMA SILK CATS KOLEKCIJA TRAJNIH LAKOVA"},"content":{"rendered":"<p>Dugo i\u0161\u010dekivani novitet 2024:\u00a0<strong>Silk Cats<\/strong>\u00a0kolekcija trajnih lakova za nokte \ud83d\udc3e\u2728<\/p>\n<p>Najmodernije korejske svilene ma\u010dke sada su ovdje!<\/p>\n<p>\u2728 \u0160to su\u00a0<a href=\"https:\/\/www.arty-nails.org\/web_shop\/proizvod\/reforma-silk-cats-kolekcija-trajnih-lakova\/\" target=\"_blank\" rel=\"noopener\">Silk Cats<\/a>? To su trajni lakovi izuzetno lagane teksture koja stvara efekt prave svile zahvaljuju\u0107i sitnim metalik \u010desticama.<\/p>\n<p>Kolekcija uklju\u010duje 8 profinjenih\u00a0<a href=\"https:\/\/www.arty-nails.org\/web_shop\/category\/trajni-lakovi-reforma\/trajni-lakovi-reforma-boje\/\" target=\"_blank\" rel=\"noopener\">nijansi<\/a>, od nude (za suptilan i elegantan izgled) do bordo i crvene (za upe\u010datljive i izra\u017eajne akcente):<\/p>\n<ul>\n<li>Stellar<\/li>\n<li>Moon Lover<\/li>\n<li>Stardust<\/li>\n<li>Venusian<\/li>\n<li>Wish Star<\/li>\n<li>Night Secret<\/li>\n<li>Shadow Kiss<\/li>\n<li>Red Heart<\/li>\n<\/ul>\n<p>Dugotrajnost, intenzivne boje, jednostavna primjena i za\u0161tita va\u0161ih noktiju samo su neke od dobro poznatih kvaliteta ReformA trajnih lakova. Uz novu Silk Cats kolekciju imat \u0107ete sve to, uz bezbroj mogu\u0107nosti postizanja razli\u010ditih efekata za stil koji vama najvi\u0161e odgovara.<\/p>\n<p>\ud83d\udca1Mogu\u0107nosti primjene:<\/p>\n<p>\u2022 Napravite podlogu za ukrase.<br \/>\n\u2022 Koristite jedan sloj za efekt nje\u017enog vela.<br \/>\n\u2022 Dobijte intenzivnu boju s dva sloja.<br \/>\n\u2022 Eksperimentirajte s efektima stakla, stvaraju\u0107i o\u010daravaju\u0107e refleksije.<\/p>\n<p>\ud83d\udc85Posebne zna\u010dajke:<\/p>\n<p>Magnetski u\u010dinak metalnih \u010destica omogu\u0107uju stvaranje jedinstvenih uzoraka. Sna\u017eni magnet omogu\u0107uje vam precizno usmjeravanje refleksija i isticanje svilenkastih prijelaza pri bilo kojem osvjetljenju.<\/p>\n<p>\ud83d\udc3eKako raditi sa Silk Cats trajnim lakovima?<\/p>\n<p>1. Pripremite nokte: koristite primer bez kiseline i Nail Prep.<br \/>\n2. Nanesite tanak sloj rubber baze i su\u0161ite 30-60 sekundi.<br \/>\n3. Nanesite Silk Cats trajni lak i ravnomjerno ga rasporedite po noktu.<br \/>\n4. Primijenite magnet kako biste stvorili \u017eeljenu refleksiju.<br \/>\n5. Polimerizirajte 30-60 sekundi.<br \/>\n6. Ponovite za intenzivniji u\u010dinak (po izboru).<br \/>\n7. Za\u0161titite nokte nadlakom bez disperzijskog sloja i su\u0161ite 1-2 minute.<br \/>\n8. Nahranite svoje zanoktice uljem i u\u017eivajte u elegantnom rezultatu!<\/p>\n","protected":false},"excerpt":{"rendered":"<p>Dugo i\u0161\u010dekivani novitet 2024:\u00a0Silk Cats\u00a0kolekcija trajnih lakova za nokte \ud83d\udc3e\u2728 Najmodernije korejske svilene ma\u010dke sada su ovdje! \u2728 \u0160to su\u00a0Silk Cats? To su trajni lakovi izuzetno lagane teksture koja stvara efekt prave svile zahvaljuju\u0107i sitnim metalik \u010desticama. Kolekcija uklju\u010duje 8 profinjenih\u00a0nijansi, od nude (za suptilan i elegantan izgled) do bordo i crvene (za upe\u010datljive i [&hellip;]<\/p>\n","protected":false},"featured_media":37560,"comment_status":"closed","ping_status":"closed","template":"","meta":[],"product_brand":[50],"product_cat":[172,187,171],"product_tag":[],"class_list":{"0":"post-37570","1":"product","2":"type-product","3":"status-publish","4":"has-post-thumbnail","6":"product_brand-reforma","7":"product_cat-posebne-ponude-reforma","8":"product_cat-reforma-setovi-i-kolekcije-trajnih-lakova","9":"product_cat-setovi-i-kolekcije-trajnih-lakova-reforma","11":"first","12":"instock","13":"sale","14":"shipping-taxable","15":"purchasable","16":"product-type-simple"},"_links":{"self":[{"href":"https:\/\/www.arty-nails.org\/web_shop\/wp-json\/wp\/v2\/product\/37570","targetHints":{"allow":["GET"]}}],"collection":[{"href":"https:\/\/www.arty-nails.org\/web_shop\/wp-json\/wp\/v2\/product"}],"about":[{"href":"https:\/\/www.arty-nails.org\/web_shop\/wp-json\/wp\/v2\/types\/product"}],"replies":[{"embeddable":true,"href":"https:\/\/www.arty-nails.org\/web_shop\/wp-json\/wp\/v2\/comments?post=37570"}],"wp:featuredmedia":[{"embeddable":true,"href":"https:\/\/www.arty-nails.org\/web_shop\/wp-json\/wp\/v2\/media\/37560"}],"wp:attachment":[{"href":"https:\/\/www.arty-nails.org\/web_shop\/wp-json\/wp\/v2\/media?parent=37570"}],"wp:term":[{"taxonomy":"product_brand","embeddable":true,"href":"https:\/\/www.arty-nails.org\/web_shop\/wp-json\/wp\/v2\/product_brand?post=37570"},{"taxonomy":"product_cat","embeddable":true,"href":"https:\/\/www.arty-nails.org\/web_shop\/wp-json\/wp\/v2\/product_cat?post=37570"},{"taxonomy":"product_tag","embeddable":true,"href":"https:\/\/www.arty-nails.org\/web_shop\/wp-json\/wp\/v2\/product_tag?post=37570"}],"curies":[{"name":"wp","href":"https:\/\/api.w.org\/{rel}","templated":true}]}}