{"id":37684,"date":"2024-11-21T19:59:50","date_gmt":"2024-11-21T18:59:50","guid":{"rendered":"https:\/\/www.arty-nails.org\/web_shop\/?post_type=product&#038;p=37684"},"modified":"2025-10-17T14:52:27","modified_gmt":"2025-10-17T12:52:27","slug":"arty-nails-wonderland-kolekcija-trajnih-lakova","status":"publish","type":"product","link":"https:\/\/www.arty-nails.org\/web_shop\/proizvod\/arty-nails-wonderland-kolekcija-trajnih-lakova\/","title":{"rendered":"ARTY NAILS WONDERLAND KOLEKCIJA TRAJNIH LAKOVA hema, di hema i tpo free"},"content":{"rendered":"<div>Nova \u010dudesna Wonderland kolekcija trajnih lakova koja nadilazi uobi\u010dajeno!<\/div>\r\n<div>\u00a0<\/div>\r\n<div>Inspirirana Zemljom \u010duda, donosi \u010darobnu paletu boja koja podsje\u0107a na magi\u010dne dane koji dolaze. Kolekcija kombinira fantaziju i eleganciju kroz nijanse koje odra\u017eavaju bogate tonove, bajkovite pejza\u017ee i misti\u010dne elemente.<\/div>\r\n<p>Upoznajte \u0161est novih magi\u010dnih boja ove kolekcije:<\/p>\r\n<div>\r\n<ul>\r\n<li>193 Jingle &amp; Mingle &#8211; zlatna koja odra\u017eava luksuz i bajkovitost<\/li>\r\n<!-- \/wp:post-content -->\r\n\r\n<!-- wp:list-item -->\r\n<li>194 Hola Santa! &#8211; cat eye 10 d u posebnoj srebrnoj boji posve\u0107ena najsla\u0111em djedici na\u0161em Santi<\/li>\r\n<!-- \/wp:list-item -->\r\n\r\n<!-- wp:list-item -->\r\n<li>195 Snowflake &#8211; pahulje snijega na va\u0161im rukama. Ovo svi \u017eele, nemojmo se lagati<\/li>\r\n<li>196 Exciting &#8211; sada me vidi\u0161 kako malo sjajim, a pod nekim svjetlima ja sam pravi dijamant. Srebrni reflektivni trajni lak je wooow<\/li>\r\n<li>197 Ho Ho Holiday &#8211; misti\u010dna ljubi\u010dasta pro\u017eeta dodatnim glitterima<\/li>\r\n<li>198 After Dark &#8211; intenzivna crvena inspirirana kraljicom srca<\/li>\r\n<\/ul>\r\nArty Nails kao i uvijek donosi nove inovativne proizvode koji su HEMA, DI-HEMA i TPO FREE. Wonderland kolekcija stoga je ne samo predivan modni dodatak va\u0161em izgledu, ve\u0107 i potpuno sigurna za kori\u0161tenje. Savr\u0161eno, zar ne?<\/div>\r\n<div>\u00a0<\/div>\r\n<div>Koja \u0107e vas od ovih boja prva o\u010darati i upotpuniti va\u0161 savr\u0161eni look?<\/div>","protected":false},"excerpt":{"rendered":"<p>Nova \u010dudesna Wonderland kolekcija trajnih lakova koja nadilazi uobi\u010dajeno! \u00a0 Inspirirana Zemljom \u010duda, donosi \u010darobnu paletu boja koja podsje\u0107a na magi\u010dne dane koji dolaze. Kolekcija kombinira fantaziju i eleganciju kroz nijanse koje odra\u017eavaju bogate tonove, bajkovite pejza\u017ee i misti\u010dne elemente. Upoznajte \u0161est novih magi\u010dnih boja ove kolekcije: 193 Jingle &amp; Mingle &#8211; zlatna koja odra\u017eava [&hellip;]<\/p>\n","protected":false},"featured_media":37674,"comment_status":"closed","ping_status":"closed","template":"","meta":[],"product_brand":[55],"product_cat":[215,209,214],"product_tag":[],"class_list":{"0":"post-37684","1":"product","2":"type-product","3":"status-publish","4":"has-post-thumbnail","6":"product_brand-arty-nails","7":"product_cat-arty-nails-setovi-i-kolekcije-trajnih-lakova","8":"product_cat-posebne-ponude-arty-nails","9":"product_cat-setovi-i-kolekcije-trajnih-lakova-arty-nails","11":"first","12":"instock","13":"sale","14":"shipping-taxable","15":"purchasable","16":"product-type-simple"},"_links":{"self":[{"href":"https:\/\/www.arty-nails.org\/web_shop\/wp-json\/wp\/v2\/product\/37684","targetHints":{"allow":["GET"]}}],"collection":[{"href":"https:\/\/www.arty-nails.org\/web_shop\/wp-json\/wp\/v2\/product"}],"about":[{"href":"https:\/\/www.arty-nails.org\/web_shop\/wp-json\/wp\/v2\/types\/product"}],"replies":[{"embeddable":true,"href":"https:\/\/www.arty-nails.org\/web_shop\/wp-json\/wp\/v2\/comments?post=37684"}],"wp:featuredmedia":[{"embeddable":true,"href":"https:\/\/www.arty-nails.org\/web_shop\/wp-json\/wp\/v2\/media\/37674"}],"wp:attachment":[{"href":"https:\/\/www.arty-nails.org\/web_shop\/wp-json\/wp\/v2\/media?parent=37684"}],"wp:term":[{"taxonomy":"product_brand","embeddable":true,"href":"https:\/\/www.arty-nails.org\/web_shop\/wp-json\/wp\/v2\/product_brand?post=37684"},{"taxonomy":"product_cat","embeddable":true,"href":"https:\/\/www.arty-nails.org\/web_shop\/wp-json\/wp\/v2\/product_cat?post=37684"},{"taxonomy":"product_tag","embeddable":true,"href":"https:\/\/www.arty-nails.org\/web_shop\/wp-json\/wp\/v2\/product_tag?post=37684"}],"curies":[{"name":"wp","href":"https:\/\/api.w.org\/{rel}","templated":true}]}}