{"id":38203,"date":"2024-12-04T00:41:14","date_gmt":"2024-12-03T23:41:14","guid":{"rendered":"https:\/\/www.arty-nails.org\/web_shop\/?post_type=product&#038;p=38203"},"modified":"2026-03-16T13:45:41","modified_gmt":"2026-03-16T12:45:41","slug":"daylight-slimline-4-stolna-lampa-rose-gold-d35309","status":"publish","type":"product","link":"https:\/\/www.arty-nails.org\/web_shop\/proizvod\/daylight-slimline-4-stolna-lampa-rose-gold-d35309\/","title":{"rendered":"DAYLIGHT SLIMLINE 4 STOLNA LAMPA ROSE GOLD D35309"},"content":{"rendered":"<div class=\"elementor-element elementor-element-f47b367 elementor-widget elementor-widget-heading\" data-id=\"f47b367\" data-element_type=\"widget\" data-widget_type=\"heading.default\">\n<div class=\"elementor-widget-container\">\n<h2 class=\"elementor-heading-title elementor-size-default\">Savr\u0161ena rasvjeta, savr\u0161eni saloni.\u201d<\/h2>\n<\/div>\n<\/div>\n<div class=\"elementor-element elementor-element-b9e9e87 elementor-widget elementor-widget-text-editor\" data-id=\"b9e9e87\" data-element_type=\"widget\" data-widget_type=\"text-editor.default\">\n<div class=\"elementor-widget-container\">\n<ul>\n<li><span class=\"OYPEnA font-feature-liga-off font-feature-clig-off font-feature-calt-off text-decoration-none text-strikethrough-none\">No:1 Rasvjeta Izbor\u00a0<b>salona za nokte<\/b>\u00a0.<\/span><\/li>\n<li><span class=\"OYPEnA font-feature-liga-off font-feature-clig-off font-feature-calt-off text-decoration-none text-strikethrough-none\">Smanjuje naprezanje o\u010diju uzrokovano lo\u0161im osvjetljenjem i dugim radnim vremenom.<\/span><\/li>\n<li><span class=\"OYPEnA font-feature-liga-off font-feature-clig-off font-feature-calt-off text-decoration-none text-strikethrough-none\">Dodatni difuzor i LED diode za dodatnu udobnost u va\u0161im o\u010dima i eleganciju u va\u0161e salone.<\/span><\/li>\n<li><span class=\"OYPEnA font-feature-liga-off font-feature-clig-off font-feature-calt-off text-decoration-none text-strikethrough-none\"><b>CRI do 95+<\/b>\u00a0za maksimalan kontrast i jasno\u0107u na noktima.<\/span><\/li>\n<li><span class=\"OYPEnA font-feature-liga-off font-feature-clig-off font-feature-calt-off text-decoration-none text-strikethrough-none\">Savr\u0161ena rasvjeta za\u00a0<b>fotografiranje<\/b>\u00a0.<\/span><\/li>\n<li><span class=\"OYPEnA font-feature-liga-off font-feature-clig-off font-feature-calt-off text-decoration-none text-strikethrough-none\">USB-C priklju\u010dak za brzo punjenje njihovih ure\u0111aja, poma\u017eu\u0107i svojim klijentima.<\/span><\/li>\n<li><span class=\"OYPEnA font-feature-liga-off font-feature-clig-off font-feature-calt-off text-decoration-none text-strikethrough-none\"><b>Taktilni mikro prekida\u010d<\/b>\u00a0za promjenu razine svjetline, \u010dak i s rukavicama.<\/span><\/li>\n<li><span class=\"OYPEnA font-feature-liga-off font-feature-clig-off font-feature-calt-off text-decoration-none text-strikethrough-none\">2-u-1 stezaljka za stol i nosa\u010d za stol koji se mo\u017ee zavrtati, savr\u0161eno pristaje uz vode\u0107i salonski namje\u0161taj u industriji.<\/span><\/li>\n<\/ul>\n<p><strong>Podaci o proizvodu<\/strong><br \/>\nTe\u017eina 0,95 kg<br \/>\nBoja Rose Gold<br \/>\nDuljina kabela 2 m<\/p>\n<p><strong>Svjetlosni izlaz<\/strong><br \/>\nIzvor svjetla LED<br \/>\nlumeni 1000 lm<br \/>\nLux u koracima od 30 cm (12\u201d) 1-2-3-4 3200-2000-1500-750<br \/>\nTemperatura boje 6000K<br \/>\nCRI 95+<br \/>\nPotro\u0161nja energije 13,6 W<\/p>\n<p><strong>Informacije o pakiranju<\/strong><br \/>\nVisina 23,6 cm<br \/>\n\u0160irina 58 cm<br \/>\nDubina 6,2 cm<br \/>\nTe\u017eina pakiranja 1,55 kg<br \/>\nProizvodi po glavnoj kutiji 4<\/p>\n<p><iframe title=\"New Slimline 4 Lamp by Daylight Company. Creating the Perfectly Lighted #Sewing and #Crafting Space!\" width=\"1220\" height=\"686\" src=\"https:\/\/www.youtube.com\/embed\/4BIg7Ox2OBs?feature=oembed&#038;enablejsapi=1&#038;origin=https:\/\/www.arty-nails.org\" frameborder=\"0\" allow=\"accelerometer; autoplay; clipboard-write; encrypted-media; gyroscope; picture-in-picture; web-share\" referrerpolicy=\"strict-origin-when-cross-origin\" allowfullscreen><\/iframe><\/p>\n<\/div>\n<\/div>\n","protected":false},"excerpt":{"rendered":"<p>Savr\u0161ena rasvjeta, savr\u0161eni saloni.\u201d No:1 Rasvjeta Izbor\u00a0salona za nokte\u00a0. Smanjuje naprezanje o\u010diju uzrokovano lo\u0161im osvjetljenjem i dugim radnim vremenom. Dodatni difuzor i LED diode za dodatnu udobnost u va\u0161im o\u010dima i eleganciju u va\u0161e salone. CRI do 95+\u00a0za maksimalan kontrast i jasno\u0107u na noktima. Savr\u0161ena rasvjeta za\u00a0fotografiranje\u00a0. USB-C priklju\u010dak za brzo punjenje njihovih ure\u0111aja, poma\u017eu\u0107i [&hellip;]<\/p>\n","protected":false},"featured_media":38226,"comment_status":"closed","ping_status":"closed","template":"","meta":[],"product_brand":[59],"product_cat":[107],"product_tag":[],"class_list":{"0":"post-38203","1":"product","2":"type-product","3":"status-publish","4":"has-post-thumbnail","6":"product_brand-daylight","7":"product_cat-rasvjeta-za-salone","9":"first","10":"instock","11":"shipping-taxable","12":"purchasable","13":"product-type-simple"},"_links":{"self":[{"href":"https:\/\/www.arty-nails.org\/web_shop\/wp-json\/wp\/v2\/product\/38203","targetHints":{"allow":["GET"]}}],"collection":[{"href":"https:\/\/www.arty-nails.org\/web_shop\/wp-json\/wp\/v2\/product"}],"about":[{"href":"https:\/\/www.arty-nails.org\/web_shop\/wp-json\/wp\/v2\/types\/product"}],"replies":[{"embeddable":true,"href":"https:\/\/www.arty-nails.org\/web_shop\/wp-json\/wp\/v2\/comments?post=38203"}],"wp:featuredmedia":[{"embeddable":true,"href":"https:\/\/www.arty-nails.org\/web_shop\/wp-json\/wp\/v2\/media\/38226"}],"wp:attachment":[{"href":"https:\/\/www.arty-nails.org\/web_shop\/wp-json\/wp\/v2\/media?parent=38203"}],"wp:term":[{"taxonomy":"product_brand","embeddable":true,"href":"https:\/\/www.arty-nails.org\/web_shop\/wp-json\/wp\/v2\/product_brand?post=38203"},{"taxonomy":"product_cat","embeddable":true,"href":"https:\/\/www.arty-nails.org\/web_shop\/wp-json\/wp\/v2\/product_cat?post=38203"},{"taxonomy":"product_tag","embeddable":true,"href":"https:\/\/www.arty-nails.org\/web_shop\/wp-json\/wp\/v2\/product_tag?post=38203"}],"curies":[{"name":"wp","href":"https:\/\/api.w.org\/{rel}","templated":true}]}}