{"id":38437,"date":"2024-12-14T05:49:22","date_gmt":"2024-12-14T04:49:22","guid":{"rendered":"https:\/\/www.arty-nails.org\/web_shop\/?post_type=product&#038;p=38437"},"modified":"2026-03-10T14:01:03","modified_gmt":"2026-03-10T13:01:03","slug":"reforma-top-coat-greige-10-ml","status":"publish","type":"product","link":"https:\/\/www.arty-nails.org\/web_shop\/proizvod\/reforma-top-coat-greige-10-ml\/","title":{"rendered":"REFORMA TOP COAT GREIGE 10 ml (Hema, TPO free)"},"content":{"rendered":"<p>Otkrijte nove biserne zavr\u0161ne sjajeve iz Reforme koji \u0107e podi\u0107i va\u0161 stajling na novu razinu! Biserni zavr\u0161etak \u0107e va\u0161im noktima dati suptilan sjaj i luksuzan izgled, savr\u0161en za svaku priliku. Zahvaljuju\u0107i inovativnoj formuli, ReformA zavr\u0161ni sjajevi pru\u017eaju dugotrajan u\u010dinak koji odu\u0161evljava i privla\u010di pa\u017enju. Uz vrhunsku kvalitetu ovih proizvoda stvorite izuzetnu manikuru bisernog sjaja!<\/p>\n","protected":false},"excerpt":{"rendered":"<p>Otkrijte nove biserne zavr\u0161ne sjajeve iz Reforme koji \u0107e podi\u0107i va\u0161 stajling na novu razinu! Biserni zavr\u0161etak \u0107e va\u0161im noktima dati suptilan sjaj i luksuzan izgled, savr\u0161en za svaku priliku. Zahvaljuju\u0107i inovativnoj formuli, ReformA zavr\u0161ni sjajevi pru\u017eaju dugotrajan u\u010dinak koji odu\u0161evljava i privla\u010di pa\u017enju. Uz vrhunsku kvalitetu ovih proizvoda stvorite izuzetnu manikuru bisernog sjaja!<\/p>\n","protected":false},"featured_media":38426,"comment_status":"closed","ping_status":"closed","template":"","meta":[],"product_brand":[50],"product_cat":[219,218],"product_tag":[],"class_list":{"0":"post-38437","1":"product","2":"type-product","3":"status-publish","4":"has-post-thumbnail","6":"product_brand-reforma","7":"product_cat-reforma-zavrsni-sjajevi","8":"product_cat-zavrsni-sjajevi-reforma","10":"first","11":"instock","12":"shipping-taxable","13":"purchasable","14":"product-type-simple"},"_links":{"self":[{"href":"https:\/\/www.arty-nails.org\/web_shop\/wp-json\/wp\/v2\/product\/38437","targetHints":{"allow":["GET"]}}],"collection":[{"href":"https:\/\/www.arty-nails.org\/web_shop\/wp-json\/wp\/v2\/product"}],"about":[{"href":"https:\/\/www.arty-nails.org\/web_shop\/wp-json\/wp\/v2\/types\/product"}],"replies":[{"embeddable":true,"href":"https:\/\/www.arty-nails.org\/web_shop\/wp-json\/wp\/v2\/comments?post=38437"}],"wp:featuredmedia":[{"embeddable":true,"href":"https:\/\/www.arty-nails.org\/web_shop\/wp-json\/wp\/v2\/media\/38426"}],"wp:attachment":[{"href":"https:\/\/www.arty-nails.org\/web_shop\/wp-json\/wp\/v2\/media?parent=38437"}],"wp:term":[{"taxonomy":"product_brand","embeddable":true,"href":"https:\/\/www.arty-nails.org\/web_shop\/wp-json\/wp\/v2\/product_brand?post=38437"},{"taxonomy":"product_cat","embeddable":true,"href":"https:\/\/www.arty-nails.org\/web_shop\/wp-json\/wp\/v2\/product_cat?post=38437"},{"taxonomy":"product_tag","embeddable":true,"href":"https:\/\/www.arty-nails.org\/web_shop\/wp-json\/wp\/v2\/product_tag?post=38437"}],"curies":[{"name":"wp","href":"https:\/\/api.w.org\/{rel}","templated":true}]}}