{"id":39083,"date":"2025-01-27T18:09:23","date_gmt":"2025-01-27T17:09:23","guid":{"rendered":"https:\/\/www.arty-nails.org\/web_shop\/?post_type=product&#038;p=39083"},"modified":"2026-02-02T09:58:43","modified_gmt":"2026-02-02T08:58:43","slug":"arty-nails-ulje-za-zanoktice-spicy-tangerina-30-ml","status":"publish","type":"product","link":"https:\/\/www.arty-nails.org\/web_shop\/proizvod\/arty-nails-ulje-za-zanoktice-spicy-tangerina-30-ml\/","title":{"rendered":"ARTY NAILS ULJE ZA ZANOKTICE SPICY TANGERINA 30 ml"},"content":{"rendered":"<div>\n<div>Nova \u010dudesna Spacy Tangerina ulje mirisom nadilazi uobi\u010dajeno!<\/div>\n<\/div>\n<div><\/div>\n<div>Ulje za zanoktice koje ima u\u010dinak omek\u0161avanja, hranjenja i ubla\u017eavanja iritacija i suho\u0107e ko\u0107e, te usporava rast kutikule i poti\u0107e rast zdravih noktiju.<\/div>\n<div><\/div>\n<ul>\n<li>Ulje pro\u017eeto bogatim hranjivim tvarima za dodatno zdravlje noktiju<\/li>\n<li>Inhibitor rasta zanoktice je pokazao da redovita primjena usporava rast zanoktice<\/li>\n<li>Dugoro\u010dni rezultati: \u010desta uporaba dovodi do smanjenja rasta zanoktica i bolje zdravlja noktiju<\/li>\n<li>Poti\u010de rast zdravih\u00a0 noktiju<\/li>\n<li>Pru\u017eite vrhunski u\u017eitak sebi ili va\u0161im klijentima.<\/li>\n<\/ul>\n","protected":false},"excerpt":{"rendered":"<p>Nova \u010dudesna Spacy Tangerina ulje mirisom nadilazi uobi\u010dajeno! Ulje za zanoktice koje ima u\u010dinak omek\u0161avanja, hranjenja i ubla\u017eavanja iritacija i suho\u0107e ko\u0107e, te usporava rast kutikule i poti\u0107e rast zdravih noktiju. Ulje pro\u017eeto bogatim hranjivim tvarima za dodatno zdravlje noktiju Inhibitor rasta zanoktice je pokazao da redovita primjena usporava rast zanoktice Dugoro\u010dni rezultati: \u010desta uporaba [&hellip;]<\/p>\n","protected":false},"featured_media":39084,"comment_status":"closed","ping_status":"closed","template":"","meta":[],"product_brand":[55],"product_cat":[110,135,80],"product_tag":[],"class_list":{"0":"post-39083","1":"product","2":"type-product","3":"status-publish","4":"has-post-thumbnail","6":"product_brand-arty-nails","7":"product_cat-arty-nails-spa-linija","8":"product_cat-spa-njega-noktiju","9":"product_cat-ulja-za-zanoktice","11":"first","12":"instock","13":"shipping-taxable","14":"purchasable","15":"product-type-simple"},"_links":{"self":[{"href":"https:\/\/www.arty-nails.org\/web_shop\/wp-json\/wp\/v2\/product\/39083","targetHints":{"allow":["GET"]}}],"collection":[{"href":"https:\/\/www.arty-nails.org\/web_shop\/wp-json\/wp\/v2\/product"}],"about":[{"href":"https:\/\/www.arty-nails.org\/web_shop\/wp-json\/wp\/v2\/types\/product"}],"replies":[{"embeddable":true,"href":"https:\/\/www.arty-nails.org\/web_shop\/wp-json\/wp\/v2\/comments?post=39083"}],"wp:featuredmedia":[{"embeddable":true,"href":"https:\/\/www.arty-nails.org\/web_shop\/wp-json\/wp\/v2\/media\/39084"}],"wp:attachment":[{"href":"https:\/\/www.arty-nails.org\/web_shop\/wp-json\/wp\/v2\/media?parent=39083"}],"wp:term":[{"taxonomy":"product_brand","embeddable":true,"href":"https:\/\/www.arty-nails.org\/web_shop\/wp-json\/wp\/v2\/product_brand?post=39083"},{"taxonomy":"product_cat","embeddable":true,"href":"https:\/\/www.arty-nails.org\/web_shop\/wp-json\/wp\/v2\/product_cat?post=39083"},{"taxonomy":"product_tag","embeddable":true,"href":"https:\/\/www.arty-nails.org\/web_shop\/wp-json\/wp\/v2\/product_tag?post=39083"}],"curies":[{"name":"wp","href":"https:\/\/api.w.org\/{rel}","templated":true}]}}