{"id":39088,"date":"2025-01-27T19:03:30","date_gmt":"2025-01-27T18:03:30","guid":{"rendered":"https:\/\/www.arty-nails.org\/web_shop\/?post_type=product&#038;p=39088"},"modified":"2026-02-02T10:04:37","modified_gmt":"2026-02-02T09:04:37","slug":"arty-nails-dvostrani-liner-10-mm-i-12-mm","status":"publish","type":"product","link":"https:\/\/www.arty-nails.org\/web_shop\/proizvod\/arty-nails-dvostrani-liner-10-mm-i-12-mm\/","title":{"rendered":"ARTY NAILS DVOSTRANI  LINER 10 mm i 12 mm"},"content":{"rendered":"<p>Skinny Liner osobite kvalitete izra\u0111en od najfinije kolinsky dlake za nail art, micro crtanje te rusku manikuru tj. podvla\u010denje boje pod zanokticu.<\/p>\n<p>Kistove preporu\u010damo redovno \u010distiti s teku\u010dinom za \u010di\u0161\u0107enje kistova.<\/p>\n<p>Ima metalnu ru\u010dku s poklopcem na kojem je ugravirana veli\u010dina kista.<\/p>\n","protected":false},"excerpt":{"rendered":"<p>Skinny Liner osobite kvalitete izra\u0111en od najfinije kolinsky dlake za nail art, micro crtanje te rusku manikuru tj. podvla\u010denje boje pod zanokticu. Kistove preporu\u010damo redovno \u010distiti s teku\u010dinom za \u010di\u0161\u0107enje kistova. Ima metalnu ru\u010dku s poklopcem na kojem je ugravirana veli\u010dina kista.<\/p>\n","protected":false},"featured_media":39094,"comment_status":"closed","ping_status":"closed","template":"","meta":[],"product_brand":[55],"product_cat":[150,68,243],"product_tag":[],"class_list":{"0":"post-39088","1":"product","2":"type-product","3":"status-publish","4":"has-post-thumbnail","6":"product_brand-arty-nails","7":"product_cat-arty-nails-kistovi","8":"product_cat-kistovi","9":"product_cat-kistovi-za-nail-art","11":"first","12":"instock","13":"shipping-taxable","14":"purchasable","15":"product-type-simple"},"_links":{"self":[{"href":"https:\/\/www.arty-nails.org\/web_shop\/wp-json\/wp\/v2\/product\/39088","targetHints":{"allow":["GET"]}}],"collection":[{"href":"https:\/\/www.arty-nails.org\/web_shop\/wp-json\/wp\/v2\/product"}],"about":[{"href":"https:\/\/www.arty-nails.org\/web_shop\/wp-json\/wp\/v2\/types\/product"}],"replies":[{"embeddable":true,"href":"https:\/\/www.arty-nails.org\/web_shop\/wp-json\/wp\/v2\/comments?post=39088"}],"wp:featuredmedia":[{"embeddable":true,"href":"https:\/\/www.arty-nails.org\/web_shop\/wp-json\/wp\/v2\/media\/39094"}],"wp:attachment":[{"href":"https:\/\/www.arty-nails.org\/web_shop\/wp-json\/wp\/v2\/media?parent=39088"}],"wp:term":[{"taxonomy":"product_brand","embeddable":true,"href":"https:\/\/www.arty-nails.org\/web_shop\/wp-json\/wp\/v2\/product_brand?post=39088"},{"taxonomy":"product_cat","embeddable":true,"href":"https:\/\/www.arty-nails.org\/web_shop\/wp-json\/wp\/v2\/product_cat?post=39088"},{"taxonomy":"product_tag","embeddable":true,"href":"https:\/\/www.arty-nails.org\/web_shop\/wp-json\/wp\/v2\/product_tag?post=39088"}],"curies":[{"name":"wp","href":"https:\/\/api.w.org\/{rel}","templated":true}]}}