{"id":40016,"date":"2025-03-15T07:15:57","date_gmt":"2025-03-15T06:15:57","guid":{"rendered":"https:\/\/www.arty-nails.org\/web_shop\/?post_type=product&#038;p=40016"},"modified":"2026-02-02T10:20:14","modified_gmt":"2026-02-02T09:20:14","slug":"zamjenski-ulosci-za-pododisc-xs-180-grita-50-kom","status":"publish","type":"product","link":"https:\/\/www.arty-nails.org\/web_shop\/proizvod\/zamjenski-ulosci-za-pododisc-xs-180-grita-50-kom\/","title":{"rendered":"ZAMJENSKI ULO\u0160CI ZA PODODISC XS 180 GRITA 50 kom"},"content":{"rendered":"<p class=\"key_features_title\"><strong>Glavne zna\u010dajke:<\/strong><\/p>\n<div class=\"woocommerce-product-details__short-description\">\n<div class=\"u-toggle-text-next-btn --short --expanded\">\n<ul>\n<li>zamjenski abrazivi za pododisc<\/li>\n<li>veli\u010dina XS \u2013 10 mm<\/li>\n<li>abrazivnost 180 grita<\/li>\n<li>prikladno za primarni tretman stopala sa srednje grubom ko\u017eom<\/li>\n<li>visoko kvalitetni bijeli abraziv otporan na habanje s posebnom za\u0161titom od organske pra\u0161ine, ne mrvi se tijekom upotrebe, pru\u017ea visoko kvalitetan tretman stopala<\/li>\n<li>pouzdana ljepljiva baza koja osigurava sigurnost postupka<\/li>\n<li>nemojte namakati u vodi \u2013 prethodna obrada stopala keratoliti\u010dkim\/omek\u0161avaju\u0107im uljima ili drugim sredstvima ne utje\u010de na svojstva abraziva<\/li>\n<li>tanki abrazivi, bez sloja pjene<\/li>\n<li>za jednokratnu upotrebu<\/li>\n<li>50 komada u pakiranju<\/li>\n<\/ul>\n<\/div>\n<\/div>\n","protected":false},"excerpt":{"rendered":"<p>Glavne zna\u010dajke: zamjenski abrazivi za pododisc veli\u010dina XS \u2013 10 mm abrazivnost 180 grita prikladno za primarni tretman stopala sa srednje grubom ko\u017eom visoko kvalitetni bijeli abraziv otporan na habanje s posebnom za\u0161titom od organske pra\u0161ine, ne mrvi se tijekom upotrebe, pru\u017ea visoko kvalitetan tretman stopala pouzdana ljepljiva baza koja osigurava sigurnost postupka nemojte namakati [&hellip;]<\/p>\n","protected":false},"featured_media":40005,"comment_status":"closed","ping_status":"closed","template":"","meta":[],"product_brand":[],"product_cat":[217,216],"product_tag":[],"class_list":{"0":"post-40016","1":"product","2":"type-product","3":"status-publish","4":"has-post-thumbnail","6":"product_cat-pododisc","7":"product_cat-pododisc-nastavci","9":"first","10":"instock","11":"shipping-taxable","12":"purchasable","13":"product-type-simple"},"_links":{"self":[{"href":"https:\/\/www.arty-nails.org\/web_shop\/wp-json\/wp\/v2\/product\/40016","targetHints":{"allow":["GET"]}}],"collection":[{"href":"https:\/\/www.arty-nails.org\/web_shop\/wp-json\/wp\/v2\/product"}],"about":[{"href":"https:\/\/www.arty-nails.org\/web_shop\/wp-json\/wp\/v2\/types\/product"}],"replies":[{"embeddable":true,"href":"https:\/\/www.arty-nails.org\/web_shop\/wp-json\/wp\/v2\/comments?post=40016"}],"wp:featuredmedia":[{"embeddable":true,"href":"https:\/\/www.arty-nails.org\/web_shop\/wp-json\/wp\/v2\/media\/40005"}],"wp:attachment":[{"href":"https:\/\/www.arty-nails.org\/web_shop\/wp-json\/wp\/v2\/media?parent=40016"}],"wp:term":[{"taxonomy":"product_brand","embeddable":true,"href":"https:\/\/www.arty-nails.org\/web_shop\/wp-json\/wp\/v2\/product_brand?post=40016"},{"taxonomy":"product_cat","embeddable":true,"href":"https:\/\/www.arty-nails.org\/web_shop\/wp-json\/wp\/v2\/product_cat?post=40016"},{"taxonomy":"product_tag","embeddable":true,"href":"https:\/\/www.arty-nails.org\/web_shop\/wp-json\/wp\/v2\/product_tag?post=40016"}],"curies":[{"name":"wp","href":"https:\/\/api.w.org\/{rel}","templated":true}]}}