{"id":40019,"date":"2025-03-15T07:44:20","date_gmt":"2025-03-15T06:44:20","guid":{"rendered":"https:\/\/www.arty-nails.org\/web_shop\/?post_type=product&#038;p=40019"},"modified":"2026-02-10T14:41:27","modified_gmt":"2026-02-10T13:41:27","slug":"pododisc-xs-10-mm","status":"publish","type":"product","link":"https:\/\/www.arty-nails.org\/web_shop\/proizvod\/pododisc-xs-10-mm\/","title":{"rendered":"PODODISC XS 10 mm"},"content":{"rendered":"<p>Pododisc &#8211; najnoviji hit u svijetu pedikure od sada dostupan u na\u0161oj trgovini!<\/p>\n<p>To je profesionalno rje\u0161enje zahvaljuju\u0107i kojem \u0107ete svojim klijentima predstaviti inovaciju u izvo\u0111enju pedikure. Pododisc omogu\u0107uje brzu i lak\u0161u pedikuru te istovremeno pobolj\u0161ava njezinu kvalitetu.<\/p>\n<p>Disk je izra\u0111en od najkvalitetnijeg medicinskog nehr\u0111aju\u0107eg \u010delika, zahvaljuju\u0107i kojem \u0107e, bez obzira na vrijeme i u\u010destalost upotrebe, dugotrajno ostati u savr\u0161enom stanju. Pogodan je za sve vrste dezinfekcije i sterilizacije.<\/p>\n<p>Kori\u0161tenje ovog modernog alata ima prednosti i za tehni\u010dara i za klijenta:<\/p>\n<ul>\n<li>lak\u0161i i ugodniji rad<\/li>\n<li>skra\u0107uje vrijeme trajanja postupka<\/li>\n<li>pogodan za vi\u0161enamjensko kori\u0161tenje<\/li>\n<li>pobolj\u0161ava kvalitetu pedikure \u2013 odstranjuje mrtvu ko\u017eu bez ostataka<\/li>\n<li>zamjenski jednokratni ulo\u0161ci osiguravaju potpunu higijenu i sigurnost va\u0161im klijentima<\/li>\n<\/ul>\n<p>Ovo je must-have proizvod za sve salone i sve tehni\u010dare!<\/p>\n<p>Pododisc veli\u010dine XS 10 mm dolazi u pakiranju s pet zamjenskih ulo\u017eaka granulacije 180 grita. Zamjenski ulo\u0161ci granulacije 80, 100, 180, 240 i 320 grita dostupni su u samostalnim pakiranjima od 50 komada.<\/p>\n","protected":false},"excerpt":{"rendered":"<p>Pododisc &#8211; najnoviji hit u svijetu pedikure od sada dostupan u na\u0161oj trgovini! To je profesionalno rje\u0161enje zahvaljuju\u0107i kojem \u0107ete svojim klijentima predstaviti inovaciju u izvo\u0111enju pedikure. Pododisc omogu\u0107uje brzu i lak\u0161u pedikuru te istovremeno pobolj\u0161ava njezinu kvalitetu. Disk je izra\u0111en od najkvalitetnijeg medicinskog nehr\u0111aju\u0107eg \u010delika, zahvaljuju\u0107i kojem \u0107e, bez obzira na vrijeme i u\u010destalost [&hellip;]<\/p>\n","protected":false},"featured_media":39995,"comment_status":"closed","ping_status":"closed","template":"","meta":[],"product_brand":[],"product_cat":[217,216],"product_tag":[],"class_list":{"0":"post-40019","1":"product","2":"type-product","3":"status-publish","4":"has-post-thumbnail","6":"product_cat-pododisc","7":"product_cat-pododisc-nastavci","9":"first","10":"instock","11":"shipping-taxable","12":"purchasable","13":"product-type-simple"},"_links":{"self":[{"href":"https:\/\/www.arty-nails.org\/web_shop\/wp-json\/wp\/v2\/product\/40019","targetHints":{"allow":["GET"]}}],"collection":[{"href":"https:\/\/www.arty-nails.org\/web_shop\/wp-json\/wp\/v2\/product"}],"about":[{"href":"https:\/\/www.arty-nails.org\/web_shop\/wp-json\/wp\/v2\/types\/product"}],"replies":[{"embeddable":true,"href":"https:\/\/www.arty-nails.org\/web_shop\/wp-json\/wp\/v2\/comments?post=40019"}],"wp:featuredmedia":[{"embeddable":true,"href":"https:\/\/www.arty-nails.org\/web_shop\/wp-json\/wp\/v2\/media\/39995"}],"wp:attachment":[{"href":"https:\/\/www.arty-nails.org\/web_shop\/wp-json\/wp\/v2\/media?parent=40019"}],"wp:term":[{"taxonomy":"product_brand","embeddable":true,"href":"https:\/\/www.arty-nails.org\/web_shop\/wp-json\/wp\/v2\/product_brand?post=40019"},{"taxonomy":"product_cat","embeddable":true,"href":"https:\/\/www.arty-nails.org\/web_shop\/wp-json\/wp\/v2\/product_cat?post=40019"},{"taxonomy":"product_tag","embeddable":true,"href":"https:\/\/www.arty-nails.org\/web_shop\/wp-json\/wp\/v2\/product_tag?post=40019"}],"curies":[{"name":"wp","href":"https:\/\/api.w.org\/{rel}","templated":true}]}}