{"id":40601,"date":"2025-04-18T11:50:57","date_gmt":"2025-04-18T09:50:57","guid":{"rendered":"https:\/\/www.arty-nails.org\/web_shop\/?post_type=product&#038;p=40601"},"modified":"2026-02-02T10:18:33","modified_gmt":"2026-02-02T09:18:33","slug":"nastavak-diamond-ball-red-0-50-1601","status":"publish","type":"product","link":"https:\/\/www.arty-nails.org\/web_shop\/proizvod\/nastavak-diamond-ball-red-0-50-1601\/","title":{"rendered":"NASTAVAK DIAMOND BALL RED 0.50  &#8211; 1601"},"content":{"rendered":"<p>Profesionalni nastavak za manikuru i pedikuru vrhunske kvalitete, izra\u0111en od najkvalitetnijih materijala. Made in EU.<\/p>\n<ul>\n<li>ovaj nastavak savr\u0161en je za poliranje i skidanje zanoktica. Dati \u0107e vam savr\u0161en zadnji look za predivnu manikuru.<\/li>\n<\/ul>\n","protected":false},"excerpt":{"rendered":"<p>Profesionalni nastavak za manikuru i pedikuru vrhunske kvalitete, izra\u0111en od najkvalitetnijih materijala. Made in EU. ovaj nastavak savr\u0161en je za poliranje i skidanje zanoktica. Dati \u0107e vam savr\u0161en zadnji look za predivnu manikuru.<\/p>\n","protected":false},"featured_media":40599,"comment_status":"closed","ping_status":"closed","template":"","meta":[],"product_brand":[55],"product_cat":[263],"product_tag":[],"class_list":{"0":"post-40601","1":"product","2":"type-product","3":"status-publish","4":"has-post-thumbnail","6":"product_brand-arty-nails","7":"product_cat-dijamantni-nastavci","9":"first","10":"instock","11":"shipping-taxable","12":"purchasable","13":"product-type-simple"},"_links":{"self":[{"href":"https:\/\/www.arty-nails.org\/web_shop\/wp-json\/wp\/v2\/product\/40601","targetHints":{"allow":["GET"]}}],"collection":[{"href":"https:\/\/www.arty-nails.org\/web_shop\/wp-json\/wp\/v2\/product"}],"about":[{"href":"https:\/\/www.arty-nails.org\/web_shop\/wp-json\/wp\/v2\/types\/product"}],"replies":[{"embeddable":true,"href":"https:\/\/www.arty-nails.org\/web_shop\/wp-json\/wp\/v2\/comments?post=40601"}],"wp:featuredmedia":[{"embeddable":true,"href":"https:\/\/www.arty-nails.org\/web_shop\/wp-json\/wp\/v2\/media\/40599"}],"wp:attachment":[{"href":"https:\/\/www.arty-nails.org\/web_shop\/wp-json\/wp\/v2\/media?parent=40601"}],"wp:term":[{"taxonomy":"product_brand","embeddable":true,"href":"https:\/\/www.arty-nails.org\/web_shop\/wp-json\/wp\/v2\/product_brand?post=40601"},{"taxonomy":"product_cat","embeddable":true,"href":"https:\/\/www.arty-nails.org\/web_shop\/wp-json\/wp\/v2\/product_cat?post=40601"},{"taxonomy":"product_tag","embeddable":true,"href":"https:\/\/www.arty-nails.org\/web_shop\/wp-json\/wp\/v2\/product_tag?post=40601"}],"curies":[{"name":"wp","href":"https:\/\/api.w.org\/{rel}","templated":true}]}}