{"id":40603,"date":"2025-04-18T12:22:28","date_gmt":"2025-04-18T10:22:28","guid":{"rendered":"https:\/\/www.arty-nails.org\/web_shop\/?post_type=product&#038;p=40603"},"modified":"2026-02-02T10:18:33","modified_gmt":"2026-02-02T09:18:33","slug":"nastavak-carbide-yellow-l-14-600-mm-1602","status":"publish","type":"product","link":"https:\/\/www.arty-nails.org\/web_shop\/proizvod\/nastavak-carbide-yellow-l-14-600-mm-1602\/","title":{"rendered":"NASTAVAK CARBIDE YELLOW L-14 6,00 MM &#8211; 1606"},"content":{"rendered":"<p>Ovaj nastavak savr\u0161en je finalno skidanje trajnog laka ili gela bez\u00a0 mogu\u0107nosti da o\u0161tetite plo\u010du nokta. Must have za svakog tko se bavi ovim poslom profesionalno.<\/p>\n<p>Izra\u0111en od najkvalitetnijih materijala &#8211; karbidni nastavak. Made in EU.<\/p>\n","protected":false},"excerpt":{"rendered":"<p>Ovaj nastavak savr\u0161en je finalno skidanje trajnog laka ili gela bez\u00a0 mogu\u0107nosti da o\u0161tetite plo\u010du nokta. Must have za svakog tko se bavi ovim poslom profesionalno. Izra\u0111en od najkvalitetnijih materijala &#8211; karbidni nastavak. Made in EU.<\/p>\n","protected":false},"featured_media":40600,"comment_status":"closed","ping_status":"closed","template":"","meta":[],"product_brand":[55],"product_cat":[264],"product_tag":[],"class_list":{"0":"post-40603","1":"product","2":"type-product","3":"status-publish","4":"has-post-thumbnail","6":"product_brand-arty-nails","7":"product_cat-karbidni-nastavci","9":"first","10":"instock","11":"shipping-taxable","12":"purchasable","13":"product-type-simple"},"_links":{"self":[{"href":"https:\/\/www.arty-nails.org\/web_shop\/wp-json\/wp\/v2\/product\/40603","targetHints":{"allow":["GET"]}}],"collection":[{"href":"https:\/\/www.arty-nails.org\/web_shop\/wp-json\/wp\/v2\/product"}],"about":[{"href":"https:\/\/www.arty-nails.org\/web_shop\/wp-json\/wp\/v2\/types\/product"}],"replies":[{"embeddable":true,"href":"https:\/\/www.arty-nails.org\/web_shop\/wp-json\/wp\/v2\/comments?post=40603"}],"wp:featuredmedia":[{"embeddable":true,"href":"https:\/\/www.arty-nails.org\/web_shop\/wp-json\/wp\/v2\/media\/40600"}],"wp:attachment":[{"href":"https:\/\/www.arty-nails.org\/web_shop\/wp-json\/wp\/v2\/media?parent=40603"}],"wp:term":[{"taxonomy":"product_brand","embeddable":true,"href":"https:\/\/www.arty-nails.org\/web_shop\/wp-json\/wp\/v2\/product_brand?post=40603"},{"taxonomy":"product_cat","embeddable":true,"href":"https:\/\/www.arty-nails.org\/web_shop\/wp-json\/wp\/v2\/product_cat?post=40603"},{"taxonomy":"product_tag","embeddable":true,"href":"https:\/\/www.arty-nails.org\/web_shop\/wp-json\/wp\/v2\/product_tag?post=40603"}],"curies":[{"name":"wp","href":"https:\/\/api.w.org\/{rel}","templated":true}]}}