{"id":40740,"date":"2025-04-27T23:20:06","date_gmt":"2025-04-27T21:20:06","guid":{"rendered":"https:\/\/www.arty-nails.org\/web_shop\/?post_type=product&#038;p=40740"},"modified":"2026-02-16T17:56:57","modified_gmt":"2026-02-16T16:56:57","slug":"arty-nails-galaxy-keratin-builder-gel-15-ml-hema-di-hema-tpo-free","status":"publish","type":"product","link":"https:\/\/www.arty-nails.org\/web_shop\/proizvod\/arty-nails-galaxy-keratin-builder-gel-15-ml-hema-di-hema-tpo-free\/","title":{"rendered":"ARTY NAILS GALAXY KERATIN BUILDER GEL 15 ml (Hema, Di-Hema, TPO free)"},"content":{"rendered":"<div>The Cosmos Collection keratinskih builder gelova je sve \u0161to va\u0161i nokti trebaju i to u najdivnijim nude nijansama. U svakom gelu nalaze se reflektiraju\u0107e \u010destice za svemirski sjaj iz svakog kuta. \u010carobne nijanse stapaju se s va\u0161im stilom i pretvaraju svaki pokret ruke u spektakl!<\/div>\n<div><\/div>\n<div>Ovi unikatni proizvodi novost su u svijetu noktiju. Gelovi su izuzetno \u010dvrsti, jako jednostavni za rad, pune pigmentacije, predivnih boja, samoniveliraju\u0107i, savr\u0161eni i za no file tehniku rada. Proizvodi koje do sada niste imali priliku isprobati i koji \u0107e vam olak\u0161ati rad i ubrzati posao. Keratin fiber gelovi su ONE PHASE gelovi.<\/div>\n<ul>\n<li>bez osje\u0107aja peckanja<\/li>\n<li>bez mirisa<\/li>\n<li>superiorno prianjaju i ne odi\u017ee se<\/li>\n<li>no file tehnika rada \u2013 bez turpijanja<\/li>\n<li>samoniveliraju\u0107i<\/li>\n<li>bez razlijevanja<\/li>\n<li>izrazito lagani za rad<\/li>\n<li>ekstremno \u010dvrsti<\/li>\n<li>pogodni za jako duge nokte<\/li>\n<li>sadr\u017ee prave fiber niti<\/li>\n<li>prepuni keratina<\/li>\n<li>unikatna formula na tr\u017ei\u0161tu<\/li>\n<\/ul>\n<p>Su\u0161enje 1 min u LED lampi. Su\u0161enje ovisi o ja\u010dini i kvaliteti LED lampe.<\/p>\n","protected":false},"excerpt":{"rendered":"<p>The Cosmos Collection keratinskih builder gelova je sve \u0161to va\u0161i nokti trebaju i to u najdivnijim nude nijansama. U svakom gelu nalaze se reflektiraju\u0107e \u010destice za svemirski sjaj iz svakog kuta. \u010carobne nijanse stapaju se s va\u0161im stilom i pretvaraju svaki pokret ruke u spektakl! Ovi unikatni proizvodi novost su u svijetu noktiju. Gelovi su [&hellip;]<\/p>\n","protected":false},"featured_media":40725,"comment_status":"closed","ping_status":"closed","template":"","meta":[],"product_brand":[55],"product_cat":[85,140],"product_tag":[],"class_list":{"0":"post-40740","1":"product","2":"type-product","3":"status-publish","4":"has-post-thumbnail","6":"product_brand-arty-nails","7":"product_cat-arty-nails-gelovi","8":"product_cat-gradivni-gelovi-arty-nails","10":"first","11":"instock","12":"shipping-taxable","13":"purchasable","14":"product-type-simple"},"_links":{"self":[{"href":"https:\/\/www.arty-nails.org\/web_shop\/wp-json\/wp\/v2\/product\/40740","targetHints":{"allow":["GET"]}}],"collection":[{"href":"https:\/\/www.arty-nails.org\/web_shop\/wp-json\/wp\/v2\/product"}],"about":[{"href":"https:\/\/www.arty-nails.org\/web_shop\/wp-json\/wp\/v2\/types\/product"}],"replies":[{"embeddable":true,"href":"https:\/\/www.arty-nails.org\/web_shop\/wp-json\/wp\/v2\/comments?post=40740"}],"wp:featuredmedia":[{"embeddable":true,"href":"https:\/\/www.arty-nails.org\/web_shop\/wp-json\/wp\/v2\/media\/40725"}],"wp:attachment":[{"href":"https:\/\/www.arty-nails.org\/web_shop\/wp-json\/wp\/v2\/media?parent=40740"}],"wp:term":[{"taxonomy":"product_brand","embeddable":true,"href":"https:\/\/www.arty-nails.org\/web_shop\/wp-json\/wp\/v2\/product_brand?post=40740"},{"taxonomy":"product_cat","embeddable":true,"href":"https:\/\/www.arty-nails.org\/web_shop\/wp-json\/wp\/v2\/product_cat?post=40740"},{"taxonomy":"product_tag","embeddable":true,"href":"https:\/\/www.arty-nails.org\/web_shop\/wp-json\/wp\/v2\/product_tag?post=40740"}],"curies":[{"name":"wp","href":"https:\/\/api.w.org\/{rel}","templated":true}]}}