{"id":40802,"date":"2025-04-29T19:20:12","date_gmt":"2025-04-29T17:20:12","guid":{"rendered":"https:\/\/www.arty-nails.org\/web_shop\/?post_type=product&#038;p=40802"},"modified":"2025-10-17T14:48:05","modified_gmt":"2025-10-17T12:48:05","slug":"arty-nails-flower-shop-kolekcija-trajnih-lakova-hema-di-hema-tpo-free","status":"publish","type":"product","link":"https:\/\/www.arty-nails.org\/web_shop\/proizvod\/arty-nails-flower-shop-kolekcija-trajnih-lakova-hema-di-hema-tpo-free\/","title":{"rendered":"ARTY NAILS FLOWER SHOP KOLEKCIJA TRAJNIH LAKOVA (Hema, Di-Hema, TPO free)"},"content":{"rendered":"<p>Otkrijte \u010daroliju cvjetnog svijeta s na\u0161om najnovijom kolekcijom Flower Shop!<\/p>\n<p>\u0160est rasko\u0161nih, kremastih nijansi koje prekrivaju ve\u0107 u jednom sloju i pru\u017eaju savr\u0161en izgled bez slijevanja u zanoktice.<\/p>\n<p>Savr\u0161ena formula trajnih lakova:<\/p>\n<p>\ud83d\udcabHema, Di-Hema i TPO free \u2013 nje\u017eno prema tvojim noktima i zdravlju<\/p>\n<p>\ud83d\udcab glatka i bogata tekstura \u2013 za jednostavno i brzo nano\u0161enje<\/p>\n<p>\ud83d\udcab visoka pigmentacija \u2013 intenzivne boje koje traju<\/p>\n<p>Upoznajte sve nijanse ove kolekcije:<\/p>\n<ul>\n<li>205 Devil\u2019s Ivy \u2013 zavodljiva i otmjena zelena<\/li>\n<li>\n<div>206 Ruby Blush \u2013 \u017eenstvena i bezvremenska elegancija<\/div>\n<\/li>\n<li>\n<div>207 Lotus \u2013 romanti\u010dna nijansa cvjetne ru\u017ee<\/div>\n<\/li>\n<li>\n<div>208 Birds of Paradise \u2013 egzoti\u010dna eksplozija boje<\/div>\n<\/li>\n<li>\n<div>209 Glory Lily \u2013 vatrena elegancija u boji ljiljana<\/div>\n<\/li>\n<li>\n<div>210 Forget Me Not \u2013 nje\u017ena plava za vje\u010dne uspomene<\/div>\n<\/li>\n<\/ul>\n<p>Procvjetajte i vi uz nas!<\/p>\n","protected":false},"excerpt":{"rendered":"<p>Otkrijte \u010daroliju cvjetnog svijeta s na\u0161om najnovijom kolekcijom Flower Shop! \u0160est rasko\u0161nih, kremastih nijansi koje prekrivaju ve\u0107 u jednom sloju i pru\u017eaju savr\u0161en izgled bez slijevanja u zanoktice. Savr\u0161ena formula trajnih lakova: \ud83d\udcabHema, Di-Hema i TPO free \u2013 nje\u017eno prema tvojim noktima i zdravlju \ud83d\udcab glatka i bogata tekstura \u2013 za jednostavno i brzo nano\u0161enje [&hellip;]<\/p>\n","protected":false},"featured_media":40794,"comment_status":"closed","ping_status":"closed","template":"","meta":[],"product_brand":[55],"product_cat":[215,209,214],"product_tag":[],"class_list":{"0":"post-40802","1":"product","2":"type-product","3":"status-publish","4":"has-post-thumbnail","6":"product_brand-arty-nails","7":"product_cat-arty-nails-setovi-i-kolekcije-trajnih-lakova","8":"product_cat-posebne-ponude-arty-nails","9":"product_cat-setovi-i-kolekcije-trajnih-lakova-arty-nails","11":"first","12":"instock","13":"sale","14":"shipping-taxable","15":"purchasable","16":"product-type-simple"},"_links":{"self":[{"href":"https:\/\/www.arty-nails.org\/web_shop\/wp-json\/wp\/v2\/product\/40802","targetHints":{"allow":["GET"]}}],"collection":[{"href":"https:\/\/www.arty-nails.org\/web_shop\/wp-json\/wp\/v2\/product"}],"about":[{"href":"https:\/\/www.arty-nails.org\/web_shop\/wp-json\/wp\/v2\/types\/product"}],"replies":[{"embeddable":true,"href":"https:\/\/www.arty-nails.org\/web_shop\/wp-json\/wp\/v2\/comments?post=40802"}],"wp:featuredmedia":[{"embeddable":true,"href":"https:\/\/www.arty-nails.org\/web_shop\/wp-json\/wp\/v2\/media\/40794"}],"wp:attachment":[{"href":"https:\/\/www.arty-nails.org\/web_shop\/wp-json\/wp\/v2\/media?parent=40802"}],"wp:term":[{"taxonomy":"product_brand","embeddable":true,"href":"https:\/\/www.arty-nails.org\/web_shop\/wp-json\/wp\/v2\/product_brand?post=40802"},{"taxonomy":"product_cat","embeddable":true,"href":"https:\/\/www.arty-nails.org\/web_shop\/wp-json\/wp\/v2\/product_cat?post=40802"},{"taxonomy":"product_tag","embeddable":true,"href":"https:\/\/www.arty-nails.org\/web_shop\/wp-json\/wp\/v2\/product_tag?post=40802"}],"curies":[{"name":"wp","href":"https:\/\/api.w.org\/{rel}","templated":true}]}}