{"id":40878,"date":"2025-05-05T10:55:06","date_gmt":"2025-05-05T08:55:06","guid":{"rendered":"https:\/\/www.arty-nails.org\/web_shop\/?post_type=product&#038;p=40878"},"modified":"2026-02-02T09:55:06","modified_gmt":"2026-02-02T08:55:06","slug":"reforma-hard-biab-liquid-gel-clear-10-ml","status":"publish","type":"product","link":"https:\/\/www.arty-nails.org\/web_shop\/proizvod\/reforma-hard-biab-liquid-gel-clear-10-ml\/","title":{"rendered":"REFORMA HARD BIAB &#8211; LIQUID GEL CLEAR 10 ml (Hema, TPO Free)"},"content":{"rendered":"<p><strong>Teku\u0107i gel Clear \u2013 Liquid gel clear<\/strong><\/p>\n<p>&nbsp;<\/p>\n<p>Teku\u0107i Gel je inovativan materijal koji ima optimalnu kombinaciju \u010dvrsto\u0107e (jak kao beton) \u00a0i krutosti, \u0161to omogu\u0107uje visok stupanj kontrole tijekom modeliranja. Ovaj proizvod je idealan za u\u010dvr\u0161\u0107ivanje prirodnih noktiju, ispravljanje nesavr\u0161enosti i poravnavanje nokatnih plo\u010da. Uz njegovu pomo\u0107, mo\u017eete u\u010dinkovito raditi tehnikom bez kori\u0161tenja modeliranja, stvaraju\u0107i nokte srednje du\u017eine. Nakon procesa polimerizacije, materijal formira stabilan i izdr\u017eljiv premaz koji mo\u017ee zadr\u017eati svoja svojstva nekoliko tjedana. Clear teku\u0107i gel smatra se najuniverzalnijim izborom za manikere, jer se mo\u017ee koristiti ispod bilo koje vrste premaza\/boje.<\/p>\n<p>Prednosti Teku\u0107eg Gela:<\/p>\n<ul>\n<li>Mo\u017ee slu\u017eiti kao samostalan premaz<\/li>\n<li>Mo\u017ee se koristiti kao samostalan premaz ili kao osnovni sloj za gel lak.<\/li>\n<li>Pru\u017ea stabilan premaz bez skupljanja i ne zahtijeva dodatno oblikovanje.<\/li>\n<li>Pogodan za sve razine iskustva, od po\u010detnika do profesionalaca.<\/li>\n<li>Vrijeme u\u010dvr\u0161\u0107ivanja u lampi: 60 sekundi.<\/li>\n<\/ul>\n<p>Tehnologija nano\u0161enja Teku\u0107eg Gela korak po korak:<\/p>\n<p>Priprema nokatne plo\u010de:Upotrijebite turpiju 180\/240 granulacije kako biste uklonili sjajnu povr\u0161inu.<\/p>\n<p>Dehidracija: O\u010distite nokatnu plo\u010du s cleanserom.<\/p>\n<p>Priprema: Nanesite Nail Prep za odma\u0161\u0107ivanje i pripremu.<\/p>\n<p>Temeljni premaz: Koristite Ultrabond Primer za optimizaciju prijanjanja.<\/p>\n<p>Baza: Nanesite rubber bazu kao podlogu ili temeljni premaz u tankom sloju.<\/p>\n<p>O\u010dvr\u0161\u0107ivanje baze: Su\u0161ite pod \u00a0lampom 1 minutu.<\/p>\n<p>Prvi sloj Teku\u0107eg Gela: Nanesite tanak sloj (nemojte o\u010dvrsnuti).<\/p>\n<p>Drugi sloj Teku\u0107eg Gela: Nanesite izravnavaju\u0107i sloj i su\u0161ite 2minute<\/p>\n<p>Oblikovanje: Ako je potrebno, prilagodite oblik turpije pod \u017eeljenim kutom.<\/p>\n<p>Top Coat: Nanesite zavr\u0161ni sjaj.<\/p>\n","protected":false},"excerpt":{"rendered":"<p>Teku\u0107i gel Clear \u2013 Liquid gel clear &nbsp; Teku\u0107i Gel je inovativan materijal koji ima optimalnu kombinaciju \u010dvrsto\u0107e (jak kao beton) \u00a0i krutosti, \u0161to omogu\u0107uje visok stupanj kontrole tijekom modeliranja. Ovaj proizvod je idealan za u\u010dvr\u0161\u0107ivanje prirodnih noktiju, ispravljanje nesavr\u0161enosti i poravnavanje nokatnih plo\u010da. Uz njegovu pomo\u0107, mo\u017eete u\u010dinkovito raditi tehnikom bez kori\u0161tenja modeliranja, stvaraju\u0107i [&hellip;]<\/p>\n","protected":false},"featured_media":40879,"comment_status":"closed","ping_status":"closed","template":"","meta":[],"product_brand":[50],"product_cat":[256,257],"product_tag":[],"class_list":{"0":"post-40878","1":"product","2":"type-product","3":"status-publish","4":"has-post-thumbnail","6":"product_brand-reforma","7":"product_cat-liquid-gelovi-reforma","8":"product_cat-reforma-liquid-gelovi","10":"first","11":"instock","12":"shipping-taxable","13":"purchasable","14":"product-type-simple"},"_links":{"self":[{"href":"https:\/\/www.arty-nails.org\/web_shop\/wp-json\/wp\/v2\/product\/40878","targetHints":{"allow":["GET"]}}],"collection":[{"href":"https:\/\/www.arty-nails.org\/web_shop\/wp-json\/wp\/v2\/product"}],"about":[{"href":"https:\/\/www.arty-nails.org\/web_shop\/wp-json\/wp\/v2\/types\/product"}],"replies":[{"embeddable":true,"href":"https:\/\/www.arty-nails.org\/web_shop\/wp-json\/wp\/v2\/comments?post=40878"}],"wp:featuredmedia":[{"embeddable":true,"href":"https:\/\/www.arty-nails.org\/web_shop\/wp-json\/wp\/v2\/media\/40879"}],"wp:attachment":[{"href":"https:\/\/www.arty-nails.org\/web_shop\/wp-json\/wp\/v2\/media?parent=40878"}],"wp:term":[{"taxonomy":"product_brand","embeddable":true,"href":"https:\/\/www.arty-nails.org\/web_shop\/wp-json\/wp\/v2\/product_brand?post=40878"},{"taxonomy":"product_cat","embeddable":true,"href":"https:\/\/www.arty-nails.org\/web_shop\/wp-json\/wp\/v2\/product_cat?post=40878"},{"taxonomy":"product_tag","embeddable":true,"href":"https:\/\/www.arty-nails.org\/web_shop\/wp-json\/wp\/v2\/product_tag?post=40878"}],"curies":[{"name":"wp","href":"https:\/\/api.w.org\/{rel}","templated":true}]}}