{"id":41287,"date":"2025-05-25T12:04:07","date_gmt":"2025-05-25T10:04:07","guid":{"rendered":"https:\/\/www.arty-nails.org\/web_shop\/?post_type=product&#038;p=41287"},"modified":"2026-02-04T08:42:38","modified_gmt":"2026-02-04T07:42:38","slug":"naslonjac-za-ruku-gold-drvo","status":"publish","type":"product","link":"https:\/\/www.arty-nails.org\/web_shop\/proizvod\/naslonjac-za-ruku-gold-drvo\/","title":{"rendered":"NASLONJA\u010c ZA RUKU GOLD &#8211; DRVO"},"content":{"rendered":"<p>Profesionalni naslonja\u010d za manikuru s drvenim postoljem i gornjim dijelom sa zlatnim efektom. Osim \u0161to omogu\u0107ava udobnost i prakti\u010dnost tijekom tretmana, zbog svog profinjenog izgleda u va\u0161 radni prostor unosi i da\u0161ak elegancije.<\/p>\n","protected":false},"excerpt":{"rendered":"<p>Profesionalni naslonja\u010d za manikuru s drvenim postoljem i gornjim dijelom sa zlatnim efektom. Osim \u0161to omogu\u0107ava udobnost i prakti\u010dnost tijekom tretmana, zbog svog profinjenog izgleda u va\u0161 radni prostor unosi i da\u0161ak elegancije.<\/p>\n","protected":false},"featured_media":41289,"comment_status":"closed","ping_status":"closed","template":"","meta":[],"product_brand":[55],"product_cat":[199,165],"product_tag":[],"class_list":{"0":"post-41287","1":"product","2":"type-product","3":"status-publish","4":"has-post-thumbnail","6":"product_brand-arty-nails","7":"product_cat-arty-nails-lampe-i-ostala-oprema","8":"product_cat-oprema-za-rad","10":"first","11":"instock","12":"shipping-taxable","13":"purchasable","14":"product-type-simple"},"_links":{"self":[{"href":"https:\/\/www.arty-nails.org\/web_shop\/wp-json\/wp\/v2\/product\/41287","targetHints":{"allow":["GET"]}}],"collection":[{"href":"https:\/\/www.arty-nails.org\/web_shop\/wp-json\/wp\/v2\/product"}],"about":[{"href":"https:\/\/www.arty-nails.org\/web_shop\/wp-json\/wp\/v2\/types\/product"}],"replies":[{"embeddable":true,"href":"https:\/\/www.arty-nails.org\/web_shop\/wp-json\/wp\/v2\/comments?post=41287"}],"wp:featuredmedia":[{"embeddable":true,"href":"https:\/\/www.arty-nails.org\/web_shop\/wp-json\/wp\/v2\/media\/41289"}],"wp:attachment":[{"href":"https:\/\/www.arty-nails.org\/web_shop\/wp-json\/wp\/v2\/media?parent=41287"}],"wp:term":[{"taxonomy":"product_brand","embeddable":true,"href":"https:\/\/www.arty-nails.org\/web_shop\/wp-json\/wp\/v2\/product_brand?post=41287"},{"taxonomy":"product_cat","embeddable":true,"href":"https:\/\/www.arty-nails.org\/web_shop\/wp-json\/wp\/v2\/product_cat?post=41287"},{"taxonomy":"product_tag","embeddable":true,"href":"https:\/\/www.arty-nails.org\/web_shop\/wp-json\/wp\/v2\/product_tag?post=41287"}],"curies":[{"name":"wp","href":"https:\/\/api.w.org\/{rel}","templated":true}]}}