{"id":41365,"date":"2025-05-29T20:58:13","date_gmt":"2025-05-29T18:58:13","guid":{"rendered":"https:\/\/www.arty-nails.org\/web_shop\/?post_type=product&#038;p=41365"},"modified":"2025-12-03T12:02:16","modified_gmt":"2025-12-03T11:02:16","slug":"arty-nails-aurora-paleta-pigmenata-01","status":"publish","type":"product","link":"https:\/\/www.arty-nails.org\/web_shop\/proizvod\/arty-nails-aurora-paleta-pigmenata-01\/","title":{"rendered":"ARTY NAILS AURORA PALETA PIGMENATA  01"},"content":{"rendered":"<p><strong>Nokti s efektom metalik zrcala<\/strong><\/p>\n<p>Neka va\u0161i nokti budu istaknuti! Uz nokte s efektom metalik zrcala svoju manikuru mo\u017eete pretvoriti u jedinstveno umjetni\u010dko djelo. Ovi visokokvalitetn pigmenti za utrljavanje i dizajn noktiju kompatibilni su\u00a0 sa svim vrstama gelova, zavr\u0161nim sjajevima i bazama, tako da mo\u017eete stvoriti savr\u0161en izgled za svaku priliku. Osim toga, njegov vrhunski sastav osigurava neusporedivu postojanost i besprijekoran izgled koji traje tjednima. Za one koji cijene ljep\u0161e stvari u \u017eivotu!<\/p>\n<p>Za optimalne rezultate pridr\u017eavajte se tehnike nano\u0161enja i koristite zavr\u0161ni sjaj bez ljepljivog sloja.<\/p>\n<p>Ovaj proizvod omogu\u0107uje stvaranje jedinstvenog dizajna, pod uvjetom da slijedite pravila pri upotrebi. Odaberite gel lak koji odgovara tonu pigmenta i koristite mekani aplikator koji se nalazi u setu za nano\u0161enje.<\/p>\n<p>&nbsp;<\/p>\n<p><strong>Vodi\u010d za primjenu korak po korak:<\/strong><\/p>\n<p><em>Dezinficirajte ruke:<\/em>\u00a0Dezinficirajte ruke teku\u0107inom za dezinfekciju.<\/p>\n<p><em>Priprema:<\/em> Nanesite malu koli\u010dinu ReformA Nail Prep (art. 943022) na plo\u010du nokta bez pra\u0161ine. Pri\u010dekajte da se potpuno osu\u0161i. Nanesite Primer nakon toga. Nanesite bazni trajni lak ili gel, te osu\u0161ite.<\/p>\n<p>Odaberite osnovnu boju za svoj gel lak (Na\u0161a preporuka: crni gel lak najbolje isti\u010de dubinu boje \u2013 razmislite o kori\u0161tenju ReformA Black King, art. 941846).<\/p>\n<p><em>Nanesite zavr\u0161ni sjaj i zatvorite <\/em>\u00a0boju pomo\u0107u ReformA Top Glide (art. 941916).<\/p>\n<p>Aplikatorom utrljajte na stvrdnutu, neo\u010di\u0161\u0107enu povr\u0161inu gornjeg sloja dok ne postignete zadovoljavaju\u0107i u\u010dinak.<\/p>\n<p><em>Rub za nokte:<\/em>\u00a0Slobodni rub nokta pa\u017eljivo isturpijajte turpijom JUPITER 220\/200 (art. 942619) ili turpijom SATURN 180\/180 (art. 942618).<\/p>\n<p>Osigurajte dizajn pomo\u0107u Zavr\u0161noj sjaja ReformA Top Glide (art. 941916). Ne zaboravite temeljito obraditi slobodni rub nokta.<\/p>\n<p><em>\u010ci\u0161\u0107enje:<\/em>\u00a0O\u010distite podru\u010dje oko kutikule \u010detkom s finim vlaknima.<\/p>\n<p>&nbsp;<\/p>\n<p>&nbsp;<\/p>\n","protected":false},"excerpt":{"rendered":"<p>Nokti s efektom metalik zrcala Neka va\u0161i nokti budu istaknuti! Uz nokte s efektom metalik zrcala svoju manikuru mo\u017eete pretvoriti u jedinstveno umjetni\u010dko djelo. Ovi visokokvalitetn pigmenti za utrljavanje i dizajn noktiju kompatibilni su\u00a0 sa svim vrstama gelova, zavr\u0161nim sjajevima i bazama, tako da mo\u017eete stvoriti savr\u0161en izgled za svaku priliku. Osim toga, njegov vrhunski [&hellip;]<\/p>\n","protected":false},"featured_media":41366,"comment_status":"closed","ping_status":"closed","template":"","meta":[],"product_brand":[50],"product_cat":[109,77],"product_tag":[],"class_list":{"0":"post-41365","1":"product","2":"type-product","3":"status-publish","4":"has-post-thumbnail","6":"product_brand-reforma","7":"product_cat-pigmenti-i-termo-prahovi","8":"product_cat-reforma-pribor-i-oprema","10":"first","11":"instock","12":"shipping-taxable","13":"purchasable","14":"product-type-simple"},"_links":{"self":[{"href":"https:\/\/www.arty-nails.org\/web_shop\/wp-json\/wp\/v2\/product\/41365","targetHints":{"allow":["GET"]}}],"collection":[{"href":"https:\/\/www.arty-nails.org\/web_shop\/wp-json\/wp\/v2\/product"}],"about":[{"href":"https:\/\/www.arty-nails.org\/web_shop\/wp-json\/wp\/v2\/types\/product"}],"replies":[{"embeddable":true,"href":"https:\/\/www.arty-nails.org\/web_shop\/wp-json\/wp\/v2\/comments?post=41365"}],"wp:featuredmedia":[{"embeddable":true,"href":"https:\/\/www.arty-nails.org\/web_shop\/wp-json\/wp\/v2\/media\/41366"}],"wp:attachment":[{"href":"https:\/\/www.arty-nails.org\/web_shop\/wp-json\/wp\/v2\/media?parent=41365"}],"wp:term":[{"taxonomy":"product_brand","embeddable":true,"href":"https:\/\/www.arty-nails.org\/web_shop\/wp-json\/wp\/v2\/product_brand?post=41365"},{"taxonomy":"product_cat","embeddable":true,"href":"https:\/\/www.arty-nails.org\/web_shop\/wp-json\/wp\/v2\/product_cat?post=41365"},{"taxonomy":"product_tag","embeddable":true,"href":"https:\/\/www.arty-nails.org\/web_shop\/wp-json\/wp\/v2\/product_tag?post=41365"}],"curies":[{"name":"wp","href":"https:\/\/api.w.org\/{rel}","templated":true}]}}