{"id":41781,"date":"2025-06-17T19:04:06","date_gmt":"2025-06-17T17:04:06","guid":{"rendered":"https:\/\/www.arty-nails.org\/web_shop\/?post_type=product&#038;p=41781"},"modified":"2026-02-02T10:18:33","modified_gmt":"2026-02-02T09:18:33","slug":"nastavak-diamond-cylinder-red-l-600-25-mm-1607","status":"publish","type":"product","link":"https:\/\/www.arty-nails.org\/web_shop\/proizvod\/nastavak-diamond-cylinder-red-l-600-25-mm-1607\/","title":{"rendered":"NASTAVAK DIAMOND CYLINDER RED L-6,00, 2,5 MM &#8211; 1607"},"content":{"rendered":"<p>Vrhunski nastavak za obradu ko\u017ee i prirodnog nokta. Jako precizan. Savr\u0161eno obra\u0111uje zanoktice. Koristi se i u pedikuri i u manikuri.<\/p>\n","protected":false},"excerpt":{"rendered":"<p>Vrhunski nastavak za obradu ko\u017ee i prirodnog nokta. Jako precizan. Savr\u0161eno obra\u0111uje zanoktice. Koristi se i u pedikuri i u manikuri.<\/p>\n","protected":false},"featured_media":41782,"comment_status":"closed","ping_status":"closed","template":"","meta":[],"product_brand":[55],"product_cat":[264],"product_tag":[],"class_list":{"0":"post-41781","1":"product","2":"type-product","3":"status-publish","4":"has-post-thumbnail","6":"product_brand-arty-nails","7":"product_cat-karbidni-nastavci","9":"first","10":"instock","11":"shipping-taxable","12":"purchasable","13":"product-type-simple"},"_links":{"self":[{"href":"https:\/\/www.arty-nails.org\/web_shop\/wp-json\/wp\/v2\/product\/41781","targetHints":{"allow":["GET"]}}],"collection":[{"href":"https:\/\/www.arty-nails.org\/web_shop\/wp-json\/wp\/v2\/product"}],"about":[{"href":"https:\/\/www.arty-nails.org\/web_shop\/wp-json\/wp\/v2\/types\/product"}],"replies":[{"embeddable":true,"href":"https:\/\/www.arty-nails.org\/web_shop\/wp-json\/wp\/v2\/comments?post=41781"}],"wp:featuredmedia":[{"embeddable":true,"href":"https:\/\/www.arty-nails.org\/web_shop\/wp-json\/wp\/v2\/media\/41782"}],"wp:attachment":[{"href":"https:\/\/www.arty-nails.org\/web_shop\/wp-json\/wp\/v2\/media?parent=41781"}],"wp:term":[{"taxonomy":"product_brand","embeddable":true,"href":"https:\/\/www.arty-nails.org\/web_shop\/wp-json\/wp\/v2\/product_brand?post=41781"},{"taxonomy":"product_cat","embeddable":true,"href":"https:\/\/www.arty-nails.org\/web_shop\/wp-json\/wp\/v2\/product_cat?post=41781"},{"taxonomy":"product_tag","embeddable":true,"href":"https:\/\/www.arty-nails.org\/web_shop\/wp-json\/wp\/v2\/product_tag?post=41781"}],"curies":[{"name":"wp","href":"https:\/\/api.w.org\/{rel}","templated":true}]}}