{"id":42314,"date":"2025-07-15T14:19:41","date_gmt":"2025-07-15T12:19:41","guid":{"rendered":"https:\/\/www.arty-nails.org\/web_shop\/?post_type=product&#038;p=42314"},"modified":"2025-10-17T14:46:46","modified_gmt":"2025-10-17T12:46:46","slug":"arty-nails-the-bucket-list-kolekcija-trajnih-lakova-hema-di-hema-tpo-free","status":"publish","type":"product","link":"https:\/\/www.arty-nails.org\/web_shop\/proizvod\/arty-nails-the-bucket-list-kolekcija-trajnih-lakova-hema-di-hema-tpo-free\/","title":{"rendered":"ARTY NAILS THE BUCKET LIST KOLEKCIJA TRAJNIH LAKOVA (Hema, Di-Hema, TPO free)"},"content":{"rendered":"<h3 data-start=\"171\" data-end=\"233\">\ud83c\udf0d NOVA KOLEKCIJA TRAJNIH LAKOVA \u2013 THE BUCKET LIST\u2728<\/h3>\n<p data-start=\"234\" data-end=\"302\"><strong data-start=\"234\" data-end=\"302\">Do\u017eivi svjetsku avanturu kroz boje koje osvajaju na prvi pogled.<\/strong><\/p>\n<p data-start=\"304\" data-end=\"570\">Predstavljamo ti <strong data-start=\"321\" data-end=\"340\">THE BUCKET LIST mjesta o kojima sanja\u0161 kroz boje.<\/strong><\/p>\n<h3 data-start=\"572\" data-end=\"597\">\ud83d\udc85 Upoznaj kolekciju<\/h3>\n<ul data-start=\"598\" data-end=\"945\">\n<li data-start=\"598\" data-end=\"676\">\n<p data-start=\"600\" data-end=\"676\"><strong data-start=\"600\" data-end=\"612\">Honolulu <\/strong>\u2013 savr\u0161ena jarka roza taman za preplanulu put<\/p>\n<\/li>\n<li data-start=\"677\" data-end=\"742\">\n<p data-start=\"679\" data-end=\"742\"><strong data-start=\"679\" data-end=\"695\">Saint-Tropez<\/strong>\u2013 neon crvena<\/p>\n<\/li>\n<li data-start=\"743\" data-end=\"810\">\n<p data-start=\"745\" data-end=\"810\"><strong data-start=\"745\" data-end=\"761\">Kuala Lumpur <\/strong>\u2013 neke boje ne mo\u017eemo opisati rije\u010dima osim savr\u0161ena<\/p>\n<\/li>\n<li data-start=\"811\" data-end=\"874\">\n<p data-start=\"813\" data-end=\"874\"><strong data-start=\"813\" data-end=\"820\">Rio<\/strong> \u2013 neon roza, naran\u010dasta \u2013 ne mo\u017ee se opisati<\/p>\n<\/li>\n<li data-start=\"875\" data-end=\"945\">\n<p data-start=\"877\" data-end=\"945\"><strong data-start=\"877\" data-end=\"886\">Tokio<\/strong>\u2013 jarka fuksija<\/p>\n<\/li>\n<\/ul>\n<p data-start=\"947\" data-end=\"1272\">Svaka boja pa\u017eljivo je formulirana kako bi pru\u017eila <strong data-start=\"998\" data-end=\"1062\">maksimalnu postojanost, sjaj i prekrivanje ve\u0107 u prvom sloju. S<\/strong><strong data-start=\"1086\" data-end=\"1138\">vi lakovi su HEMA FREE, DI-HEMA FREE i TPO FREE<\/strong><\/p>\n<h3 data-start=\"1274\" data-end=\"1297\">\ud83c\udf81 POSEBNA PONUDA<\/h3>\n<p data-start=\"1298\" data-end=\"1417\">Kupnjom <strong data-start=\"1306\" data-end=\"1338\">cijele kolekcije (5 nijansi) ostvarujete <\/strong><strong data-start=\"1350\" data-end=\"1365\">10% popusta + gratis stickeri<\/strong>\u00a0!<\/p>\n","protected":false},"excerpt":{"rendered":"<p>\ud83c\udf0d NOVA KOLEKCIJA TRAJNIH LAKOVA \u2013 THE BUCKET LIST\u2728 Do\u017eivi svjetsku avanturu kroz boje koje osvajaju na prvi pogled. Predstavljamo ti THE BUCKET LIST mjesta o kojima sanja\u0161 kroz boje. \ud83d\udc85 Upoznaj kolekciju Honolulu \u2013 savr\u0161ena jarka roza taman za preplanulu put Saint-Tropez\u2013 neon crvena Kuala Lumpur \u2013 neke boje ne mo\u017eemo opisati rije\u010dima osim [&hellip;]<\/p>\n","protected":false},"featured_media":42355,"comment_status":"closed","ping_status":"closed","template":"","meta":[],"product_brand":[55],"product_cat":[215,209,214],"product_tag":[],"class_list":{"0":"post-42314","1":"product","2":"type-product","3":"status-publish","4":"has-post-thumbnail","6":"product_brand-arty-nails","7":"product_cat-arty-nails-setovi-i-kolekcije-trajnih-lakova","8":"product_cat-posebne-ponude-arty-nails","9":"product_cat-setovi-i-kolekcije-trajnih-lakova-arty-nails","11":"first","12":"instock","13":"sale","14":"shipping-taxable","15":"purchasable","16":"product-type-simple"},"_links":{"self":[{"href":"https:\/\/www.arty-nails.org\/web_shop\/wp-json\/wp\/v2\/product\/42314","targetHints":{"allow":["GET"]}}],"collection":[{"href":"https:\/\/www.arty-nails.org\/web_shop\/wp-json\/wp\/v2\/product"}],"about":[{"href":"https:\/\/www.arty-nails.org\/web_shop\/wp-json\/wp\/v2\/types\/product"}],"replies":[{"embeddable":true,"href":"https:\/\/www.arty-nails.org\/web_shop\/wp-json\/wp\/v2\/comments?post=42314"}],"wp:featuredmedia":[{"embeddable":true,"href":"https:\/\/www.arty-nails.org\/web_shop\/wp-json\/wp\/v2\/media\/42355"}],"wp:attachment":[{"href":"https:\/\/www.arty-nails.org\/web_shop\/wp-json\/wp\/v2\/media?parent=42314"}],"wp:term":[{"taxonomy":"product_brand","embeddable":true,"href":"https:\/\/www.arty-nails.org\/web_shop\/wp-json\/wp\/v2\/product_brand?post=42314"},{"taxonomy":"product_cat","embeddable":true,"href":"https:\/\/www.arty-nails.org\/web_shop\/wp-json\/wp\/v2\/product_cat?post=42314"},{"taxonomy":"product_tag","embeddable":true,"href":"https:\/\/www.arty-nails.org\/web_shop\/wp-json\/wp\/v2\/product_tag?post=42314"}],"curies":[{"name":"wp","href":"https:\/\/api.w.org\/{rel}","templated":true}]}}