{"id":42472,"date":"2025-07-22T14:41:26","date_gmt":"2025-07-22T12:41:26","guid":{"rendered":"https:\/\/www.arty-nails.org\/web_shop\/?post_type=product&#038;p=42472"},"modified":"2026-02-02T10:15:08","modified_gmt":"2026-02-02T09:15:08","slug":"klijesta-za-nokte-classic-63-14-mm-za-rezanje-noktiju","status":"publish","type":"product","link":"https:\/\/www.arty-nails.org\/web_shop\/proizvod\/klijesta-za-nokte-classic-63-14-mm-za-rezanje-noktiju\/","title":{"rendered":"KLIJE\u0160TA ZA NOKTE CLASSIC 63 14 MM &#8211; ZA REZANJE NOKTIJU"},"content":{"rendered":"<ul>\n<li>NC 63\/14 pogodna su za korekciju duljine tanke i srednje nokatne plo\u010de &#8211; idealne za rezanje noktiju.<\/li>\n<li>namijenjeni su za izvo\u0111enje manikure i pedikure<\/li>\n<li>omogu\u0107uju rad na te\u0161ko dostupnim mjestima zahvaljuju\u0107i produ\u017eenim i su\u017eenim vrhovima radnog dijela<\/li>\n<li>opruga \u2013 dvije plo\u010dice su izdr\u017eljive i osiguravaju mekan rad alata<\/li>\n<li>alat se udobno dr\u017ei u ruci zahvaljuju\u0107i poja\u010danim zakrivljenim dr\u0161kama<\/li>\n<li>dodatna otpornost na koroziju koja se posti\u017ee poliranjem GOI pastom<\/li>\n<\/ul>\n","protected":false},"excerpt":{"rendered":"<p>NC 63\/14 pogodna su za korekciju duljine tanke i srednje nokatne plo\u010de &#8211; idealne za rezanje noktiju. namijenjeni su za izvo\u0111enje manikure i pedikure omogu\u0107uju rad na te\u0161ko dostupnim mjestima zahvaljuju\u0107i produ\u017eenim i su\u017eenim vrhovima radnog dijela opruga \u2013 dvije plo\u010dice su izdr\u017eljive i osiguravaju mekan rad alata alat se udobno dr\u017ei u ruci zahvaljuju\u0107i [&hellip;]<\/p>\n","protected":false},"featured_media":42477,"comment_status":"closed","ping_status":"closed","template":"","meta":[],"product_brand":[],"product_cat":[121,124],"product_tag":[],"class_list":{"0":"post-42472","1":"product","2":"type-product","3":"status-publish","4":"has-post-thumbnail","6":"product_cat-pribor-za-nokte","7":"product_cat-pribor-za-pedikuru","9":"first","10":"outofstock","11":"shipping-taxable","12":"purchasable","13":"product-type-simple"},"_links":{"self":[{"href":"https:\/\/www.arty-nails.org\/web_shop\/wp-json\/wp\/v2\/product\/42472","targetHints":{"allow":["GET"]}}],"collection":[{"href":"https:\/\/www.arty-nails.org\/web_shop\/wp-json\/wp\/v2\/product"}],"about":[{"href":"https:\/\/www.arty-nails.org\/web_shop\/wp-json\/wp\/v2\/types\/product"}],"replies":[{"embeddable":true,"href":"https:\/\/www.arty-nails.org\/web_shop\/wp-json\/wp\/v2\/comments?post=42472"}],"wp:featuredmedia":[{"embeddable":true,"href":"https:\/\/www.arty-nails.org\/web_shop\/wp-json\/wp\/v2\/media\/42477"}],"wp:attachment":[{"href":"https:\/\/www.arty-nails.org\/web_shop\/wp-json\/wp\/v2\/media?parent=42472"}],"wp:term":[{"taxonomy":"product_brand","embeddable":true,"href":"https:\/\/www.arty-nails.org\/web_shop\/wp-json\/wp\/v2\/product_brand?post=42472"},{"taxonomy":"product_cat","embeddable":true,"href":"https:\/\/www.arty-nails.org\/web_shop\/wp-json\/wp\/v2\/product_cat?post=42472"},{"taxonomy":"product_tag","embeddable":true,"href":"https:\/\/www.arty-nails.org\/web_shop\/wp-json\/wp\/v2\/product_tag?post=42472"}],"curies":[{"name":"wp","href":"https:\/\/api.w.org\/{rel}","templated":true}]}}