{"id":43278,"date":"2025-08-27T20:48:15","date_gmt":"2025-08-27T18:48:15","guid":{"rendered":"https:\/\/www.arty-nails.org\/web_shop\/?post_type=product&#038;p=43278"},"modified":"2026-02-02T09:50:28","modified_gmt":"2026-02-02T08:50:28","slug":"arty-nails-base-gel-10-ml-tpo-free","status":"publish","type":"product","link":"https:\/\/www.arty-nails.org\/web_shop\/proizvod\/arty-nails-base-gel-10-ml-tpo-free\/","title":{"rendered":"ARTY NAILS BASE GEL 10 ml  (TPO free)"},"content":{"rendered":"<p>Recite zbogom noktima koji se odi\u017eu. Bazni gel za jako prianjanje gela\/polygela za nokte. \u0160titi nokat od poroznosti umjetnog materijala te sadr\u017ei sastojke za oja\u010davanje prirodnog nokta, kao biotin i vitamine. Nanosi se u jako tankom sloju. Ukoliko \u017eelite da va\u0161i nokti budu za\u0161ti\u0107eni i njegovani bazni gel je neizostavan dio geliranja\/polygela jer \u0161titi, hrani i obnavlja nokat te djeluje protiv odizanja. Stvara neraskidivu vezu izme\u0111u nokta i umjetnog materijala i neizostavan je dio dobre manikure. Vrijeme su\u0161enja:\u00a0 1 min u LED lampi.<\/p>\n<p>&nbsp;<\/p>\n","protected":false},"excerpt":{"rendered":"<p>Recite zbogom noktima koji se odi\u017eu. Bazni gel za jako prianjanje gela\/polygela za nokte. \u0160titi nokat od poroznosti umjetnog materijala te sadr\u017ei sastojke za oja\u010davanje prirodnog nokta, kao biotin i vitamine. Nanosi se u jako tankom sloju. Ukoliko \u017eelite da va\u0161i nokti budu za\u0161ti\u0107eni i njegovani bazni gel je neizostavan dio geliranja\/polygela jer \u0161titi, hrani [&hellip;]<\/p>\n","protected":false},"featured_media":43279,"comment_status":"closed","ping_status":"closed","template":"","meta":[],"product_brand":[55],"product_cat":[85,139],"product_tag":[],"class_list":{"0":"post-43278","1":"product","2":"type-product","3":"status-publish","4":"has-post-thumbnail","6":"product_brand-arty-nails","7":"product_cat-arty-nails-gelovi","8":"product_cat-bazni-i-top-gelovi","10":"first","11":"instock","12":"shipping-taxable","13":"purchasable","14":"product-type-simple"},"_links":{"self":[{"href":"https:\/\/www.arty-nails.org\/web_shop\/wp-json\/wp\/v2\/product\/43278","targetHints":{"allow":["GET"]}}],"collection":[{"href":"https:\/\/www.arty-nails.org\/web_shop\/wp-json\/wp\/v2\/product"}],"about":[{"href":"https:\/\/www.arty-nails.org\/web_shop\/wp-json\/wp\/v2\/types\/product"}],"replies":[{"embeddable":true,"href":"https:\/\/www.arty-nails.org\/web_shop\/wp-json\/wp\/v2\/comments?post=43278"}],"wp:featuredmedia":[{"embeddable":true,"href":"https:\/\/www.arty-nails.org\/web_shop\/wp-json\/wp\/v2\/media\/43279"}],"wp:attachment":[{"href":"https:\/\/www.arty-nails.org\/web_shop\/wp-json\/wp\/v2\/media?parent=43278"}],"wp:term":[{"taxonomy":"product_brand","embeddable":true,"href":"https:\/\/www.arty-nails.org\/web_shop\/wp-json\/wp\/v2\/product_brand?post=43278"},{"taxonomy":"product_cat","embeddable":true,"href":"https:\/\/www.arty-nails.org\/web_shop\/wp-json\/wp\/v2\/product_cat?post=43278"},{"taxonomy":"product_tag","embeddable":true,"href":"https:\/\/www.arty-nails.org\/web_shop\/wp-json\/wp\/v2\/product_tag?post=43278"}],"curies":[{"name":"wp","href":"https:\/\/api.w.org\/{rel}","templated":true}]}}