{"id":43658,"date":"2025-09-09T15:33:29","date_gmt":"2025-09-09T13:33:29","guid":{"rendered":"https:\/\/www.arty-nails.org\/web_shop\/?post_type=product&#038;p=43658"},"modified":"2026-02-11T14:55:16","modified_gmt":"2026-02-11T13:55:16","slug":"reforma-builder-gel-cappuccino-15-g","status":"publish","type":"product","link":"https:\/\/www.arty-nails.org\/web_shop\/proizvod\/reforma-builder-gel-cappuccino-15-g\/","title":{"rendered":"REFORMA BUILDER GEL CAPPUCCINO 15 g"},"content":{"rendered":"<p dir=\"ltr\">New Builder Gel Collection \u2014\u00a0When Your Nails Finally Cooperate<\/p>\n<p dir=\"ltr\"><span dir=\"auto\">Znate onaj osje\u0107aj kada prona\u0111ete\u00a0\u00a0<\/span><span dir=\"auto\">taj\u00a0<\/span><span dir=\"auto\"> gel? Onaj koji vam ne stvara probleme, ne stresira vas i zapravo vam olak\u0161ava posao? Pozdravite na\u0161u novu liniju gelova za izradnju \u2013 uskoro \u0107e postati glava va\u0161eg salona.<\/span><\/p>\n<p dir=\"ltr\"><span dir=\"auto\">Kona\u010dno, gel koji to rje\u0161ava<\/span><\/p>\n<p dir=\"ltr\"><span dir=\"auto\">Vrhunska formula koja se jednostavno razlijeva\u00a0<\/span><span dir=\"auto\">\u00a0\u2014 Samoniveliraju\u0107a, srednje konzistencije koja prakti\u010dki obavlja posao umjesto vas. Nema vi\u0161e muke s tvrdokornim proizvodom ili popravljanja grudastih nanosa.<\/span><\/p>\n<p dir=\"ltr\"><span dir=\"auto\">\u010cista ljepota koja stvarno djeluje\u00a0<\/span><span dir=\"auto\">\u00a0\u2014 formula bez TPO-a i HEMA-e zna\u010di da \u010dak i va\u0161i najosjetljiviji klijenti mogu u\u017eivati \u200b\u200bu prekrasnim noktima bez brige.<\/span><\/p>\n<p dir=\"ltr\"><span dir=\"auto\">Jedan gel, beskrajne mogu\u0107nosti:<\/span><\/p>\n<ul>\n<li dir=\"ltr\" aria-level=\"1\">\n<p dir=\"ltr\" role=\"presentation\"><span dir=\"auto\">Za dual forme<\/span><\/p>\n<\/li>\n<li dir=\"ltr\" aria-level=\"1\">\n<p dir=\"ltr\" role=\"presentation\"><span dir=\"auto\">Ja\u010danje prirodnih noktiju bez agresivnog turpijanja<\/span><\/p>\n<\/li>\n<li dir=\"ltr\" aria-level=\"1\">\n<p dir=\"ltr\" role=\"presentation\"><span dir=\"auto\">Savr\u0161en rad na modeliranju i kamufla\u017ei<\/span><\/p>\n<\/li>\n<li dir=\"ltr\" aria-level=\"1\">\n<p dir=\"ltr\" role=\"presentation\"><span dir=\"auto\">Brzi popravci i besprijekorna primjena dekora<\/span><\/p>\n<\/li>\n<\/ul>\n<p dir=\"ltr\"><span dir=\"auto\">Luksuzne nijanse <\/span><span dir=\"auto\">\u00a0\u2014 One sofisticirane, decentne boje koje klijentima daju osje\u0107aj lako\u0107e i elegancije.\u00a0\u00a0<\/span><span dir=\"auto\">Skupocjen okus\u00a0<\/span><span dir=\"auto\">\u00a0bez drame.<\/span><\/p>\n<p dir=\"ltr\"><span dir=\"auto\">Prilago\u0111eno razini vje\u0161tine\u00a0<\/span><span dir=\"auto\">\u00a0\u2014 Novi ste u igri? Ovaj gel vas ne\u0107e osu\u0111ivati. Iskusni profesionalac? Pratit \u0107e va\u0161e najvi\u0161e standarde bez imalo napora.<\/span><\/p>\n<p dir=\"ltr\"><span dir=\"auto\">Zaklju\u010dak<\/span><\/p>\n<p dir=\"ltr\"><span dir=\"auto\">Isprobajte jednom \u2014 i sve \u0107e vam biti jasno. Manje glavobolje, vi\u0161e zadovoljnih klijenata, br\u017ei rad.<\/span><\/p>\n<p dir=\"ltr\"><span dir=\"auto\">Spremni za testiranje?<\/span><\/p>\n","protected":false},"excerpt":{"rendered":"<p>New Builder Gel Collection \u2014\u00a0When Your Nails Finally Cooperate Znate onaj osje\u0107aj kada prona\u0111ete\u00a0\u00a0taj\u00a0 gel? Onaj koji vam ne stvara probleme, ne stresira vas i zapravo vam olak\u0161ava posao? Pozdravite na\u0161u novu liniju gelova za izradnju \u2013 uskoro \u0107e postati glava va\u0161eg salona. Kona\u010dno, gel koji to rje\u0161ava Vrhunska formula koja se jednostavno razlijeva\u00a0\u00a0\u2014 Samoniveliraju\u0107a, [&hellip;]<\/p>\n","protected":false},"featured_media":43652,"comment_status":"closed","ping_status":"closed","template":"","meta":[],"product_brand":[50],"product_cat":[260,75],"product_tag":[],"class_list":{"0":"post-43658","1":"product","2":"type-product","3":"status-publish","4":"has-post-thumbnail","6":"product_brand-reforma","7":"product_cat-gradivni-gelovi-reforma","8":"product_cat-reforma-gel-tehnika","10":"first","11":"instock","12":"shipping-taxable","13":"purchasable","14":"product-type-simple"},"_links":{"self":[{"href":"https:\/\/www.arty-nails.org\/web_shop\/wp-json\/wp\/v2\/product\/43658","targetHints":{"allow":["GET"]}}],"collection":[{"href":"https:\/\/www.arty-nails.org\/web_shop\/wp-json\/wp\/v2\/product"}],"about":[{"href":"https:\/\/www.arty-nails.org\/web_shop\/wp-json\/wp\/v2\/types\/product"}],"replies":[{"embeddable":true,"href":"https:\/\/www.arty-nails.org\/web_shop\/wp-json\/wp\/v2\/comments?post=43658"}],"wp:featuredmedia":[{"embeddable":true,"href":"https:\/\/www.arty-nails.org\/web_shop\/wp-json\/wp\/v2\/media\/43652"}],"wp:attachment":[{"href":"https:\/\/www.arty-nails.org\/web_shop\/wp-json\/wp\/v2\/media?parent=43658"}],"wp:term":[{"taxonomy":"product_brand","embeddable":true,"href":"https:\/\/www.arty-nails.org\/web_shop\/wp-json\/wp\/v2\/product_brand?post=43658"},{"taxonomy":"product_cat","embeddable":true,"href":"https:\/\/www.arty-nails.org\/web_shop\/wp-json\/wp\/v2\/product_cat?post=43658"},{"taxonomy":"product_tag","embeddable":true,"href":"https:\/\/www.arty-nails.org\/web_shop\/wp-json\/wp\/v2\/product_tag?post=43658"}],"curies":[{"name":"wp","href":"https:\/\/api.w.org\/{rel}","templated":true}]}}