{"id":44124,"date":"2025-10-05T13:04:30","date_gmt":"2025-10-05T11:04:30","guid":{"rendered":"https:\/\/www.arty-nails.org\/web_shop\/?post_type=product&#038;p=44124"},"modified":"2026-02-02T09:24:42","modified_gmt":"2026-02-02T08:24:42","slug":"arty-nails-white-angel-shimmer-base-2-0-formula-10-ml-hema-di-hema-tpo-free-gradivna-baza","status":"publish","type":"product","link":"https:\/\/www.arty-nails.org\/web_shop\/proizvod\/arty-nails-white-angel-shimmer-base-2-0-formula-10-ml-hema-di-hema-tpo-free-gradivna-baza\/","title":{"rendered":"ARTY NAILS WHITE ANGEL SHIMMER RUBBER BASE  2.0. FORMULA 10 ml (Hema, Di-Hema, TPO free) gradivna baza"},"content":{"rendered":"<p>Nova formula HEMA, DI HEMA I TPO FREE elasti\u010dne cover baze u vi\u0161e nijansi za gradivni trajni lak.<\/p>\n<p>Ove baze su 100% hipoalergene, nova generacija trajnih lakova, zdravstveno ispitanih. Ovo je jo\u0161 bolja nova formula 2.0<\/p>\n<p>Napokon radite nokte bez muke i bez straha i za vas i va\u0161e klijente. By by alergijama, ekcemima i o\u0161te\u0107enjima. Napokon pravi trajni lak za lagan dodir i super o\u010duvane\u00a0 nokte.<\/p>\n<p>SVOJSTVA:<\/p>\n<ul>\n<li data-mce-word-list=\"1\">pove\u0107ana elasti\u010dnost<\/li>\n<li data-mce-word-list=\"1\">samoniveliraju\u0107a<\/li>\n<li data-mce-word-list=\"1\">savr\u0161eno oblikuje jako tanke nokte<\/li>\n<li data-mce-word-list=\"1\">dozvoljava rad s raznim tehnikama, slojevito, samoniveliraju\u0107e i produljivanje samog vrha<\/li>\n<li data-mce-word-list=\"1\">topiva formula<\/li>\n<li data-mce-word-list=\"1\">nevjerojatna \u010dvrsto\u0107a i dugotrajnost<\/li>\n<\/ul>\n<p>Ova baza mo\u017ee se nanositi kako je navedeno ili u jednom sloju, u dva sloja kao gradivna baza, mo\u017ee se nanositi i na gel za postizanje prirodne boje te kao baza za poravnavanje neravnih noktiju. Za baze kao podlogu obvezno koristiti Dehidrator i Bond X kao podlogu za veliku dugotrajnost i za\u0161titu nokta.<\/p>\n","protected":false},"excerpt":{"rendered":"<ul>\n<li>HEMA, DI-Hema i Tpo free<\/li>\n<li>100% hipoalergena formula<\/li>\n<li>elasti\u010dnost, \u010dvrsto\u0107a\u00a0 i dugotrajnost<\/li>\n<li>samonivelacija<\/li>\n<li>brzo otapanje<\/li>\n<\/ul>\n","protected":false},"featured_media":44125,"comment_status":"closed","ping_status":"closed","template":"","meta":[],"product_brand":[55],"product_cat":[207,251],"product_tag":[],"class_list":{"0":"post-44124","1":"product","2":"type-product","3":"status-publish","4":"has-post-thumbnail","6":"product_brand-arty-nails","7":"product_cat-arty-nails-baze-za-trajni-lak","8":"product_cat-baze-za-trajni-lak-arty-nails","10":"first","11":"instock","12":"shipping-taxable","13":"purchasable","14":"product-type-simple"},"_links":{"self":[{"href":"https:\/\/www.arty-nails.org\/web_shop\/wp-json\/wp\/v2\/product\/44124","targetHints":{"allow":["GET"]}}],"collection":[{"href":"https:\/\/www.arty-nails.org\/web_shop\/wp-json\/wp\/v2\/product"}],"about":[{"href":"https:\/\/www.arty-nails.org\/web_shop\/wp-json\/wp\/v2\/types\/product"}],"replies":[{"embeddable":true,"href":"https:\/\/www.arty-nails.org\/web_shop\/wp-json\/wp\/v2\/comments?post=44124"}],"wp:featuredmedia":[{"embeddable":true,"href":"https:\/\/www.arty-nails.org\/web_shop\/wp-json\/wp\/v2\/media\/44125"}],"wp:attachment":[{"href":"https:\/\/www.arty-nails.org\/web_shop\/wp-json\/wp\/v2\/media?parent=44124"}],"wp:term":[{"taxonomy":"product_brand","embeddable":true,"href":"https:\/\/www.arty-nails.org\/web_shop\/wp-json\/wp\/v2\/product_brand?post=44124"},{"taxonomy":"product_cat","embeddable":true,"href":"https:\/\/www.arty-nails.org\/web_shop\/wp-json\/wp\/v2\/product_cat?post=44124"},{"taxonomy":"product_tag","embeddable":true,"href":"https:\/\/www.arty-nails.org\/web_shop\/wp-json\/wp\/v2\/product_tag?post=44124"}],"curies":[{"name":"wp","href":"https:\/\/api.w.org\/{rel}","templated":true}]}}